{"id":480665,"date":"2025-05-31T22:02:20","date_gmt":"2025-05-31T20:02:20","guid":{"rendered":"https:\/\/lucacastelli.com\/prodotto\/stihl-asa-20-sans-batterie-ni-chargeur\/"},"modified":"2026-03-22T20:44:31","modified_gmt":"2026-03-22T19:44:31","slug":"stihl-asa-20-sans-batterie-ni-chargeur","status":"publish","type":"product","link":"https:\/\/lucacastelli.com\/fr\/produit\/stihl-asa-20-sans-batterie-ni-chargeur\/","title":{"rendered":"STIHL ASA 20, sans batterie ni chargeur"},"content":{"rendered":"<p>S\u00c9CATEUR SANS FIL \u00c0 USAGE PROFESSIONNEL<br \/>\nPar rapport aux s\u00e9cateurs conventionnels, le s\u00e9cateur sans fil STIHL ASA 20 offre un soulagement consid\u00e9rable dans les travaux de coupe tels que l\u2019entretien des arbres, des arbustes, des arbustes, des plantes ornementales et des vignes &#8211; \u00e0 la maison et dans le jardin, ainsi que lors des travaux dans les vergers ou les vignobles. Aliment\u00e9 par une batterie du syst\u00e8me STIHL AS, il a des lames tranchantes durables, n\u00e9cessite peu d\u2019entretien et est facile \u00e0 utiliser. De plus, vous devez utiliser beaucoup moins de force lorsque vous travaillez gr\u00e2ce au support de batterie. Un autre avantage est la pr\u00e9cision des r\u00e9sultats de coupe. Excellente ergonomie et \u00e9quilibre avec un faible poids.    <\/p>\n<p>Caract\u00e9ristiques techniques de l\u2019ASA 20<\/p>\n<p>syst\u00e8me de batterie AS<br \/>\nDiam\u00e8tre maximal de la branche<br \/>\nde coupe<br \/>\n25 mm<br \/>\nCoupes par charge de batterie(2) jusqu\u2019\u00e0 2 000<br \/>\nLargeur d\u2019ouverture de la lame<br \/>\n de scie [mm]<br \/>\n25 \/ 19<br \/>\nPoids de la batterie incl. \/ excl. [g] 980 \/ 760<br \/>\ntension nominale [V] 10.8<br \/>\nLongueur totale [cm](1) 32.4<br \/>\ncoupe progressive oui<br \/>\nAffichage oui  <\/p>\n","protected":false},"excerpt":{"rendered":"<p>S\u00c9CATEUR SANS FIL \u00c0 USAGE PROFESSIONNEL Par rapport aux s\u00e9cateurs conventionnels, le s\u00e9cateur sans fil STIHL ASA 20 offre un<\/p>\n","protected":false},"featured_media":436146,"template":"","meta":{"_seopress_robots_primary_cat":"none","_seopress_titles_title":"","_seopress_titles_desc":"","_seopress_robots_index":""},"product_brand":[3366],"product_cat":[29],"product_tag":[3265],"class_list":{"0":"post-480665","1":"product","2":"type-product","3":"status-publish","4":"has-post-thumbnail","6":"product_brand-stihl","7":"product_cat-macchinari","8":"product_tag-import-stihl","9":"sws-gruppo-macchinari-fr","10":"sws-conto-ricavi-merci-rivendita-macchinari-fr","11":"sws-gruppo-iva-iva81-fr","13":"first","14":"onbackorder","15":"purchasable","16":"product-type-simple"},"_links":{"self":[{"href":"https:\/\/lucacastelli.com\/fr\/wp-json\/wp\/v2\/product\/480665","targetHints":{"allow":["GET"]}}],"collection":[{"href":"https:\/\/lucacastelli.com\/fr\/wp-json\/wp\/v2\/product"}],"about":[{"href":"https:\/\/lucacastelli.com\/fr\/wp-json\/wp\/v2\/types\/product"}],"wp:featuredmedia":[{"embeddable":true,"href":"https:\/\/lucacastelli.com\/fr\/wp-json\/wp\/v2\/media\/436146"}],"wp:attachment":[{"href":"https:\/\/lucacastelli.com\/fr\/wp-json\/wp\/v2\/media?parent=480665"}],"wp:term":[{"taxonomy":"product_brand","embeddable":true,"href":"https:\/\/lucacastelli.com\/fr\/wp-json\/wp\/v2\/product_brand?post=480665"},{"taxonomy":"product_cat","embeddable":true,"href":"https:\/\/lucacastelli.com\/fr\/wp-json\/wp\/v2\/product_cat?post=480665"},{"taxonomy":"product_tag","embeddable":true,"href":"https:\/\/lucacastelli.com\/fr\/wp-json\/wp\/v2\/product_tag?post=480665"}],"curies":[{"name":"wp","href":"https:\/\/api.w.org\/{rel}","templated":true}]}}