{"id":480663,"date":"2025-05-31T22:02:06","date_gmt":"2025-05-31T20:02:06","guid":{"rendered":"https:\/\/lucacastelli.com\/prodotto\/stihl-sea-60-l-sans-batterie-ni-chargeur\/"},"modified":"2026-02-23T16:38:03","modified_gmt":"2026-02-23T15:38:03","slug":"stihl-sea-60-l-sans-batterie-ni-chargeur","status":"publish","type":"product","link":"https:\/\/lucacastelli.com\/fr\/produit\/stihl-sea-60-l-sans-batterie-ni-chargeur\/","title":{"rendered":"STIHL SEA 60 L, sans batterie ni chargeur"},"content":{"rendered":"<p>L\u2019aspirateur sans fil STIHL SEA 60 L pour eaux et poussi\u00e8res solides combine une puissance d\u2019aspiration \u00e9lev\u00e9e avec une manipulation flexible. Il convient au nettoyage mobile sans raccordement au r\u00e9seau \u00e0 la maison, au nettoyage int\u00e9rieur des v\u00e9hicules et \u00e0 une utilisation semi-professionnelle, par exemple dans l\u2019artisanat. Le STIHL SEA 60 L fonctionne avec des batteries lithium-ion ; strongsystem STIHL AK\/strong.\/ppAvec la certification pour la classe de poussi\u00e8re L, le SEA 60 L est id\u00e9al pour enlever des mat\u00e9riaux tels que le pl\u00e2tre ou le sable dans les ateliers ou lors de travaux de r\u00e9novation. L\u2019\u00e9l\u00e9ment filtrant solide en PET\/strongnbsp ; Il peut \u00eatre facilement lav\u00e9 et r\u00e9utilis\u00e9 apr\u00e8s plusieurs utilisations.\/PP Le grand interrupteur marche\/arr\u00eat est facilement accessible et actionn\u00e9 \u00e0 partir de diff\u00e9rentes positions. Via l\u2019interrupteur d\u2019alimentation, vous pouvez basculer entre 2 niveaux de puissance. Pour les sols lisses, le niveau 1 est g\u00e9n\u00e9ralement suffisant, ce qui offre pr\u00e8s de deux fois plus d\u2019autonomie de la batterie. Pour les salissures tenaces, le niveau 2 avec une puissance d\u2019aspiration \u00e9lev\u00e9e convient.\/ppLa buse universelle et les suceurs plats sont facilement accessibles sur votre STIHL SEA 60 L, ce qui vous permet de passer rapidement et facilement d\u2019une application \u00e0 l\u2019autre. Avec le tuyau d\u2019aspiration de 2,2 m de long et le tuyau d\u2019aspiration en 2 parties, vous pouvez atteindre m\u00eame les coins les plus difficiles.<br \/>\n886661036462<\/p>\n<p>Tension nominale 36<br \/>\nConsommation \u00e9lectrique Consommation \u00e9lectrique<\/p>\n<p>Syst\u00e8me de batterie Syst\u00e8me de<br \/>\nbatterie Batterie recommand\u00e9e AK 20<br \/>\nPoids de l\u2019appareil 7,5<\/p>\n<table data-test-id=\"pdp-spec-tech-table\">\n<tbody>\n<tr>\n<td>Tension nominale<\/td>\n<td>36 V<\/td>\n<\/tr>\n<tr>\n<td>Entr\u00e9e<\/td>\n<td>450 W<\/td>\n<\/tr>\n<tr>\nSyst\u00e8me <\/p>\n<td>de batterie<\/td>\n<td>AK<\/td>\n<\/tr>\n<tr>\n<td>Batterie recommand\u00e9e<\/td>\n<td>AK 20<\/td>\n<\/tr>\n<tr>\n<td>Poids<\/td>\n<td>7,5 kg<\/td>\n<\/tr>\n<tr>\n<td>Vide max. \u00e0 l\u2019extr\u00e9mit\u00e9 du tube<\/td>\n<td>180 mbar<\/td>\n<\/tr>\n<tr>\n<td>D\u00e9bit volumique<\/td>\n<td>1800 l\/min<\/td>\n<\/tr>\n<tr>\n<td>Volume du conteneur<\/td>\n<td>12 l<\/td>\n<\/tr>\n<tr>\n<td>Diam\u00e8tre int\u00e9rieur du tuyau<\/td>\n<p> d\u2019aspiration <\/p>\n<td>32 millim\u00e8tre<\/td>\n<\/tr>\n<tr>\n<td>Indice IP<\/td>\n<td>Norme IPX4<\/td>\n<\/tr>\n<tr>\n<td>Autonomie de la batterie avec AK 20<\/td>\n<td>0 \u00e0 20 minutes<\/td>\n<\/tr>\n<tr>\n<td>Hauteur de l\u2019appareil<\/td>\n<td>452 millim\u00e8tre<\/td>\n<\/tr>\n<tr>\n<td>Largeur de<\/td>\n<p> l\u2019appareil<\/p>\n<td>350 millim\u00e8tre<\/td>\n<\/tr>\n<tr>\n<td>Profondeur<\/td>\n<td>441 millim\u00e8tre<\/td>\n<\/tr>\n<tr>\nLongueur maximale <\/p>\n<td>du tuyau d\u2019aspiration<\/td>\n<td>2,2 millions d\u2019m\u00e8tres<\/td>\n<\/tr>\n<tr>\nNiveau <\/p>\n<td>de pression acoustique<\/td>\n<td>68 dB(A)<\/td>\n<\/tr>\n<\/tbody>\n<\/table>\n","protected":false},"excerpt":{"rendered":"<p>L\u2019aspirateur sans fil STIHL SEA 60 L pour eaux et poussi\u00e8res solides combine une puissance d\u2019aspiration \u00e9lev\u00e9e avec une manipulation<\/p>\n","protected":false},"featured_media":436529,"template":"","meta":{"_seopress_robots_primary_cat":"none","_seopress_titles_title":"","_seopress_titles_desc":"","_seopress_robots_index":""},"product_brand":[3366],"product_cat":[29,514,517],"product_tag":[3265],"class_list":{"0":"post-480663","1":"product","2":"type-product","3":"status-publish","4":"has-post-thumbnail","6":"product_brand-stihl","7":"product_cat-macchinari","8":"product_cat-altri-dispositivi","9":"product_cat-aspiratori-per-la-pulizia","10":"product_tag-import-stihl","11":"sws-gruppo-macchinari-fr","12":"sws-conto-ricavi-merci-rivendita-macchinari-fr","13":"sws-gruppo-iva-iva81-fr","15":"first","16":"onbackorder","17":"purchasable","18":"product-type-simple"},"_links":{"self":[{"href":"https:\/\/lucacastelli.com\/fr\/wp-json\/wp\/v2\/product\/480663","targetHints":{"allow":["GET"]}}],"collection":[{"href":"https:\/\/lucacastelli.com\/fr\/wp-json\/wp\/v2\/product"}],"about":[{"href":"https:\/\/lucacastelli.com\/fr\/wp-json\/wp\/v2\/types\/product"}],"wp:featuredmedia":[{"embeddable":true,"href":"https:\/\/lucacastelli.com\/fr\/wp-json\/wp\/v2\/media\/436529"}],"wp:attachment":[{"href":"https:\/\/lucacastelli.com\/fr\/wp-json\/wp\/v2\/media?parent=480663"}],"wp:term":[{"taxonomy":"product_brand","embeddable":true,"href":"https:\/\/lucacastelli.com\/fr\/wp-json\/wp\/v2\/product_brand?post=480663"},{"taxonomy":"product_cat","embeddable":true,"href":"https:\/\/lucacastelli.com\/fr\/wp-json\/wp\/v2\/product_cat?post=480663"},{"taxonomy":"product_tag","embeddable":true,"href":"https:\/\/lucacastelli.com\/fr\/wp-json\/wp\/v2\/product_tag?post=480663"}],"curies":[{"name":"wp","href":"https:\/\/api.w.org\/{rel}","templated":true}]}}