{"id":480656,"date":"2025-05-31T22:01:45","date_gmt":"2025-05-31T20:01:45","guid":{"rendered":"https:\/\/lucacastelli.com\/prodotto\/stihl-bga-300-sans-batterie-ni-chargeur\/"},"modified":"2025-05-31T22:01:45","modified_gmt":"2025-05-31T20:01:45","slug":"stihl-bga-300-sans-batterie-ni-chargeur","status":"publish","type":"product","link":"https:\/\/lucacastelli.com\/fr\/produit\/stihl-bga-300-sans-batterie-ni-chargeur\/","title":{"rendered":"STIHL BGA 300, sans batterie ni chargeur"},"content":{"rendered":"<p>Lorsque les communes et les paysagistes effectuent des travaux de nettoyage dans des zones sensibles au bruit, le niveau sonore de l\u2019appareil utilis\u00e9 est un facteur essentiel pour l\u2019environnement environnant. C\u2019est pourquoi, avec le souffleur sans fil dorsal STIHL BGA 300, nous avons consid\u00e9rablement r\u00e9duit les \u00e9missions sonores pour les r\u00e9sidents et les passants gr\u00e2ce au nouveau syst\u00e8me de r\u00e9duction du bruit STIHL. De plus, la r\u00e9duction de certaines fr\u00e9quences cr\u00e9e un son plus agr\u00e9able. Dans le m\u00eame temps, les performances de nettoyage sont particuli\u00e8rement \u00e9lev\u00e9es gr\u00e2ce \u00e0 la vitesse maximale de l\u2019air de 86 m\/s. De cette fa\u00e7on, vous pouvez rapidement souffler m\u00eame les feuilles lourdes et humides, en nettoyant efficacement les parcs, les pelouses, les chemins et les routes.\/ppPour une gestion optimale de l\u2019\u00e9nergie, vous pouvez r\u00e9gler la puissance de soufflage via la poign\u00e9e de commande avec indicateur LED sur 4 niveaux de puissance pr\u00e9d\u00e9finis (niveau 1 &#8211; 3 et boost permanent) en fonction de vos besoins de nettoyage. Le tube de soufflage rapidement r\u00e9glable du souffleur sans fil STIHL BGA 300 peut \u00eatre raccourci en un rien de temps dans les espaces restreints, puis allong\u00e9 tout aussi rapidement. L\u2019efficacit\u00e9 du travail est \u00e9galement renforc\u00e9e par la conception compacte du ventilateur sans fil STIHL BGA 300, car il n\u00e9cessite le moins d\u2019espace possible lors des d\u00e9placements, par exemple lors du nettoyage entre les voitures gar\u00e9es.\/ppGr\u00e2ce au syst\u00e8me de transport ergonomique avec bretelles et ceinture confortables, ainsi qu\u2019au centre de gravit\u00e9 pr\u00e8s du corps de la batterie du sac \u00e0 dos STIHL AR L, le poids est r\u00e9parti de mani\u00e8re optimale. Pour des dur\u00e9es de fonctionnement plus longues et une puissance de soufflage maximale, lanbsp est recommand\u00e9&nbsp;; batterie puissante \u00e0 Zainonbsp&nbsp;; STIHL AR 3000 L\/fort. Pour un poids r\u00e9duit, vous pouvez \u00e9quiper en option votre souffleur de l\u2019adaptateur de compartiment \u00e0 piles doubles STIHL ADA 1000 et utiliser jusqu\u2019\u00e0 2 piles du syst\u00e8me STIHL AP. De cette fa\u00e7on, vous pouvez \u00e9conomiser du poids lors de longues utilisations. De plus, ce souffleur est pr\u00e9par\u00e9 pour le travail connect\u00e9 via STIHL connect\u00e9 gr\u00e2ce \u00e0 alnbsp ; strongSmart Connector 2 A.\/strong\/ppTous les appareils aliment\u00e9s par batterie delnbsp&nbsp;; strongsystem STIHL AP\/strongnbsp&nbsp;; Ils sont con\u00e7us pour les utilisateurs professionnels et pour un usage quotidien, m\u00eame dans des conditions m\u00e9t\u00e9orologiques d\u00e9favorables. Par cons\u00e9quent, ils ont une protection test\u00e9e contre les \u00e9claboussures. L\u2019efficacit\u00e9 est prouv\u00e9e par des tests internes rigoureux. Le test de protection contre les \u00e9claboussures d\u2019eau est bas\u00e9, entre autres, sur la norme IPX4.\/p<br \/>\n886661113873<\/p>\n<p>Tension nominale 36<br \/>\nSyst\u00e8me de batterie Syst\u00e8me de batterie<\/p>\n<p>Poids de l\u2019appareil Poids<br \/>\nde l\u2019appareil Indice IP IPX4<br \/>\nVitesse de l\u2019air max. avec buse ronde 86,0<\/p>\n","protected":false},"excerpt":{"rendered":"<p>Lorsque les communes et les paysagistes effectuent des travaux de nettoyage dans des zones sensibles au bruit, le niveau sonore<\/p>\n","protected":false},"featured_media":436460,"template":"","meta":{"_seopress_robots_primary_cat":"","_seopress_titles_title":"","_seopress_titles_desc":"","_seopress_robots_index":""},"product_brand":[3555],"product_cat":[167,1643,1651],"product_tag":[3267],"class_list":{"0":"post-480656","1":"product","2":"type-product","3":"status-publish","4":"has-post-thumbnail","6":"product_brand-stihl-fr","7":"product_cat-machines","8":"product_cat-souffleurs-et-aspirateurs","9":"product_cat-souffleurs-a-batterie","10":"product_tag-import-stihl-fr","11":"sws-gruppo-macchinari-fr","12":"sws-conto-ricavi-merci-rivendita-macchinari-fr","13":"sws-gruppo-iva-iva81-fr","15":"first","16":"onbackorder","17":"purchasable","18":"product-type-simple"},"_links":{"self":[{"href":"https:\/\/lucacastelli.com\/fr\/wp-json\/wp\/v2\/product\/480656","targetHints":{"allow":["GET"]}}],"collection":[{"href":"https:\/\/lucacastelli.com\/fr\/wp-json\/wp\/v2\/product"}],"about":[{"href":"https:\/\/lucacastelli.com\/fr\/wp-json\/wp\/v2\/types\/product"}],"wp:featuredmedia":[{"embeddable":true,"href":"https:\/\/lucacastelli.com\/fr\/wp-json\/wp\/v2\/media\/436460"}],"wp:attachment":[{"href":"https:\/\/lucacastelli.com\/fr\/wp-json\/wp\/v2\/media?parent=480656"}],"wp:term":[{"taxonomy":"product_brand","embeddable":true,"href":"https:\/\/lucacastelli.com\/fr\/wp-json\/wp\/v2\/product_brand?post=480656"},{"taxonomy":"product_cat","embeddable":true,"href":"https:\/\/lucacastelli.com\/fr\/wp-json\/wp\/v2\/product_cat?post=480656"},{"taxonomy":"product_tag","embeddable":true,"href":"https:\/\/lucacastelli.com\/fr\/wp-json\/wp\/v2\/product_tag?post=480656"}],"curies":[{"name":"wp","href":"https:\/\/api.w.org\/{rel}","templated":true}]}}