{"id":480653,"date":"2025-05-31T22:01:44","date_gmt":"2025-05-31T20:01:44","guid":{"rendered":"https:\/\/lucacastelli.com\/prodotto\/stihl-kma-200-r-sans-batterie-ni-chargeur\/"},"modified":"2025-05-31T22:01:44","modified_gmt":"2025-05-31T20:01:44","slug":"stihl-kma-200-r-sans-batterie-ni-chargeur","status":"publish","type":"product","link":"https:\/\/lucacastelli.com\/fr\/produit\/stihl-kma-200-r-sans-batterie-ni-chargeur\/","title":{"rendered":"STIHL KMA 200 R, sans batterie ni chargeur"},"content":{"rendered":"<p>pLe moteur Kombi aliment\u00e9 par batterie KMAnbsp ; 200 nbsp&nbsp;; R morenbsp&nbsp;; STIHL est le compagnon dinbsp&nbsp;; travail parfait pour giardinierinbsp&nbsp;; paysagistes, gardiens et utilisateurs priv\u00e9s avec jardins grandinbsp&nbsp;; taille. Le nouvel outil Kombinbsp ; FSS-KM avec t\u00eate de coupe et rayon dinbsp&nbsp;; tontenbsp&nbsp;; Ampliatonbsp&nbsp;; Repr\u00e9sente l\u2019ILNBSP&nbsp;; ach\u00e8vement parfaitnbsp&nbsp;; du nbsp actuel ; gamme d\u2019outils Kombi pour tondre les pelouses, d\u00e9liger, tailler les haies ou nettoyer les surfaces&nbsp;; Levier de commande ergonomique avec s\u00e9lection de la vitesse \u00e0 trois niveaux et affichage LED, r\u00e9glage de la vitesse en continu, poign\u00e9e circulaire, filtre \u00e0 air pour une longue dur\u00e9e de vie. Compatible avec STIHL Smart Connector 2 A dans le corps 795711991722.<\/p>\n<p>Tension nominale 36<br \/>\nSyst\u00e8me de batterie Syst\u00e8me de batterie<\/p>\n<p>Poids de l\u2019appareil Poids de l\u2019appareil<br \/>\nLongueur jusqu\u2019au manchon d\u2019embrayage 94<\/p>\n","protected":false},"excerpt":{"rendered":"<p>pLe moteur Kombi aliment\u00e9 par batterie KMAnbsp ; 200 nbsp&nbsp;; R morenbsp&nbsp;; STIHL est le compagnon dinbsp&nbsp;; travail parfait pour<\/p>\n","protected":false},"featured_media":436447,"template":"","meta":{"_seopress_robots_primary_cat":"","_seopress_titles_title":"","_seopress_titles_desc":"","_seopress_robots_index":""},"product_brand":[3366],"product_cat":[29,296],"product_tag":[3265],"class_list":{"0":"post-480653","1":"product","2":"type-product","3":"status-publish","4":"has-post-thumbnail","6":"product_brand-stihl","7":"product_cat-macchinari","8":"product_cat-sistemi-kombi-e-multi","9":"product_tag-import-stihl","10":"sws-gruppo-macchinari-fr","11":"sws-conto-ricavi-merci-rivendita-macchinari-fr","12":"sws-gruppo-iva-iva81-fr","14":"first","15":"onbackorder","16":"purchasable","17":"product-type-simple"},"_links":{"self":[{"href":"https:\/\/lucacastelli.com\/fr\/wp-json\/wp\/v2\/product\/480653","targetHints":{"allow":["GET"]}}],"collection":[{"href":"https:\/\/lucacastelli.com\/fr\/wp-json\/wp\/v2\/product"}],"about":[{"href":"https:\/\/lucacastelli.com\/fr\/wp-json\/wp\/v2\/types\/product"}],"wp:featuredmedia":[{"embeddable":true,"href":"https:\/\/lucacastelli.com\/fr\/wp-json\/wp\/v2\/media\/436447"}],"wp:attachment":[{"href":"https:\/\/lucacastelli.com\/fr\/wp-json\/wp\/v2\/media?parent=480653"}],"wp:term":[{"taxonomy":"product_brand","embeddable":true,"href":"https:\/\/lucacastelli.com\/fr\/wp-json\/wp\/v2\/product_brand?post=480653"},{"taxonomy":"product_cat","embeddable":true,"href":"https:\/\/lucacastelli.com\/fr\/wp-json\/wp\/v2\/product_cat?post=480653"},{"taxonomy":"product_tag","embeddable":true,"href":"https:\/\/lucacastelli.com\/fr\/wp-json\/wp\/v2\/product_tag?post=480653"}],"curies":[{"name":"wp","href":"https:\/\/api.w.org\/{rel}","templated":true}]}}