{"id":480650,"date":"2025-05-31T22:01:11","date_gmt":"2025-05-31T20:01:11","guid":{"rendered":"https:\/\/lucacastelli.com\/prodotto\/stihl-ensembles-rca-20\/"},"modified":"2025-05-31T22:01:11","modified_gmt":"2025-05-31T20:01:11","slug":"stihl-ensembles-rca-20","status":"publish","type":"product","link":"https:\/\/lucacastelli.com\/fr\/produit\/stihl-ensembles-rca-20\/","title":{"rendered":"STIHL Ensembles RCA 20"},"content":{"rendered":"<p>Le nettoyeur haute pression sans fil STIHL RCA 20 est id\u00e9al pour des travaux de nettoyage rapides et approfondis. Gr\u00e2ce \u00e0 sa conception compacte et l\u00e9g\u00e8re, il est parfait pour nettoyer les meubles de jardin, les outils ou les v\u00e9los. Gr\u00e2ce au tuyau d\u2019aspiration fourni, le RCA 20 peut \u00e9galement \u00eatre utilis\u00e9 sans raccord d\u2019eau fixe. br \/br \/Avec une pression maximale de 24 bars, le STIHL RCA 20 de STIHL est parfait pour les petits travaux de nettoyage autour de la maison et dans le giardino.br \/br \/Enti\u00e8rement \u00e9quip\u00e9 d\u2019une buse 4 en 1, d\u2019un tuyau de jet, d\u2019un tuyau d\u2019aspiration, d\u2019un r\u00e9servoir d\u2019eau, d\u2019un kit de pulv\u00e9risation et d\u2019un sac.\/p<br \/>\n886661045761<\/p>\n<p>Tension nominale 11<br \/>\nSyst\u00e8me de batterie Syst\u00e8me de batterie<\/p>\n<p>Batterie recommand\u00e9e Batterie recommand\u00e9e Poids de<br \/>\nl\u2019appareil 1,3<br \/>\nPoids de l\u2019appareil 2,8<\/p>\n","protected":false},"excerpt":{"rendered":"<p>Le nettoyeur haute pression sans fil STIHL RCA 20 est id\u00e9al pour des travaux de nettoyage rapides et approfondis. Gr\u00e2ce<\/p>\n","protected":false},"featured_media":436437,"template":"","meta":{"_seopress_robots_primary_cat":"","_seopress_titles_title":"","_seopress_titles_desc":"","_seopress_robots_index":""},"product_brand":[3366],"product_cat":[29,514,519],"product_tag":[3265],"class_list":{"0":"post-480650","1":"product","2":"type-product","3":"status-publish","4":"has-post-thumbnail","6":"product_brand-stihl","7":"product_cat-macchinari","8":"product_cat-altri-dispositivi","9":"product_cat-idropulitrici","10":"product_tag-import-stihl","11":"sws-gruppo-macchinari-fr","12":"sws-conto-ricavi-merci-rivendita-macchinari-fr","13":"sws-gruppo-iva-iva81-fr","15":"first","16":"onbackorder","17":"purchasable","18":"product-type-simple"},"_links":{"self":[{"href":"https:\/\/lucacastelli.com\/fr\/wp-json\/wp\/v2\/product\/480650","targetHints":{"allow":["GET"]}}],"collection":[{"href":"https:\/\/lucacastelli.com\/fr\/wp-json\/wp\/v2\/product"}],"about":[{"href":"https:\/\/lucacastelli.com\/fr\/wp-json\/wp\/v2\/types\/product"}],"wp:featuredmedia":[{"embeddable":true,"href":"https:\/\/lucacastelli.com\/fr\/wp-json\/wp\/v2\/media\/436437"}],"wp:attachment":[{"href":"https:\/\/lucacastelli.com\/fr\/wp-json\/wp\/v2\/media?parent=480650"}],"wp:term":[{"taxonomy":"product_brand","embeddable":true,"href":"https:\/\/lucacastelli.com\/fr\/wp-json\/wp\/v2\/product_brand?post=480650"},{"taxonomy":"product_cat","embeddable":true,"href":"https:\/\/lucacastelli.com\/fr\/wp-json\/wp\/v2\/product_cat?post=480650"},{"taxonomy":"product_tag","embeddable":true,"href":"https:\/\/lucacastelli.com\/fr\/wp-json\/wp\/v2\/product_tag?post=480650"}],"curies":[{"name":"wp","href":"https:\/\/api.w.org\/{rel}","templated":true}]}}