{"id":480639,"date":"2025-05-31T22:01:08","date_gmt":"2025-05-31T20:01:08","guid":{"rendered":"https:\/\/lucacastelli.com\/prodotto\/stihl-sha-140-sans-courant-alternatif-ni-chargeur\/"},"modified":"2025-11-04T20:33:58","modified_gmt":"2025-11-04T19:33:58","slug":"stihl-sha-140-sans-courant-alternatif-ni-chargeur","status":"publish","type":"product","link":"https:\/\/lucacastelli.com\/fr\/produit\/stihl-sha-140-sans-courant-alternatif-ni-chargeur\/","title":{"rendered":"STIHL SHA 140, sans courant alternatif ni chargeur"},"content":{"rendered":"<p>Il est id\u00e9al pour les professionnels du paysage, les entreprises municipales et les services de nettoyage. Il permet, par exemple, d\u2019aspirer efficacement les feuilles mortes, les d\u00e9chets de tonte ou de taille de haie pour ensuite les \u00e9craser directement dans la machine. Il est \u00e9galement extr\u00eamement silencieux, ce qui vous permet d\u2019effectuer vos travaux de nettoyage sans porter de protection auditive. Gr\u00e2ce \u00e0 la g\u00e2chette de commande variable, vous pouvez ajuster en continu la puissance d\u2019aspiration en fonction de la t\u00e2che \u00e0 accomplir. Fonction Boost, que vous pouvez facilement activer via la g\u00e2chette de commande et qui vous offre une potenza.br maximale \/br \/Le mat\u00e9riau broy\u00e9 est stock\u00e9 directement dans le sac de collecte d\u2019un volume de 55 l. Le sac peut alors \u00eatre retir\u00e9 tr\u00e8s facilement sans outils \u00e0 vider. Les boucles m\u00e9talliques robustes et durables facilitent l\u2019ouverture et chiusura.br syst\u00e8me de gestion du d\u00e9bit d\u2019air \/br \/ STIHL offre une puissance d\u2019aspiration \u00e9lev\u00e9e et constante, peu importe \u00e0 quel point le sac de collecte est plein et sale.<br \/>\n886661672844<\/p>\n<p>Tension nominale 36<br \/>\nSyst\u00e8me de batterie Syst\u00e8me de batterie<\/p>\n<p>Batterie recommand\u00e9e Batterie recommand\u00e9e<br \/>\nPoids de l\u2019appareil 5,1<br \/>\nRapport de d\u00e9chiquetage 1:14<\/p>\n","protected":false},"excerpt":{"rendered":"<p>Il est id\u00e9al pour les professionnels du paysage, les entreprises municipales et les services de nettoyage. Il permet, par exemple,<\/p>\n","protected":false},"featured_media":436411,"template":"","meta":{"_seopress_robots_primary_cat":"","_seopress_titles_title":"","_seopress_titles_desc":"","_seopress_robots_index":""},"product_brand":[3366],"product_cat":[29,514,517,485],"product_tag":[3265],"class_list":{"0":"post-480639","1":"product","2":"type-product","3":"status-publish","4":"has-post-thumbnail","6":"product_brand-stihl","7":"product_cat-macchinari","8":"product_cat-altri-dispositivi","9":"product_cat-aspiratori-per-la-pulizia","10":"product_cat-soffiatori-e-aspiratori","11":"product_tag-import-stihl","12":"sws-gruppo-macchinari","13":"sws-conto-ricavi-merci-rivendita-macchinari","14":"sws-gruppo-iva-iva81","16":"first","17":"onbackorder","18":"purchasable","19":"product-type-simple"},"_links":{"self":[{"href":"https:\/\/lucacastelli.com\/fr\/wp-json\/wp\/v2\/product\/480639","targetHints":{"allow":["GET"]}}],"collection":[{"href":"https:\/\/lucacastelli.com\/fr\/wp-json\/wp\/v2\/product"}],"about":[{"href":"https:\/\/lucacastelli.com\/fr\/wp-json\/wp\/v2\/types\/product"}],"wp:featuredmedia":[{"embeddable":true,"href":"https:\/\/lucacastelli.com\/fr\/wp-json\/wp\/v2\/media\/436411"}],"wp:attachment":[{"href":"https:\/\/lucacastelli.com\/fr\/wp-json\/wp\/v2\/media?parent=480639"}],"wp:term":[{"taxonomy":"product_brand","embeddable":true,"href":"https:\/\/lucacastelli.com\/fr\/wp-json\/wp\/v2\/product_brand?post=480639"},{"taxonomy":"product_cat","embeddable":true,"href":"https:\/\/lucacastelli.com\/fr\/wp-json\/wp\/v2\/product_cat?post=480639"},{"taxonomy":"product_tag","embeddable":true,"href":"https:\/\/lucacastelli.com\/fr\/wp-json\/wp\/v2\/product_tag?post=480639"}],"curies":[{"name":"wp","href":"https:\/\/api.w.org\/{rel}","templated":true}]}}