{"id":480637,"date":"2025-05-31T21:59:57","date_gmt":"2025-05-31T19:59:57","guid":{"rendered":"https:\/\/lucacastelli.com\/prodotto\/stihl-rea-100-plus-sans-batterie-ni-chargeur\/"},"modified":"2025-08-11T19:37:28","modified_gmt":"2025-08-11T17:37:28","slug":"stihl-rea-100-plus-sans-batterie-ni-chargeur","status":"publish","type":"product","link":"https:\/\/lucacastelli.com\/fr\/produit\/stihl-rea-100-plus-sans-batterie-ni-chargeur\/","title":{"rendered":"STIHL REA 100 PLUS, sans batterie ni chargeur"},"content":{"rendered":"<p>Le nettoyeur haute pression sans fil STIHL REA 100 PLUS est un outil l\u00e9ger et portable qui est id\u00e9al pour les travaux de nettoyage dans les zones sans raccordement \u00e9lectrique ou d\u2019eau, ainsi que pour un usage domestique et de jardin. Que ce soit dans le jardin avec pergola, en camping ou \u00e0 la maison, ce nettoyeur haute pression sans fil vous permet d\u2019effectuer efficacement une vari\u00e9t\u00e9 de travaux de nettoyage. Il est parfait pour nettoyer facilement les terrasses, les escaliers et les meubles de jardin. Le STIHL REA 100 PLUS offre une mobilit\u00e9 et une flexibilit\u00e9 maximales.   <\/p>\n<p>Aliment\u00e9 par une puissante batterie du syst\u00e8me STIHL AP, ce nettoyeur haute pression peut fonctionner m\u00eame sans raccordement \u00e0 l\u2019eau. Vous pouvez utiliser le mode d\u2019aspiration et puiser de l\u2019eau, par exemple, dans un baril de pluie gr\u00e2ce au tuyau d\u2019aspiration en option. Alternativement, un chariot pratique avec un r\u00e9servoir d\u2019eau de 20 litres est disponible en tant qu\u2019accessoire, qui sert de r\u00e9serve d\u2019eau autonome.  <\/p>\n<p>Le moteur EC silencieux et puissant du STIHL REA 100 PLUS, combin\u00e9 \u00e0 une pompe haute pression robuste et \u00e0 une t\u00eate de pompe en aluminium, permet d\u2019atteindre une pression maximale de 150 bars, ce qui permet une progression rapide des travaux. Pour un nettoyage efficace sur diff\u00e9rentes surfaces, le STIHL REA 100 PLUS offre une r\u00e9gulation de pression en continu et dispose d\u2019une buse 3 en 1 sur la lance. Il suffit de le tourner pour choisir entre une buse \u00e0 rotor, une buse \u00e0 jet plat ou une buse de nettoyage, sans avoir besoin d\u2019assembler ou de d\u00e9monter des composants suppl\u00e9mentaires.  <\/p>\n<p>Le raccord rapide anti-per\u00e7age du pistolet haute pression emp\u00eache le tuyau haute pression de se plier pendant l\u2019utilisation. De plus, le STIHL REA 100 PLUS est \u00e9quip\u00e9 d\u2019un enrouleur de tuyau int\u00e9gr\u00e9 avec guide de tuyau, ce qui facilite la manipulation et le stockage peu encombrants du tuyau haute pression de 6 m\u00e8tres de long. Les supports int\u00e9gr\u00e9s pour le pistolet haute pression et la lance \u00e0 jet rendent le transport et le stockage encore plus confortables.  <\/p>\n<p>Donn\u00e9es techniques<\/p>\n<p>Pression de service : 125 bar<br \/>\nPression maximale : 150 bar<br \/>\nD\u00e9bit d\u2019eau min. : 270 l\/h<br \/>\nD\u00e9bit d\u2019eau max : 300 l\/h<br \/>\nLongueur du tuyau haute pression : 6 m<br \/>\nPoids de l\u2019appareil : 6,7 kg<br \/>\nNiveau de pression acoustique : 75 dB(A)<br \/>\nNiveau de puissance acoustique : 87 dB(A)<br \/>\nValeur de vibration gauche : 1,7 m\/s\u00b2<br \/>\nValeur de vibration droite : 2 m\/s\u00b2<br \/>\nTension nominale : 36 V<br \/>\nBatterie recommand\u00e9e : AP 300 S<br \/>\nAutonomie de la batterie avec AP 100 : 0-15 min<br \/>\nAutonomie de la batterie avec AP 200 S : 30 min<br \/>\nAutonomie de la batterie avec AP 300 : 0-50 min<br \/>\nAutonomie de la batterie avec AP 300 S : 0-45 min<br \/>\nAutonomie de la batterie avec AP 500 S : 50 min<\/p>\n","protected":false},"excerpt":{"rendered":"<p>Le nettoyeur haute pression sans fil STIHL REA 100 PLUS est un outil l\u00e9ger et portable qui est id\u00e9al pour<\/p>\n","protected":false},"featured_media":436336,"template":"","meta":{"_seopress_robots_primary_cat":"none","_seopress_titles_title":"","_seopress_titles_desc":"","_seopress_robots_index":""},"product_brand":[3555],"product_cat":[1453,167,1513],"product_tag":[3267],"class_list":{"0":"post-480637","1":"product","2":"type-product","3":"status-publish","4":"has-post-thumbnail","6":"product_brand-stihl-fr","7":"product_cat-autres-appareils","8":"product_cat-machines","9":"product_cat-nettoyeurs-haute-pression","10":"product_tag-import-stihl-fr","11":"sws-gruppo-macchinari-fr","12":"sws-conto-ricavi-merci-rivendita-macchinari-fr","13":"sws-gruppo-iva-iva81-fr","15":"first","16":"onbackorder","17":"purchasable","18":"product-type-simple"},"_links":{"self":[{"href":"https:\/\/lucacastelli.com\/fr\/wp-json\/wp\/v2\/product\/480637","targetHints":{"allow":["GET"]}}],"collection":[{"href":"https:\/\/lucacastelli.com\/fr\/wp-json\/wp\/v2\/product"}],"about":[{"href":"https:\/\/lucacastelli.com\/fr\/wp-json\/wp\/v2\/types\/product"}],"wp:featuredmedia":[{"embeddable":true,"href":"https:\/\/lucacastelli.com\/fr\/wp-json\/wp\/v2\/media\/436336"}],"wp:attachment":[{"href":"https:\/\/lucacastelli.com\/fr\/wp-json\/wp\/v2\/media?parent=480637"}],"wp:term":[{"taxonomy":"product_brand","embeddable":true,"href":"https:\/\/lucacastelli.com\/fr\/wp-json\/wp\/v2\/product_brand?post=480637"},{"taxonomy":"product_cat","embeddable":true,"href":"https:\/\/lucacastelli.com\/fr\/wp-json\/wp\/v2\/product_cat?post=480637"},{"taxonomy":"product_tag","embeddable":true,"href":"https:\/\/lucacastelli.com\/fr\/wp-json\/wp\/v2\/product_tag?post=480637"}],"curies":[{"name":"wp","href":"https:\/\/api.w.org\/{rel}","templated":true}]}}