{"id":480632,"date":"2025-05-31T21:59:57","date_gmt":"2025-05-31T19:59:57","guid":{"rendered":"https:\/\/lucacastelli.com\/prodotto\/stihl-rea-60-plus-sans-batterie-ni-chargeur\/"},"modified":"2025-05-31T21:59:57","modified_gmt":"2025-05-31T19:59:57","slug":"stihl-rea-60-plus-sans-batterie-ni-chargeur","status":"publish","type":"product","link":"https:\/\/lucacastelli.com\/fr\/produit\/stihl-rea-60-plus-sans-batterie-ni-chargeur\/","title":{"rendered":"STIHL REA 60 PLUS, sans batterie ni chargeur"},"content":{"rendered":"<p>Pour des travaux de nettoyage tr\u00e8s flexibles et efficaces<br \/>\nLe nettoyeur haute pression sans fil STIHL REA 60 PLUS est un appareil l\u00e9ger et portable pour les travaux de nettoyage dans les endroits sans raccordement \u00e0 l\u2019\u00e9lectricit\u00e9 ou \u00e0 l\u2019eau, ainsi que dans la maison et le jardin. Avec ce nettoyeur haute pression sans fil, vous pouvez effectuer efficacement un large \u00e9ventail de travaux de nettoyage priv\u00e9 n\u2019importe o\u00f9, par exemple sur les terrasses, les escaliers ou les meubles de jardin. <\/p>\n<p>Il est aliment\u00e9 par une puissante batterie du syst\u00e8me AK STIHL. S\u2019il n\u2019y a pas de raccordement d\u2019eau \u00e0 proximit\u00e9, vous pouvez travailler en mode aspiration et utiliser l\u2019eau d\u2019un baril de pluie, par exemple avec le tuyau d\u2019aspiration disponible en option. Ou vous pouvez utiliser le chariot pratique avec r\u00e9servoir d\u2019eau de 20 litres, disponible en tant qu\u2019accessoire, pour un approvisionnement en eau autonome.  <\/p>\n<p>Le moteur EC silencieux et puissant du STIHL REA 60 PLUS, associ\u00e9 \u00e0 la pompe haute pression robuste et \u00e0 la t\u00eate en aluminium, permet une pression maximale allant jusqu\u2019\u00e0 130 bars et favorise un travail rapide. Pour un nettoyage efficace de diff\u00e9rentes surfaces, le STIHL REA 60 PLUS dispose d\u2019un r\u00e9glage continu de la pression et est \u00e9quip\u00e9 d\u2019une buse 3 en 1 sur la lance. En le tournant simplement, vous pouvez choisir entre une buse \u00e0 rotor, une buse \u00e0 jet plat et une buse \u00e0 d\u00e9tergent. Il n\u2019est pas n\u00e9cessaire de monter et de d\u00e9monter les buses individuelles. Le raccord rapide du pistolet haute pression garantit que le tuyau haute pression ne se tord pas pendant le nettoyage. De plus, le STIHL REA 60 PLUS est \u00e9quip\u00e9 d\u2019un enrouleur de tuyau int\u00e9gr\u00e9 avec guide de tuyau, ce qui permet de manipuler le tuyau haute pression de 5 m de long de mani\u00e8re pratique et peu encombrante. Les supports int\u00e9gr\u00e9s pour le pistolet haute pression et la lance \u00e0 jet facilitent le transport et le stockage.      <\/p>\n<p>Caract\u00e9ristiques techniques<br \/>\nPression de service : 100 bar<br \/>\nPression maximale : 130 bar Pression : 130 bar<br \/>\nD\u00e9bit d\u2019eau : min. 240 l\/h<br \/>\nD\u00e9bit d\u2019eau : max. 270 l\/h<br \/>\nLongueur du tuyau haute pression : 5 m<br \/>\nPoids de l\u2019appareil : 6,5 kg<br \/>\nNiveau de pression acoustique : 72 dB(A)<br \/>\nNiveau de puissance acoustique : 85 dB(A)<br \/>\nValeur de vibration \u00e0 gauche :  1,7 m\/s\u00b2<br \/>\nValeur de vibration \u00e0 droite : 2 m\/s\u00b2<br \/>\nTension nominale : 36 V<br \/>\nBatterie recommand\u00e9e : AK 30, AK 30 S<br \/>\nAutonomie avec AK 10 : 0-12 min<br \/>\nAutonomie avec AK 20 : 0-20 min<br \/>\nAutonomie avec AK 30S : 25 min<\/p>\n","protected":false},"excerpt":{"rendered":"<p>Pour des travaux de nettoyage tr\u00e8s flexibles et efficaces Le nettoyeur haute pression sans fil STIHL REA 60 PLUS est<\/p>\n","protected":false},"featured_media":436323,"template":"","meta":{"_seopress_robots_primary_cat":"none","_seopress_titles_title":"","_seopress_titles_desc":"","_seopress_robots_index":""},"product_brand":[3555],"product_cat":[167,1453,1513],"product_tag":[3267],"class_list":{"0":"post-480632","1":"product","2":"type-product","3":"status-publish","4":"has-post-thumbnail","6":"product_brand-stihl-fr","7":"product_cat-machines","8":"product_cat-autres-appareils","9":"product_cat-nettoyeurs-haute-pression","10":"product_tag-import-stihl-fr","11":"sws-gruppo-macchinari-fr","12":"sws-conto-ricavi-merci-rivendita-macchinari-fr","13":"sws-gruppo-iva-iva81-fr","15":"first","16":"onbackorder","17":"purchasable","18":"product-type-simple"},"_links":{"self":[{"href":"https:\/\/lucacastelli.com\/fr\/wp-json\/wp\/v2\/product\/480632","targetHints":{"allow":["GET"]}}],"collection":[{"href":"https:\/\/lucacastelli.com\/fr\/wp-json\/wp\/v2\/product"}],"about":[{"href":"https:\/\/lucacastelli.com\/fr\/wp-json\/wp\/v2\/types\/product"}],"wp:featuredmedia":[{"embeddable":true,"href":"https:\/\/lucacastelli.com\/fr\/wp-json\/wp\/v2\/media\/436323"}],"wp:attachment":[{"href":"https:\/\/lucacastelli.com\/fr\/wp-json\/wp\/v2\/media?parent=480632"}],"wp:term":[{"taxonomy":"product_brand","embeddable":true,"href":"https:\/\/lucacastelli.com\/fr\/wp-json\/wp\/v2\/product_brand?post=480632"},{"taxonomy":"product_cat","embeddable":true,"href":"https:\/\/lucacastelli.com\/fr\/wp-json\/wp\/v2\/product_cat?post=480632"},{"taxonomy":"product_tag","embeddable":true,"href":"https:\/\/lucacastelli.com\/fr\/wp-json\/wp\/v2\/product_tag?post=480632"}],"curies":[{"name":"wp","href":"https:\/\/api.w.org\/{rel}","templated":true}]}}