{"id":480624,"date":"2025-05-31T21:59:31","date_gmt":"2025-05-31T19:59:31","guid":{"rendered":"https:\/\/lucacastelli.com\/prodotto\/stihl-kg-770\/"},"modified":"2026-02-17T19:47:54","modified_gmt":"2026-02-17T18:47:54","slug":"stihl-kg-770","status":"publish","type":"product","link":"https:\/\/lucacastelli.com\/fr\/produit\/stihl-kg-770\/","title":{"rendered":"STIHL KG 770"},"content":{"rendered":"<p>La balayeuse compacte pour des surfaces jusqu\u2019\u00e0 environ 1 500 m\u00e8tres carr\u00e9s. \u00c9quip\u00e9 du syst\u00e8me de nettoyage STIHL MultiClean PLUS, il recueille les types de salet\u00e9 les plus divers. Bac \u00e0 poussi\u00e8re d\u2019une capacit\u00e9 de 50 litres, facile \u00e0 vider. Brosses garanties jusqu\u2019\u00e0 4 ans.\/p<br \/>\n795711975135<\/p>\n<p>Poids de l\u2019appareil 13.0<br \/>\nRendement de balayage Rendement de<\/p>\n<p>balayage Pour des surfaces jusqu\u2019\u00e0 env. Pour des surfaces jusqu\u2019\u00e0 env.<\/p>\n","protected":false},"excerpt":{"rendered":"<p>La balayeuse compacte pour des surfaces jusqu\u2019\u00e0 environ 1 500 m\u00e8tres carr\u00e9s. \u00c9quip\u00e9 du syst\u00e8me de nettoyage STIHL MultiClean PLUS,<\/p>\n","protected":false},"featured_media":424878,"template":"","meta":{"_seopress_robots_primary_cat":"","_seopress_titles_title":"","_seopress_titles_desc":"","_seopress_robots_index":""},"product_brand":[3555],"product_cat":[1453,1546,167],"product_tag":[3267],"class_list":{"0":"post-480624","1":"product","2":"type-product","3":"status-publish","4":"has-post-thumbnail","6":"product_brand-stihl-fr","7":"product_cat-autres-appareils","8":"product_cat-balayeuses","9":"product_cat-machines","10":"product_tag-import-stihl-fr","11":"sws-gruppo-macchinari","12":"sws-conto-ricavi-merci-rivendita-macchinari","13":"sws-gruppo-iva-iva81","15":"first","16":"onbackorder","17":"purchasable","18":"product-type-simple"},"_links":{"self":[{"href":"https:\/\/lucacastelli.com\/fr\/wp-json\/wp\/v2\/product\/480624","targetHints":{"allow":["GET"]}}],"collection":[{"href":"https:\/\/lucacastelli.com\/fr\/wp-json\/wp\/v2\/product"}],"about":[{"href":"https:\/\/lucacastelli.com\/fr\/wp-json\/wp\/v2\/types\/product"}],"wp:featuredmedia":[{"embeddable":true,"href":"https:\/\/lucacastelli.com\/fr\/wp-json\/wp\/v2\/media\/424878"}],"wp:attachment":[{"href":"https:\/\/lucacastelli.com\/fr\/wp-json\/wp\/v2\/media?parent=480624"}],"wp:term":[{"taxonomy":"product_brand","embeddable":true,"href":"https:\/\/lucacastelli.com\/fr\/wp-json\/wp\/v2\/product_brand?post=480624"},{"taxonomy":"product_cat","embeddable":true,"href":"https:\/\/lucacastelli.com\/fr\/wp-json\/wp\/v2\/product_cat?post=480624"},{"taxonomy":"product_tag","embeddable":true,"href":"https:\/\/lucacastelli.com\/fr\/wp-json\/wp\/v2\/product_tag?post=480624"}],"curies":[{"name":"wp","href":"https:\/\/api.w.org\/{rel}","templated":true}]}}