{"id":480618,"date":"2025-05-31T21:59:30","date_gmt":"2025-05-31T19:59:30","guid":{"rendered":"https:\/\/lucacastelli.com\/prodotto\/stihl-kga-770-sans-batterie-ni-chargeur\/"},"modified":"2026-03-05T08:18:44","modified_gmt":"2026-03-05T07:18:44","slug":"stihl-kga-770-sans-batterie-ni-chargeur","status":"publish","type":"product","link":"https:\/\/lucacastelli.com\/fr\/produit\/stihl-kga-770-sans-batterie-ni-chargeur\/","title":{"rendered":"STIHL KGA 770, sans batterie ni chargeur"},"content":{"rendered":"<p>Balayeuse \u00e0 accumulateur de haute qualit\u00e9 pour des surfaces jusqu\u2019\u00e0 environ 2000 m\u00e8tres carr\u00e9s. Gr\u00e2ce au fonctionnement de l\u2019accumulateur de balais et de rouleaux, cet \u00e9quipement est le plus l\u00e9ger \u00e0 man\u0153uvrer. Le balai et le rouleau tournent constamment \u00e0 une vitesse optimale. Performances de nettoyage consid\u00e9rables m\u00eame dans les coins et pr\u00e8s des obstacles, car les balais et le rouleau tournent m\u00eame lorsque l\u2019op\u00e9rateur est \u00e0 l\u2019arr\u00eat. \u00c9quip\u00e9 du syst\u00e8me de nettoyage MultiClean PLUS et d\u2019un grand bac \u00e0 poussi\u00e8re (50 l).<br \/>\n886661337149    <\/p>\n<p>Tension nominale 36<br \/>\nSyst\u00e8me de batterie Syst\u00e8me de batterie<\/p>\n<p>Batterie recommand\u00e9e Batterie recommand\u00e9e Poids de<br \/>\nl\u2019appareil 16,9<br \/>\nCapacit\u00e9 du conteneur 40<\/p>\n","protected":false},"excerpt":{"rendered":"<p>Balayeuse \u00e0 accumulateur de haute qualit\u00e9 pour des surfaces jusqu\u2019\u00e0 environ 2000 m\u00e8tres carr\u00e9s. Gr\u00e2ce au fonctionnement de l\u2019accumulateur de<\/p>\n","protected":false},"featured_media":424865,"template":"","meta":{"_seopress_robots_primary_cat":"","_seopress_titles_title":"","_seopress_titles_desc":"","_seopress_robots_index":""},"product_brand":[3554],"product_cat":[169,1454,1547],"product_tag":[3266],"class_list":{"0":"post-480618","1":"product","2":"type-product","3":"status-publish","4":"has-post-thumbnail","6":"product_brand-stihl-de","7":"product_cat-maschinen","8":"product_cat-andere-gerate","9":"product_cat-kehrmaschinen","10":"product_tag-import-stihl-de","11":"sws-gruppo-macchinari-fr","12":"sws-conto-ricavi-merci-rivendita-macchinari-fr","13":"sws-gruppo-iva-iva81-fr","15":"first","16":"onbackorder","17":"purchasable","18":"product-type-simple"},"_links":{"self":[{"href":"https:\/\/lucacastelli.com\/fr\/wp-json\/wp\/v2\/product\/480618","targetHints":{"allow":["GET"]}}],"collection":[{"href":"https:\/\/lucacastelli.com\/fr\/wp-json\/wp\/v2\/product"}],"about":[{"href":"https:\/\/lucacastelli.com\/fr\/wp-json\/wp\/v2\/types\/product"}],"wp:featuredmedia":[{"embeddable":true,"href":"https:\/\/lucacastelli.com\/fr\/wp-json\/wp\/v2\/media\/424865"}],"wp:attachment":[{"href":"https:\/\/lucacastelli.com\/fr\/wp-json\/wp\/v2\/media?parent=480618"}],"wp:term":[{"taxonomy":"product_brand","embeddable":true,"href":"https:\/\/lucacastelli.com\/fr\/wp-json\/wp\/v2\/product_brand?post=480618"},{"taxonomy":"product_cat","embeddable":true,"href":"https:\/\/lucacastelli.com\/fr\/wp-json\/wp\/v2\/product_cat?post=480618"},{"taxonomy":"product_tag","embeddable":true,"href":"https:\/\/lucacastelli.com\/fr\/wp-json\/wp\/v2\/product_tag?post=480618"}],"curies":[{"name":"wp","href":"https:\/\/api.w.org\/{rel}","templated":true}]}}