{"id":480615,"date":"2025-05-31T21:59:12","date_gmt":"2025-05-31T19:59:12","guid":{"rendered":"https:\/\/lucacastelli.com\/prodotto\/stihl-controle-re-100-plus\/"},"modified":"2025-05-31T21:59:12","modified_gmt":"2025-05-31T19:59:12","slug":"stihl-controle-re-100-plus","status":"publish","type":"product","link":"https:\/\/lucacastelli.com\/fr\/produit\/stihl-controle-re-100-plus\/","title":{"rendered":"STIHL CONTR\u00d4LE RE 100 PLUS"},"content":{"rendered":"<p>Nettoyeur haute pression particuli\u00e8rement confortable et l\u00e9ger avec un confort PLUS. Fonction CONTROL avec r\u00e9glage de la pression par simple pression d\u2019un bouton et indicateur de pression LED directement sur le pistolet, enrouleur de tuyau pour une manipulation facile et le rangement du tuyau haute pression. Buse en 1 avec buse \u00e0 rotor int\u00e9gr\u00e9e, buse \u00e0 jet plat et buse \u00e0 d\u00e9tergent. Stockage s\u00fbr et peu encombrant des accessoires directement sur le nettoyeur haute pression.<br \/>\n795711134211   <\/p>\n<p>Tension nominale 220-230<br \/>\nNombre de phases Nombre de phases<\/p>\n<p>Consommation d\u2019\u00e9nergie Consommation<br \/>\nd\u2019\u00e9nergie Vitesse 20000<br \/>\nPoids de l\u2019appareil 9.0<\/p>\n","protected":false},"excerpt":{"rendered":"<p>Nettoyeur haute pression particuli\u00e8rement confortable et l\u00e9ger avec un confort PLUS. Fonction CONTROL avec r\u00e9glage de la pression par simple<\/p>\n","protected":false},"featured_media":424826,"template":"","meta":{"_seopress_robots_primary_cat":"","_seopress_titles_title":"","_seopress_titles_desc":"","_seopress_robots_index":""},"product_brand":[3555],"product_cat":[1453,167,1513],"product_tag":[3267],"class_list":{"0":"post-480615","1":"product","2":"type-product","3":"status-publish","4":"has-post-thumbnail","6":"product_brand-stihl-fr","7":"product_cat-autres-appareils","8":"product_cat-machines","9":"product_cat-nettoyeurs-haute-pression","10":"product_tag-import-stihl-fr","11":"sws-gruppo-macchinari","12":"sws-conto-ricavi-merci-rivendita-macchinari","13":"sws-gruppo-iva-iva81","15":"first","16":"onbackorder","17":"purchasable","18":"product-type-simple"},"_links":{"self":[{"href":"https:\/\/lucacastelli.com\/fr\/wp-json\/wp\/v2\/product\/480615","targetHints":{"allow":["GET"]}}],"collection":[{"href":"https:\/\/lucacastelli.com\/fr\/wp-json\/wp\/v2\/product"}],"about":[{"href":"https:\/\/lucacastelli.com\/fr\/wp-json\/wp\/v2\/types\/product"}],"wp:featuredmedia":[{"embeddable":true,"href":"https:\/\/lucacastelli.com\/fr\/wp-json\/wp\/v2\/media\/424826"}],"wp:attachment":[{"href":"https:\/\/lucacastelli.com\/fr\/wp-json\/wp\/v2\/media?parent=480615"}],"wp:term":[{"taxonomy":"product_brand","embeddable":true,"href":"https:\/\/lucacastelli.com\/fr\/wp-json\/wp\/v2\/product_brand?post=480615"},{"taxonomy":"product_cat","embeddable":true,"href":"https:\/\/lucacastelli.com\/fr\/wp-json\/wp\/v2\/product_cat?post=480615"},{"taxonomy":"product_tag","embeddable":true,"href":"https:\/\/lucacastelli.com\/fr\/wp-json\/wp\/v2\/product_tag?post=480615"}],"curies":[{"name":"wp","href":"https:\/\/api.w.org\/{rel}","templated":true}]}}