{"id":480478,"date":"2025-04-07T16:53:00","date_gmt":"2025-04-07T14:53:00","guid":{"rendered":"https:\/\/lucacastelli.com\/prodotto\/crazy-air-a-manches-longues\/"},"modified":"2026-04-15T00:01:29","modified_gmt":"2026-04-14T22:01:29","slug":"crazy-air-a-manches-longues","status":"publish","type":"product","link":"https:\/\/lucacastelli.com\/fr\/produit\/crazy-air-a-manches-longues\/","title":{"rendered":"CRAZY AIR \u00c0 MANCHES LONGUES"},"content":{"rendered":"<p>T-shirt \u00e0 manches longues pour les loisirs et la vie en plein air. M\u00eame pour ces articles non techniques, le choix des tissus est rigoureux.<br \/>\nFabriqu\u00e9 en coton Performance, qui non seulement met en valeur les couleurs, mais offre \u00e9galement une grande douceur et fra\u00eecheur. <\/p>\n<p>\u2022 Tissu Tencel naturel de la chemise<br \/>\n\u2022 Col rond avec bordure<br \/>\n\u2022 Coupe en biais<\/p>\n<p>POIDS&nbsp;: 118 gr<\/p>\n","protected":false},"excerpt":{"rendered":"<p>T-shirt \u00e0 manches longues pour les loisirs et la vie en plein air. M\u00eame pour ces articles non techniques, le<\/p>\n","protected":false},"featured_media":404717,"template":"","meta":{"_seopress_robots_primary_cat":"","_seopress_titles_title":"","_seopress_titles_desc":"","_seopress_robots_index":""},"product_brand":[3616],"product_cat":[81,981,1387],"product_tag":[],"class_list":{"0":"post-480478","1":"product","2":"type-product","3":"status-publish","4":"has-post-thumbnail","6":"product_brand-crazy-fr","7":"product_cat-vetements","8":"product_cat-vetements-de-loisirs","9":"product_cat-vetements-pour-femmes","10":"sws-gruppo-abb-libero-fr","11":"sws-conto-ricavi-merci-rivendita-abbigliamento-fr","12":"sws-gruppo-iva-iva81-fr","14":"first","15":"instock","16":"sale","17":"shipping-taxable","18":"purchasable","19":"product-type-variable"},"_links":{"self":[{"href":"https:\/\/lucacastelli.com\/fr\/wp-json\/wp\/v2\/product\/480478","targetHints":{"allow":["GET"]}}],"collection":[{"href":"https:\/\/lucacastelli.com\/fr\/wp-json\/wp\/v2\/product"}],"about":[{"href":"https:\/\/lucacastelli.com\/fr\/wp-json\/wp\/v2\/types\/product"}],"wp:featuredmedia":[{"embeddable":true,"href":"https:\/\/lucacastelli.com\/fr\/wp-json\/wp\/v2\/media\/404717"}],"wp:attachment":[{"href":"https:\/\/lucacastelli.com\/fr\/wp-json\/wp\/v2\/media?parent=480478"}],"wp:term":[{"taxonomy":"product_brand","embeddable":true,"href":"https:\/\/lucacastelli.com\/fr\/wp-json\/wp\/v2\/product_brand?post=480478"},{"taxonomy":"product_cat","embeddable":true,"href":"https:\/\/lucacastelli.com\/fr\/wp-json\/wp\/v2\/product_cat?post=480478"},{"taxonomy":"product_tag","embeddable":true,"href":"https:\/\/lucacastelli.com\/fr\/wp-json\/wp\/v2\/product_tag?post=480478"}],"curies":[{"name":"wp","href":"https:\/\/api.w.org\/{rel}","templated":true}]}}