{"id":480465,"date":"2025-04-07T16:53:00","date_gmt":"2025-04-07T14:53:00","guid":{"rendered":"https:\/\/lucacastelli.com\/prodotto\/crazy-traction-dair-2\/"},"modified":"2026-03-01T00:25:41","modified_gmt":"2026-02-28T23:25:41","slug":"crazy-traction-dair-2","status":"publish","type":"product","link":"https:\/\/lucacastelli.com\/fr\/produit\/crazy-traction-dair-2\/","title":{"rendered":"CRAZY TRACTION D\u2019AIR"},"content":{"rendered":"<p>Confortable, chaud et doux comme un ours en peluche ! Le tout nouveau Pull Aria est un must-have pour vous offrir un confort extraordinaire cet hiver !<br \/>\nSon incroyable douceur au toucher est garantie par le tissu Fluffy Warm Small, le tissu sup\u00e9rieur contre le froid extr\u00eame, qui allie l\u00e9g\u00e8ret\u00e9 et toucher incroyablement doux et moelleux. Le tout dans un design simple et \u00e9pur\u00e9, parfait pour les loisirs. <\/p>\n<p>\u2022 Molleton zipp\u00e9 sur toute la longueur<br \/>\n \u00e0 l\u2019avant\u2022 Capuche<br \/>\n\u2022 2 poches pour les mains<\/p>\n<p>POIDS&nbsp;: 520 gr<\/p>\n","protected":false},"excerpt":{"rendered":"<p>Confortable, chaud et doux comme un ours en peluche ! Le tout nouveau Pull Aria est un must-have pour vous<\/p>\n","protected":false},"featured_media":404705,"template":"","meta":{"_seopress_robots_primary_cat":"","_seopress_titles_title":"","_seopress_titles_desc":"","_seopress_robots_index":""},"product_brand":[3413],"product_cat":[21,189,200],"product_tag":[],"class_list":{"0":"post-480465","1":"product","2":"type-product","3":"status-publish","4":"has-post-thumbnail","6":"product_brand-crazy","7":"product_cat-abbigliamento","8":"product_cat-abbigliamento-per-il-tempo-libero","9":"product_cat-abbigliamento-da-donna","10":"sws-gruppo-abb-libero-fr","11":"sws-conto-ricavi-merci-rivendita-abbigliamento-fr","12":"sws-gruppo-iva-iva81-fr","14":"first","15":"instock","16":"shipping-taxable","17":"purchasable","18":"product-type-variable"},"_links":{"self":[{"href":"https:\/\/lucacastelli.com\/fr\/wp-json\/wp\/v2\/product\/480465","targetHints":{"allow":["GET"]}}],"collection":[{"href":"https:\/\/lucacastelli.com\/fr\/wp-json\/wp\/v2\/product"}],"about":[{"href":"https:\/\/lucacastelli.com\/fr\/wp-json\/wp\/v2\/types\/product"}],"wp:featuredmedia":[{"embeddable":true,"href":"https:\/\/lucacastelli.com\/fr\/wp-json\/wp\/v2\/media\/404705"}],"wp:attachment":[{"href":"https:\/\/lucacastelli.com\/fr\/wp-json\/wp\/v2\/media?parent=480465"}],"wp:term":[{"taxonomy":"product_brand","embeddable":true,"href":"https:\/\/lucacastelli.com\/fr\/wp-json\/wp\/v2\/product_brand?post=480465"},{"taxonomy":"product_cat","embeddable":true,"href":"https:\/\/lucacastelli.com\/fr\/wp-json\/wp\/v2\/product_cat?post=480465"},{"taxonomy":"product_tag","embeddable":true,"href":"https:\/\/lucacastelli.com\/fr\/wp-json\/wp\/v2\/product_tag?post=480465"}],"curies":[{"name":"wp","href":"https:\/\/api.w.org\/{rel}","templated":true}]}}