{"id":480461,"date":"2025-04-07T16:53:00","date_gmt":"2025-04-07T16:53:00","guid":{"rendered":"https:\/\/lucacastelli.com\/prodotto\/crazy-robe-spritz\/"},"modified":"2026-04-17T23:19:15","modified_gmt":"2026-04-17T21:19:15","slug":"crazy-robe-spritz","status":"publish","type":"product","link":"https:\/\/lucacastelli.com\/fr\/produit\/crazy-robe-spritz\/","title":{"rendered":"ROBE CRAZY SPRITZ"},"content":{"rendered":"<p>Que signifie \u00ab s\u2019habiller \u00bb pour nous ? Un sweat \u00e0 capuche long qui peut \u00e9galement \u00eatre port\u00e9 comme une robe pour tous vos moments de loisirs et de d\u00e9tente, sans renoncer au style ni au confort. La solution parfaite est l\u00e0 : porter un v\u00eatement \u00e9l\u00e9gant au look d\u00e9contract\u00e9 r\u00e9alis\u00e9 en HP, une polaire technique et chaude d\u00e9di\u00e9e aux v\u00eatements de montagne, d\u00e9sormais imprim\u00e9e avec les motifs uniques et exclusifs de Crazy. En plus de sa capuche large et tr\u00e8s confortable, la robe est dot\u00e9e d\u2019une poche \u00e0 la coupe arrondie sur le c\u00f4t\u00e9 droit.   <\/p>\n<p>\u2022 Sweat \u00e0 capuche long<br \/>\n\u2022 Poche ronde ext\u00e9rieure<\/p>\n<p>POIDS : 247 g<\/p>\n","protected":false},"excerpt":{"rendered":"<p>Que signifie \u00ab s\u2019habiller \u00bb pour nous ? Un sweat \u00e0 capuche long qui peut \u00e9galement \u00eatre port\u00e9 comme une<\/p>\n","protected":false},"featured_media":404699,"template":"","meta":{"_seopress_robots_primary_cat":"none","_seopress_titles_title":"","_seopress_titles_desc":"","_seopress_robots_index":""},"product_brand":[3616],"product_cat":[81,981,1387],"product_tag":[],"class_list":{"0":"post-480461","1":"product","2":"type-product","3":"status-publish","4":"has-post-thumbnail","6":"product_brand-crazy-fr","7":"product_cat-vetements","8":"product_cat-vetements-de-loisirs","9":"product_cat-vetements-pour-femmes","10":"sws-gruppo-abb-libero-fr","11":"sws-conto-ricavi-merci-rivendita-abbigliamento-fr","12":"sws-gruppo-iva-iva81-fr","14":"first","15":"instock","16":"sale","17":"shipping-taxable","18":"purchasable","19":"product-type-variable"},"_links":{"self":[{"href":"https:\/\/lucacastelli.com\/fr\/wp-json\/wp\/v2\/product\/480461","targetHints":{"allow":["GET"]}}],"collection":[{"href":"https:\/\/lucacastelli.com\/fr\/wp-json\/wp\/v2\/product"}],"about":[{"href":"https:\/\/lucacastelli.com\/fr\/wp-json\/wp\/v2\/types\/product"}],"wp:featuredmedia":[{"embeddable":true,"href":"https:\/\/lucacastelli.com\/fr\/wp-json\/wp\/v2\/media\/404699"}],"wp:attachment":[{"href":"https:\/\/lucacastelli.com\/fr\/wp-json\/wp\/v2\/media?parent=480461"}],"wp:term":[{"taxonomy":"product_brand","embeddable":true,"href":"https:\/\/lucacastelli.com\/fr\/wp-json\/wp\/v2\/product_brand?post=480461"},{"taxonomy":"product_cat","embeddable":true,"href":"https:\/\/lucacastelli.com\/fr\/wp-json\/wp\/v2\/product_cat?post=480461"},{"taxonomy":"product_tag","embeddable":true,"href":"https:\/\/lucacastelli.com\/fr\/wp-json\/wp\/v2\/product_tag?post=480461"}],"curies":[{"name":"wp","href":"https:\/\/api.w.org\/{rel}","templated":true}]}}