{"id":480435,"date":"2025-04-07T16:53:00","date_gmt":"2025-04-07T14:53:00","guid":{"rendered":"https:\/\/lucacastelli.com\/prodotto\/crazy-pant-viper\/"},"modified":"2026-04-15T00:01:28","modified_gmt":"2026-04-14T22:01:28","slug":"crazy-pant-viper","status":"publish","type":"product","link":"https:\/\/lucacastelli.com\/fr\/produit\/crazy-pant-viper\/","title":{"rendered":"CRAZY PANT VIPER"},"content":{"rendered":"<p>Id\u00e9al pour la randonn\u00e9e hivernale et<br \/>\nla raquette.<br \/>\nIls sont fabriqu\u00e9s en tissu Soft Shell respirant, coupe-vent, anti-boulochage et r\u00e9sistant \u00e0 l\u2019abrasion, avec traitement d\u00e9perlant DWR. La partie inf\u00e9rieure des jambes est r\u00e9glable en deux tailles diff\u00e9rentes \u00e0 l\u2019aide d\u2019un bouton-pression, pour s\u2019adapter parfaitement aux chaussures de montagne et emp\u00eacher la neige d\u2019entrer.<br \/>\nDes panneaux de protection sur les genoux, en tissu r\u00e9sistant mais l\u00e9ger et respirant, des poches pour les mains et un rabat confortables, le tout avec des fermetures \u00e9clair, ainsi qu\u2019une ceinture r\u00e9glable confortable et large avec cordon \u00e9lastique, ajoutent de la valeur \u00e0 ce v\u00eatement. <\/p>\n<p>Ceinture \u00e9lastique ajustable avec cordon<br \/>\n de serrage\u2022 Poches avec fermetures \u00e9clair<br \/>\n thermosoud\u00e9es\u2022 Poche arri\u00e8re avec fermeture \u00e9clair invisible<br \/>\n\u2022 Renforts l\u00e9gers sur les genoux<br \/>\n\u2022 Poignets r\u00e9glables avec boutons<br \/>\n\u2022 Logos r\u00e9fl\u00e9chissants<\/p>\n<p>POIDS&nbsp;: 399 gr<\/p>\n","protected":false},"excerpt":{"rendered":"<p>Id\u00e9al pour la randonn\u00e9e hivernale et la raquette. Ils sont fabriqu\u00e9s en tissu Soft Shell respirant, coupe-vent, anti-boulochage et r\u00e9sistant<\/p>\n","protected":false},"featured_media":404678,"template":"","meta":{"_seopress_robots_primary_cat":"","_seopress_titles_title":"","_seopress_titles_desc":"","_seopress_robots_index":""},"product_brand":[3616],"product_cat":[81,981,982],"product_tag":[],"class_list":{"0":"post-480435","1":"product","2":"type-product","3":"status-publish","4":"has-post-thumbnail","6":"product_brand-crazy-fr","7":"product_cat-vetements","8":"product_cat-vetements-de-loisirs","9":"product_cat-vetements-pour-hommes","10":"sws-gruppo-abb-libero-fr","11":"sws-conto-ricavi-merci-rivendita-abbigliamento-fr","12":"sws-gruppo-iva-iva81-fr","14":"first","15":"instock","16":"sale","17":"shipping-taxable","18":"purchasable","19":"product-type-variable"},"_links":{"self":[{"href":"https:\/\/lucacastelli.com\/fr\/wp-json\/wp\/v2\/product\/480435","targetHints":{"allow":["GET"]}}],"collection":[{"href":"https:\/\/lucacastelli.com\/fr\/wp-json\/wp\/v2\/product"}],"about":[{"href":"https:\/\/lucacastelli.com\/fr\/wp-json\/wp\/v2\/types\/product"}],"wp:featuredmedia":[{"embeddable":true,"href":"https:\/\/lucacastelli.com\/fr\/wp-json\/wp\/v2\/media\/404678"}],"wp:attachment":[{"href":"https:\/\/lucacastelli.com\/fr\/wp-json\/wp\/v2\/media?parent=480435"}],"wp:term":[{"taxonomy":"product_brand","embeddable":true,"href":"https:\/\/lucacastelli.com\/fr\/wp-json\/wp\/v2\/product_brand?post=480435"},{"taxonomy":"product_cat","embeddable":true,"href":"https:\/\/lucacastelli.com\/fr\/wp-json\/wp\/v2\/product_cat?post=480435"},{"taxonomy":"product_tag","embeddable":true,"href":"https:\/\/lucacastelli.com\/fr\/wp-json\/wp\/v2\/product_tag?post=480435"}],"curies":[{"name":"wp","href":"https:\/\/api.w.org\/{rel}","templated":true}]}}