{"id":480426,"date":"2025-04-07T16:53:00","date_gmt":"2025-04-07T16:53:00","guid":{"rendered":"https:\/\/lucacastelli.com\/prodotto\/crazy-pant-super\/"},"modified":"2026-04-17T23:19:10","modified_gmt":"2026-04-17T21:19:10","slug":"crazy-pant-super","status":"publish","type":"product","link":"https:\/\/lucacastelli.com\/fr\/produit\/crazy-pant-super\/","title":{"rendered":"CRAZY PANT SUPER"},"content":{"rendered":"<p>Apporter les id\u00e9es de la mode dans le monde de l\u2019outdoor a toujours \u00e9t\u00e9 la mission de Crazy, et les PANT Super sont l\u2019expression de cette approche : le pantalon original en jean technique imprim\u00e9, id\u00e9al pour les activit\u00e9s en montagne et pour profiter chaque jour du confort d\u2019un v\u00eatement technique.<br \/>\nUn confort absolu et un tissu qui ne se froisse pas\u2026 Toujours parfait !<br \/>\nIl est r\u00e9alis\u00e9 en tissu technique imprim\u00e9 Endurance, utilis\u00e9 dans la plupart des pantalons de montagne de la collection. Il s\u2019agit d\u2019un tissu souple et respirant, dot\u00e9 de propri\u00e9t\u00e9s coupe-vent et d\u2019un traitement DWR (d\u00e9perlant). <\/p>\n<p>\u2022 Taille \u00e9lastique<br \/>\n\u2022 Poches repose-mains avec fermeture \u00e9clair de s\u00e9curit\u00e9<br \/>\n\u2022 Ouverture de jambe avec soufflet \u00e9lastique r\u00e9glable \u00e0 la cheville et fermeture \u00e9clair<\/p>\n<p>POIDS : 396 g<\/p>\n","protected":false},"excerpt":{"rendered":"<p>Apporter les id\u00e9es de la mode dans le monde de l\u2019outdoor a toujours \u00e9t\u00e9 la mission de Crazy, et les<\/p>\n","protected":false},"featured_media":404687,"template":"","meta":{"_seopress_robots_primary_cat":"none","_seopress_titles_title":"","_seopress_titles_desc":"","_seopress_robots_index":""},"product_brand":[3616],"product_cat":[81,981,982],"product_tag":[],"class_list":{"0":"post-480426","1":"product","2":"type-product","3":"status-publish","4":"has-post-thumbnail","6":"product_brand-crazy-fr","7":"product_cat-vetements","8":"product_cat-vetements-de-loisirs","9":"product_cat-vetements-pour-hommes","10":"sws-gruppo-abb-libero-fr","11":"sws-conto-ricavi-merci-rivendita-abbigliamento-fr","12":"sws-gruppo-iva-iva81-fr","14":"first","15":"instock","16":"sale","17":"shipping-taxable","18":"purchasable","19":"product-type-variable"},"_links":{"self":[{"href":"https:\/\/lucacastelli.com\/fr\/wp-json\/wp\/v2\/product\/480426","targetHints":{"allow":["GET"]}}],"collection":[{"href":"https:\/\/lucacastelli.com\/fr\/wp-json\/wp\/v2\/product"}],"about":[{"href":"https:\/\/lucacastelli.com\/fr\/wp-json\/wp\/v2\/types\/product"}],"wp:featuredmedia":[{"embeddable":true,"href":"https:\/\/lucacastelli.com\/fr\/wp-json\/wp\/v2\/media\/404687"}],"wp:attachment":[{"href":"https:\/\/lucacastelli.com\/fr\/wp-json\/wp\/v2\/media?parent=480426"}],"wp:term":[{"taxonomy":"product_brand","embeddable":true,"href":"https:\/\/lucacastelli.com\/fr\/wp-json\/wp\/v2\/product_brand?post=480426"},{"taxonomy":"product_cat","embeddable":true,"href":"https:\/\/lucacastelli.com\/fr\/wp-json\/wp\/v2\/product_cat?post=480426"},{"taxonomy":"product_tag","embeddable":true,"href":"https:\/\/lucacastelli.com\/fr\/wp-json\/wp\/v2\/product_tag?post=480426"}],"curies":[{"name":"wp","href":"https:\/\/api.w.org\/{rel}","templated":true}]}}