{"id":480421,"date":"2025-04-07T16:53:00","date_gmt":"2025-04-07T14:53:00","guid":{"rendered":"https:\/\/lucacastelli.com\/prodotto\/crazy-pant-folle-2\/"},"modified":"2026-04-15T00:01:28","modified_gmt":"2026-04-14T22:01:28","slug":"crazy-pant-folle-2","status":"publish","type":"product","link":"https:\/\/lucacastelli.com\/fr\/produit\/crazy-pant-folle-2\/","title":{"rendered":"CRAZY PANT FOLLE"},"content":{"rendered":"<p>Pantalons de notre famille embl\u00e9matique Resolution, qui repr\u00e9sentent l\u2019\u00e9volution du style montagnard gr\u00e2ce \u00e0 un design moderne et \u00e0 une recherche stylistique.<br \/>\nCet hiver, ils ont \u00e9t\u00e9 enti\u00e8rement redessin\u00e9s pour un look encore plus frais et plus moderne.<br \/>\nLe pantalon est d\u00e9di\u00e9 au ski alpinisme et aux sports de moyenne intensit\u00e9, fabriqu\u00e9 avec le tissu softshell Endurance : respirant, bi-\u00e9lastique et d\u00e9perlant gr\u00e2ce au traitement DWR. L\u2019ajout d\u2019une ceinture \u00e9lastique les rend plus faciles \u00e0 porter et ajustables jusqu\u2019\u00e0 une taille au-dessus.<br \/>\nIls sont fabriqu\u00e9s avec du tissu Endurance, protecteur et d\u00e9perlant gr\u00e2ce au traitement DWR, mais toujours respirant et bi-\u00e9lastique.<br \/>\nSur la jambe, il y a une \u00e9l\u00e9gante poche contrast\u00e9e, qui fait \u00e9cho au look de la chemise Resolution. <\/p>\n<p>\u2022 Poches pour les mains d\u00e9coup\u00e9es au laser avec fermeture \u00e9clair coll\u00e9e et poche plaqu\u00e9e avec fermeture \u00e9clair coll\u00e9e sur la cuisse<br \/>\n\u2022 Passants de ceinture<br \/>\n\u2022 Ceinture \u00e9lastique \u00e0 l\u2019arri\u00e8re avec boutons-pression plats haute r\u00e9sistance<br \/>\n\u2022 Fermeture \u00e9clair \u00e0 soufflet en bas de jambe<br \/>\n\u2022 Logos r\u00e9fl\u00e9chissants<\/p>\n<p>POIDS&nbsp;: 390 gr<\/p>\n","protected":false},"excerpt":{"rendered":"<p>Pantalons de notre famille embl\u00e9matique Resolution, qui repr\u00e9sentent l\u2019\u00e9volution du style montagnard gr\u00e2ce \u00e0 un design moderne et \u00e0 une<\/p>\n","protected":false},"featured_media":404666,"template":"","meta":{"_seopress_robots_primary_cat":"","_seopress_titles_title":"","_seopress_titles_desc":"","_seopress_robots_index":""},"product_brand":[3616],"product_cat":[81,981,982],"product_tag":[],"class_list":{"0":"post-480421","1":"product","2":"type-product","3":"status-publish","4":"has-post-thumbnail","6":"product_brand-crazy-fr","7":"product_cat-vetements","8":"product_cat-vetements-de-loisirs","9":"product_cat-vetements-pour-hommes","10":"sws-gruppo-abb-libero-fr","11":"sws-conto-ricavi-merci-rivendita-abbigliamento-fr","12":"sws-gruppo-iva-iva81-fr","14":"first","15":"instock","16":"sale","17":"shipping-taxable","18":"purchasable","19":"product-type-variable"},"_links":{"self":[{"href":"https:\/\/lucacastelli.com\/fr\/wp-json\/wp\/v2\/product\/480421","targetHints":{"allow":["GET"]}}],"collection":[{"href":"https:\/\/lucacastelli.com\/fr\/wp-json\/wp\/v2\/product"}],"about":[{"href":"https:\/\/lucacastelli.com\/fr\/wp-json\/wp\/v2\/types\/product"}],"wp:featuredmedia":[{"embeddable":true,"href":"https:\/\/lucacastelli.com\/fr\/wp-json\/wp\/v2\/media\/404666"}],"wp:attachment":[{"href":"https:\/\/lucacastelli.com\/fr\/wp-json\/wp\/v2\/media?parent=480421"}],"wp:term":[{"taxonomy":"product_brand","embeddable":true,"href":"https:\/\/lucacastelli.com\/fr\/wp-json\/wp\/v2\/product_brand?post=480421"},{"taxonomy":"product_cat","embeddable":true,"href":"https:\/\/lucacastelli.com\/fr\/wp-json\/wp\/v2\/product_cat?post=480421"},{"taxonomy":"product_tag","embeddable":true,"href":"https:\/\/lucacastelli.com\/fr\/wp-json\/wp\/v2\/product_tag?post=480421"}],"curies":[{"name":"wp","href":"https:\/\/api.w.org\/{rel}","templated":true}]}}