{"id":480418,"date":"2025-04-07T16:53:00","date_gmt":"2025-04-07T14:53:00","guid":{"rendered":"https:\/\/lucacastelli.com\/prodotto\/crazy-pant-neutron\/"},"modified":"2026-04-15T00:01:27","modified_gmt":"2026-04-14T22:01:27","slug":"crazy-pant-neutron","status":"publish","type":"product","link":"https:\/\/lucacastelli.com\/fr\/produit\/crazy-pant-neutron\/","title":{"rendered":"CRAZY PANT NEUTRON"},"content":{"rendered":"<p>Cette ann\u00e9e, nous les avons enti\u00e8rement redessin\u00e9s avec une nouvelle coupe moderne qui s\u2019adapte aux chaussures de ski \u00e0 3 et 4 crochets, ainsi qu\u2019un look \u00e9l\u00e9gant et \u00e9pur\u00e9, avec des poches basses pour les mains et une poche sur la cuisse avec un soufflet de couleur contrast\u00e9e.<br \/>\nLe pantalon Neutron est fabriqu\u00e9 en softshell doux et chaud avec une membrane 2L hautement hydrofuge, tandis que le bas de la jambe est en tissu extensible enti\u00e8rement imperm\u00e9able. La taille ajustable peut \u00eatre ouverte et est \u00e9quip\u00e9e de sangles velcro \u00e9lastiques sur les c\u00f4t\u00e9s, et il y a des boucles pour les bretelles.<br \/>\nIl y a trois poches zipp\u00e9es : deux \u00e0 l\u2019avant et une sur la cuisse droite, tandis que deux ouvertures lat\u00e9rales peuvent \u00eatre ouvertes pour augmenter la ventilation. La gu\u00eatre est extr\u00eamement technique : elle est \u00e9quip\u00e9e d\u2019un gousset r\u00e9glable avec fermeture \u00e9clair, d\u2019une bande \u00e9lastique Fullgrip pour am\u00e9liorer l\u2019adh\u00e9rence sur toutes les chaussures de ski alpinisme et d\u2019un renfort interne avec un lamin\u00e9 appliqu\u00e9 pour prot\u00e9ger contre les coupures de crampons ou les carres de ski.  <\/p>\n<p>\u2022 Ceinture \u00e9lastique r\u00e9glable avec velcro<br \/>\n\u2022 Deux poches pour les mains zipp\u00e9es<br \/>\n\u2022 Poche zipp\u00e9e sur la cuisse droite<br \/>\n\u2022 Deux ouvertures de ventilation lat\u00e9rales avec fermeture \u00e9clair<br \/>\n\u2022 Gu\u00eatre imperm\u00e9able sur le bas de la jambe avec gousset \u00e9lastique et fermeture \u00e0 glissi\u00e8re.<\/p>\n<p>POIDS&nbsp;: 650 gr<\/p>\n","protected":false},"excerpt":{"rendered":"<p>Cette ann\u00e9e, nous les avons enti\u00e8rement redessin\u00e9s avec une nouvelle coupe moderne qui s\u2019adapte aux chaussures de ski \u00e0 3<\/p>\n","protected":false},"featured_media":404653,"template":"","meta":{"_seopress_robots_primary_cat":"none","_seopress_titles_title":"","_seopress_titles_desc":"","_seopress_robots_index":""},"product_brand":[3616],"product_cat":[81,981,982],"product_tag":[],"class_list":{"0":"post-480418","1":"product","2":"type-product","3":"status-publish","4":"has-post-thumbnail","6":"product_brand-crazy-fr","7":"product_cat-vetements","8":"product_cat-vetements-de-loisirs","9":"product_cat-vetements-pour-hommes","10":"sws-gruppo-abb-libero-fr","11":"sws-conto-ricavi-merci-rivendita-abbigliamento-fr","12":"sws-gruppo-iva-iva81-fr","14":"first","15":"instock","16":"sale","17":"shipping-taxable","18":"purchasable","19":"product-type-variable"},"_links":{"self":[{"href":"https:\/\/lucacastelli.com\/fr\/wp-json\/wp\/v2\/product\/480418","targetHints":{"allow":["GET"]}}],"collection":[{"href":"https:\/\/lucacastelli.com\/fr\/wp-json\/wp\/v2\/product"}],"about":[{"href":"https:\/\/lucacastelli.com\/fr\/wp-json\/wp\/v2\/types\/product"}],"wp:featuredmedia":[{"embeddable":true,"href":"https:\/\/lucacastelli.com\/fr\/wp-json\/wp\/v2\/media\/404653"}],"wp:attachment":[{"href":"https:\/\/lucacastelli.com\/fr\/wp-json\/wp\/v2\/media?parent=480418"}],"wp:term":[{"taxonomy":"product_brand","embeddable":true,"href":"https:\/\/lucacastelli.com\/fr\/wp-json\/wp\/v2\/product_brand?post=480418"},{"taxonomy":"product_cat","embeddable":true,"href":"https:\/\/lucacastelli.com\/fr\/wp-json\/wp\/v2\/product_cat?post=480418"},{"taxonomy":"product_tag","embeddable":true,"href":"https:\/\/lucacastelli.com\/fr\/wp-json\/wp\/v2\/product_tag?post=480418"}],"curies":[{"name":"wp","href":"https:\/\/api.w.org\/{rel}","templated":true}]}}