{"id":480401,"date":"2025-04-07T16:53:00","date_gmt":"2025-04-07T14:53:00","guid":{"rendered":"https:\/\/lucacastelli.com\/prodotto\/crazy-jkt-homme-suivant\/"},"modified":"2026-04-17T23:19:54","modified_gmt":"2026-04-17T21:19:54","slug":"crazy-jkt-homme-suivant","status":"publish","type":"product","link":"https:\/\/lucacastelli.com\/fr\/produit\/crazy-jkt-homme-suivant\/","title":{"rendered":"CRAZY JKT NEXT MAN"},"content":{"rendered":"<p>Couche interm\u00e9diaire technique et protectrice au look agressif, con\u00e7ue pour les conditions m\u00e9t\u00e9orologiques les plus rigoureuses, lorsqu&#8217;une simple couche interm\u00e9diaire ne suffit pas et qu&#8217;une chaleur et une protection accrues sont n\u00e9cessaires. Elle est r\u00e9alis\u00e9e avec le tissu innovant bi-\u00e9lastique Two Face, doux et confortable \u00e0 l&#8217;int\u00e9rieur, mais avec une surface ext\u00e9rieure coupe-vent et r\u00e9sistante \u00e0 l&#8217;abrasion. Cette construction hybride la rend adapt\u00e9e pour \u00eatre utilis\u00e9e comme couche ext\u00e9rieure lors de journ\u00e9es venteuses ou comme couche interm\u00e9diaire tr\u00e8s chaude pour temp\u00e9ratures extr\u00eames.  <\/p>\n<p>\u2022 Maille ouverte avec zip frontale et capuche<br \/>\n\u2022 Poches pour les mains d\u00e9coup\u00e9es au laser avec zips coll\u00e9es<br \/>\n\u2022 Bords \u00e9lastiqu\u00e9s sur la capuche et aux poignets<br \/>\n\u2022 Trou pour le pouce<br \/>\n\u2022 Poche Easy Lock pour ARVA<br \/>\n\u2022 Coutures plates avec couleur contrastante<\/p>\n<p>POIDS : 445 g<\/p>\n","protected":false},"excerpt":{"rendered":"<p>Couche interm\u00e9diaire technique et protectrice au look agressif, con\u00e7ue pour les conditions m\u00e9t\u00e9orologiques les plus rigoureuses, lorsqu&#8217;une simple couche interm\u00e9diaire<\/p>\n","protected":false},"featured_media":404644,"template":"","meta":{"_seopress_robots_primary_cat":"","_seopress_titles_title":"","_seopress_titles_desc":"","_seopress_robots_index":""},"product_brand":[3616],"product_cat":[81,981,982],"product_tag":[],"class_list":{"0":"post-480401","1":"product","2":"type-product","3":"status-publish","4":"has-post-thumbnail","6":"product_brand-crazy-fr","7":"product_cat-vetements","8":"product_cat-vetements-de-loisirs","9":"product_cat-vetements-pour-hommes","10":"sws-gruppo-abb-libero-fr","11":"sws-conto-ricavi-merci-rivendita-abbigliamento-fr","12":"sws-gruppo-iva-iva81-fr","14":"first","15":"instock","16":"sale","17":"shipping-taxable","18":"purchasable","19":"product-type-variable"},"_links":{"self":[{"href":"https:\/\/lucacastelli.com\/fr\/wp-json\/wp\/v2\/product\/480401","targetHints":{"allow":["GET"]}}],"collection":[{"href":"https:\/\/lucacastelli.com\/fr\/wp-json\/wp\/v2\/product"}],"about":[{"href":"https:\/\/lucacastelli.com\/fr\/wp-json\/wp\/v2\/types\/product"}],"wp:featuredmedia":[{"embeddable":true,"href":"https:\/\/lucacastelli.com\/fr\/wp-json\/wp\/v2\/media\/404644"}],"wp:attachment":[{"href":"https:\/\/lucacastelli.com\/fr\/wp-json\/wp\/v2\/media?parent=480401"}],"wp:term":[{"taxonomy":"product_brand","embeddable":true,"href":"https:\/\/lucacastelli.com\/fr\/wp-json\/wp\/v2\/product_brand?post=480401"},{"taxonomy":"product_cat","embeddable":true,"href":"https:\/\/lucacastelli.com\/fr\/wp-json\/wp\/v2\/product_cat?post=480401"},{"taxonomy":"product_tag","embeddable":true,"href":"https:\/\/lucacastelli.com\/fr\/wp-json\/wp\/v2\/product_tag?post=480401"}],"curies":[{"name":"wp","href":"https:\/\/api.w.org\/{rel}","templated":true}]}}