{"id":480379,"date":"2025-04-07T16:53:00","date_gmt":"2025-04-07T14:53:00","guid":{"rendered":"https:\/\/lucacastelli.com\/prodotto\/crazy-gilet-channel-homme\/"},"modified":"2026-04-15T00:01:31","modified_gmt":"2026-04-14T22:01:31","slug":"crazy-gilet-channel-homme","status":"publish","type":"product","link":"https:\/\/lucacastelli.com\/fr\/produit\/crazy-gilet-channel-homme\/","title":{"rendered":"CRAZY VEST CHANNEL MAN"},"content":{"rendered":"<p>La nouvelle pi\u00e8ce technique hybride de la collection Crazy, le Vest Channel Man ! Il combine des panneaux matelass\u00e9s avec des panneaux en polaire pour optimiser protection, chaleur et respirabilit\u00e9. C&#8217;est donc la couche ext\u00e9rieure parfaite pour le ski-alpinisme et les activit\u00e9s par temps froid. Le panneau frontal est r\u00e9alis\u00e9 en tissu tubulaire I-Tube sans coutures et est rembourr\u00e9 avec<br \/>\nMicrorollo, un isolant synth\u00e9tique italien qui offre des performances thermiques similaires au duvet naturel et un s\u00e9chage rapide.<br \/>\nLes panneaux lat\u00e9raux et l&#8217;ourlet sont r\u00e9alis\u00e9s en tissu Two-Face, doux, respirant et hydrofuge. Les \u00e9paules et le dos sont en<br \/>\nAirtastic, un tissu l\u00e9ger, \u00e9lastique et hydrofuge. Ces panneaux sont enfin doubl\u00e9s en Polartec Alpha<br \/>\nDirect, un isolant en contact direct avec la peau, respirant et doux.<br \/>\nCette construction \u00e9labor\u00e9e et hautement technique vise \u00e0 fournir des performances parfaites pour chaque zone du corps.     <\/p>\n<p>\u2022 Fermeture \u00e9clair frontale \u00e0 double curseur<br \/>\n\u2022 Poches pour les mains avec fermeture \u00e9clair<br \/>\n\u2022 Ourlet \u00e9lastiqu\u00e9<br \/>\n\u2022 Poche poitrine avec fermeture \u00e9clair coll\u00e9e<br \/>\n\u2022 Logos r\u00e9fl\u00e9chissants<br \/>\n\u2022 Isolation en microrollo<br \/>\n\u2022 Coutures plates avec couleur contrastante<\/p>\n<p>POIDS : 255 g<\/p>\n","protected":false},"excerpt":{"rendered":"<p>La nouvelle pi\u00e8ce technique hybride de la collection Crazy, le Vest Channel Man ! Il combine des panneaux matelass\u00e9s avec<\/p>\n","protected":false},"featured_media":649579,"template":"","meta":{"_seopress_robots_primary_cat":"none","_seopress_titles_title":"","_seopress_titles_desc":"","_seopress_robots_index":""},"product_brand":[3616],"product_cat":[81,981,982],"product_tag":[],"class_list":{"0":"post-480379","1":"product","2":"type-product","3":"status-publish","4":"has-post-thumbnail","6":"product_brand-crazy-fr","7":"product_cat-vetements","8":"product_cat-vetements-de-loisirs","9":"product_cat-vetements-pour-hommes","10":"sws-gruppo-abb-libero-fr","11":"sws-conto-ricavi-merci-rivendita-abbigliamento-fr","12":"sws-gruppo-iva-iva81-fr","14":"first","15":"instock","16":"sale","17":"shipping-taxable","18":"purchasable","19":"product-type-variable"},"_links":{"self":[{"href":"https:\/\/lucacastelli.com\/fr\/wp-json\/wp\/v2\/product\/480379","targetHints":{"allow":["GET"]}}],"collection":[{"href":"https:\/\/lucacastelli.com\/fr\/wp-json\/wp\/v2\/product"}],"about":[{"href":"https:\/\/lucacastelli.com\/fr\/wp-json\/wp\/v2\/types\/product"}],"wp:featuredmedia":[{"embeddable":true,"href":"https:\/\/lucacastelli.com\/fr\/wp-json\/wp\/v2\/media\/649579"}],"wp:attachment":[{"href":"https:\/\/lucacastelli.com\/fr\/wp-json\/wp\/v2\/media?parent=480379"}],"wp:term":[{"taxonomy":"product_brand","embeddable":true,"href":"https:\/\/lucacastelli.com\/fr\/wp-json\/wp\/v2\/product_brand?post=480379"},{"taxonomy":"product_cat","embeddable":true,"href":"https:\/\/lucacastelli.com\/fr\/wp-json\/wp\/v2\/product_cat?post=480379"},{"taxonomy":"product_tag","embeddable":true,"href":"https:\/\/lucacastelli.com\/fr\/wp-json\/wp\/v2\/product_tag?post=480379"}],"curies":[{"name":"wp","href":"https:\/\/api.w.org\/{rel}","templated":true}]}}