{"id":480376,"date":"2025-11-24T16:53:00","date_gmt":"2025-11-24T15:53:00","guid":{"rendered":"https:\/\/lucacastelli.com\/prodotto\/crazy-homme-de-canal-jkt\/"},"modified":"2026-04-15T00:01:30","modified_gmt":"2026-04-14T22:01:30","slug":"crazy-homme-de-canal-jkt","status":"publish","type":"product","link":"https:\/\/lucacastelli.com\/fr\/produit\/crazy-homme-de-canal-jkt\/","title":{"rendered":"CRAZY HOMME DE CANAL JKT"},"content":{"rendered":"<p>La nouvelle veste technique hybride de la collection Crazy, la Jkt Channel Man ! Elle combine des panneaux rembourr\u00e9s avec des panneaux en polaire pour optimiser la protection, la chaleur et la respirabilit\u00e9. Cela en fait une couche ext\u00e9rieure parfaite pour le ski de randonn\u00e9e et les activit\u00e9s par temps froid.<br \/>\nLe panneau avant est fabriqu\u00e9 en tissu tubulaire I-Tube sans coutures et isol\u00e9 avec Microrollo, un isolant synth\u00e9tique italien offrant des performances thermiques similaires au duvet naturel et un s\u00e9chage rapide.  <\/p>\n<p>Les panneaux lat\u00e9raux et l&#8217;ourlet sont fabriqu\u00e9s en tissu Two-Face, doux, respirant et d\u00e9perlant.<br \/>\nLes \u00e9paules, les manches et le dos sont en Airtastic, un tissu l\u00e9ger, \u00e9lastique et d\u00e9perlant. Ces panneaux sont doubl\u00e9s de Polartec Alpha Direct, un isolant respirant et doux en contact direct avec la peau.<br \/>\nCette construction \u00e9labor\u00e9e et extr\u00eamement technique vise \u00e0 fournir des performances parfaites pour chaque zone du corps. <\/p>\n<p>\u2022 Capuche ergonomique avec bordure \u00e9lastique et visi\u00e8re<br \/>\n\u2022 Ouverture frontale zipp\u00e9e<br \/>\n\u2022 Poches pour les mains zipp\u00e9es<br \/>\n\u2022 Poche poitrine avec zip thermocoll\u00e9<br \/>\n\u2022 Passe-pouce<br \/>\n\u2022 Isolation Microrollo<br \/>\n\u2022 Logos r\u00e9fl\u00e9chissants<br \/>\n\u2022 Coutures plates contrast\u00e9es<br \/>\n\u2022 Ourlet \u00e9lastique<\/p>\n<p>POIDS&nbsp;: 355 gr<\/p>\n","protected":false},"excerpt":{"rendered":"<p>La nouvelle veste technique hybride de la collection Crazy, la Jkt Channel Man ! Elle combine des panneaux rembourr\u00e9s avec<\/p>\n","protected":false},"featured_media":649605,"template":"","meta":{"_seopress_robots_primary_cat":"none","_seopress_titles_title":"","_seopress_titles_desc":"","_seopress_robots_index":""},"product_brand":[3413],"product_cat":[21,189,190],"product_tag":[],"class_list":{"0":"post-480376","1":"product","2":"type-product","3":"status-publish","4":"has-post-thumbnail","6":"product_brand-crazy","7":"product_cat-abbigliamento","8":"product_cat-abbigliamento-per-il-tempo-libero","9":"product_cat-abbigliamento-da-uomo","10":"sws-gruppo-abb-libero-fr","11":"sws-conto-ricavi-merci-rivendita-abbigliamento-fr","12":"sws-gruppo-iva-iva81-fr","14":"first","15":"instock","16":"sale","17":"shipping-taxable","18":"purchasable","19":"product-type-variable"},"_links":{"self":[{"href":"https:\/\/lucacastelli.com\/fr\/wp-json\/wp\/v2\/product\/480376","targetHints":{"allow":["GET"]}}],"collection":[{"href":"https:\/\/lucacastelli.com\/fr\/wp-json\/wp\/v2\/product"}],"about":[{"href":"https:\/\/lucacastelli.com\/fr\/wp-json\/wp\/v2\/types\/product"}],"wp:featuredmedia":[{"embeddable":true,"href":"https:\/\/lucacastelli.com\/fr\/wp-json\/wp\/v2\/media\/649605"}],"wp:attachment":[{"href":"https:\/\/lucacastelli.com\/fr\/wp-json\/wp\/v2\/media?parent=480376"}],"wp:term":[{"taxonomy":"product_brand","embeddable":true,"href":"https:\/\/lucacastelli.com\/fr\/wp-json\/wp\/v2\/product_brand?post=480376"},{"taxonomy":"product_cat","embeddable":true,"href":"https:\/\/lucacastelli.com\/fr\/wp-json\/wp\/v2\/product_cat?post=480376"},{"taxonomy":"product_tag","embeddable":true,"href":"https:\/\/lucacastelli.com\/fr\/wp-json\/wp\/v2\/product_tag?post=480376"}],"curies":[{"name":"wp","href":"https:\/\/api.w.org\/{rel}","templated":true}]}}