{"id":480365,"date":"2025-04-07T16:53:00","date_gmt":"2025-04-07T14:53:00","guid":{"rendered":"https:\/\/lucacastelli.com\/prodotto\/crazy-jkt-vengeur\/"},"modified":"2026-04-15T00:01:31","modified_gmt":"2026-04-14T22:01:31","slug":"crazy-jkt-vengeur","status":"publish","type":"product","link":"https:\/\/lucacastelli.com\/fr\/produit\/crazy-jkt-vengeur\/","title":{"rendered":"CRAZY JKT VENGEUR"},"content":{"rendered":"<p>Refonte compl\u00e8te de notre Jkt Avenger, l\u2019un des mod\u00e8les originaux de Crazy, cr\u00e9\u00e9 pour les athl\u00e8tes en formation.<br \/>\nCette veste \u00e0 capuche hybride est id\u00e9ale pour l\u2019entra\u00eenement, pour les activit\u00e9s de plein air de haute intensit\u00e9 dans les climats plus froids, ou comme couche ext\u00e9rieure lors des journ\u00e9es plus chaudes. Il est fabriqu\u00e9 dans un tissu softshell Endurance extr\u00eamement respirant et coupe-vent avec un traitement d\u00e9perlant DWR. Les panneaux lat\u00e9raux et l\u2019ourlet sont en tissu double face pour am\u00e9liorer la respirabilit\u00e9 et l\u2019\u00e9lasticit\u00e9 dans les zones les plus strat\u00e9giques.<br \/>\nLe design de cette saison est enti\u00e8rement renouvel\u00e9 pour un look \u00e9pur\u00e9 et agressif.  <\/p>\n<p>\u2022 Capuche ergonomique avec bordure \u00e9lastique<br \/>\n\u2022 Poches lat\u00e9rales et une poche poitrine avec fermeture \u00e9clair, bo\u00eete r\u00e9fl\u00e9chissante et passepoil\u2022<br \/>\n Fermeture \u00e9clair frontale enti\u00e8rement divisible avec rabat de protection<br \/>\n\u2022 Coutures plates contrast\u00e9es<br \/>\n\u2022 Logos r\u00e9fl\u00e9chissants\u2022 Impression en silicone antid\u00e9rapante sur les \u00e9paules<\/p>\n<p>\u2022 Ourlet \u00e9lastique<\/p>\n<p>POIDS&nbsp;: 300 gr<\/p>\n","protected":false},"excerpt":{"rendered":"<p>Refonte compl\u00e8te de notre Jkt Avenger, l\u2019un des mod\u00e8les originaux de Crazy, cr\u00e9\u00e9 pour les athl\u00e8tes en formation. Cette veste<\/p>\n","protected":false},"featured_media":404605,"template":"","meta":{"_seopress_robots_primary_cat":"","_seopress_titles_title":"","_seopress_titles_desc":"","_seopress_robots_index":""},"product_brand":[3616],"product_cat":[81,981,982],"product_tag":[],"class_list":{"0":"post-480365","1":"product","2":"type-product","3":"status-publish","4":"has-post-thumbnail","6":"product_brand-crazy-fr","7":"product_cat-vetements","8":"product_cat-vetements-de-loisirs","9":"product_cat-vetements-pour-hommes","10":"sws-gruppo-abb-libero-fr","11":"sws-conto-ricavi-merci-rivendita-abbigliamento-fr","12":"sws-gruppo-iva-iva81-fr","14":"first","15":"instock","16":"sale","17":"shipping-taxable","18":"purchasable","19":"product-type-variable"},"_links":{"self":[{"href":"https:\/\/lucacastelli.com\/fr\/wp-json\/wp\/v2\/product\/480365","targetHints":{"allow":["GET"]}}],"collection":[{"href":"https:\/\/lucacastelli.com\/fr\/wp-json\/wp\/v2\/product"}],"about":[{"href":"https:\/\/lucacastelli.com\/fr\/wp-json\/wp\/v2\/types\/product"}],"wp:featuredmedia":[{"embeddable":true,"href":"https:\/\/lucacastelli.com\/fr\/wp-json\/wp\/v2\/media\/404605"}],"wp:attachment":[{"href":"https:\/\/lucacastelli.com\/fr\/wp-json\/wp\/v2\/media?parent=480365"}],"wp:term":[{"taxonomy":"product_brand","embeddable":true,"href":"https:\/\/lucacastelli.com\/fr\/wp-json\/wp\/v2\/product_brand?post=480365"},{"taxonomy":"product_cat","embeddable":true,"href":"https:\/\/lucacastelli.com\/fr\/wp-json\/wp\/v2\/product_cat?post=480365"},{"taxonomy":"product_tag","embeddable":true,"href":"https:\/\/lucacastelli.com\/fr\/wp-json\/wp\/v2\/product_tag?post=480365"}],"curies":[{"name":"wp","href":"https:\/\/api.w.org\/{rel}","templated":true}]}}