{"id":480362,"date":"2025-04-07T16:53:00","date_gmt":"2025-04-07T14:53:00","guid":{"rendered":"https:\/\/lucacastelli.com\/prodotto\/crazy-flamme-jkt\/"},"modified":"2026-04-15T00:01:30","modified_gmt":"2026-04-14T22:01:30","slug":"crazy-flamme-jkt","status":"publish","type":"product","link":"https:\/\/lucacastelli.com\/fr\/produit\/crazy-flamme-jkt\/","title":{"rendered":"CRAZY FLAMME JKT"},"content":{"rendered":"<p>La nouvelle doudoune de notre collection pr\u00e9sente un design unique gr\u00e2ce \u00e0 un syst\u00e8me de collage complexe qui remplace les coutures traditionnelles. En plus de l\u2019effet visuel, le collage assure la stabilit\u00e9 du duvet, r\u00e9duisant ainsi les points de fuite potentiels.<br \/>\nIl s\u2019agit d\u2019une doudoune de poids moyen, con\u00e7ue pour l\u2019activit\u00e9, avec diff\u00e9rents rembourrages dans diff\u00e9rentes parties du corps : toute la section principale (panneau avant, manches et dos) est remplie de duvet. Les \u00e9paules, quant \u00e0 elles, sont rembourr\u00e9es de Primaloft pour offrir une plus grande r\u00e9sistance \u00e0 l\u2019eau dans les zones les plus expos\u00e9es \u00e0 l\u2019eau et \u00e0 la neige. Les panneaux lat\u00e9raux sont fabriqu\u00e9s en tissu tubulaire sans couture et rembourr\u00e9s de Microrollo, un rembourrage synth\u00e9tique italien. Les panneaux lat\u00e9raux sont \u00e9galement \u00e9lastiques, ce qui rend la veste extr\u00eamement confortable pendant l\u2019activit\u00e9.<br \/>\nGr\u00e2ce \u00e0 cette construction, la Jkt Flame est la doudoune parfaite pour le ski de randonn\u00e9e et les activit\u00e9s de montagne.<\/p>\n<p>&nbsp;<\/p>\n<p>\u2022 Fermeture \u00e9clair frontale divisible<br \/>\n\u2022 2 poches lat\u00e9rales<br \/>\n\u2022 Poche poitrine zipp\u00e9e<br \/>\n\u2022 Garnissage en duvet<br \/>\n\u2022 Poignets, ourlet et capuche \u00e9lastiqu\u00e9s<br \/>\n\u2022 Logos r\u00e9fl\u00e9chissants<\/p>\n<p>&nbsp;<\/p>\n<p>POIDS&nbsp;: 370 gr<\/p>\n","protected":false},"excerpt":{"rendered":"<p>La nouvelle doudoune de notre collection pr\u00e9sente un design unique gr\u00e2ce \u00e0 un syst\u00e8me de collage complexe qui remplace les<\/p>\n","protected":false},"featured_media":404593,"template":"","meta":{"_seopress_robots_primary_cat":"","_seopress_titles_title":"","_seopress_titles_desc":"","_seopress_robots_index":""},"product_brand":[3616],"product_cat":[81,981,982],"product_tag":[],"class_list":{"0":"post-480362","1":"product","2":"type-product","3":"status-publish","4":"has-post-thumbnail","6":"product_brand-crazy-fr","7":"product_cat-vetements","8":"product_cat-vetements-de-loisirs","9":"product_cat-vetements-pour-hommes","10":"sws-gruppo-abb-libero-fr","11":"sws-conto-ricavi-merci-rivendita-abbigliamento-fr","12":"sws-gruppo-iva-iva81-fr","14":"first","15":"instock","16":"sale","17":"shipping-taxable","18":"purchasable","19":"product-type-variable"},"_links":{"self":[{"href":"https:\/\/lucacastelli.com\/fr\/wp-json\/wp\/v2\/product\/480362","targetHints":{"allow":["GET"]}}],"collection":[{"href":"https:\/\/lucacastelli.com\/fr\/wp-json\/wp\/v2\/product"}],"about":[{"href":"https:\/\/lucacastelli.com\/fr\/wp-json\/wp\/v2\/types\/product"}],"wp:featuredmedia":[{"embeddable":true,"href":"https:\/\/lucacastelli.com\/fr\/wp-json\/wp\/v2\/media\/404593"}],"wp:attachment":[{"href":"https:\/\/lucacastelli.com\/fr\/wp-json\/wp\/v2\/media?parent=480362"}],"wp:term":[{"taxonomy":"product_brand","embeddable":true,"href":"https:\/\/lucacastelli.com\/fr\/wp-json\/wp\/v2\/product_brand?post=480362"},{"taxonomy":"product_cat","embeddable":true,"href":"https:\/\/lucacastelli.com\/fr\/wp-json\/wp\/v2\/product_cat?post=480362"},{"taxonomy":"product_tag","embeddable":true,"href":"https:\/\/lucacastelli.com\/fr\/wp-json\/wp\/v2\/product_tag?post=480362"}],"curies":[{"name":"wp","href":"https:\/\/api.w.org\/{rel}","templated":true}]}}