{"id":480350,"date":"2025-04-07T16:53:00","date_gmt":"2025-04-07T14:53:00","guid":{"rendered":"https:\/\/lucacastelli.com\/prodotto\/crazy-acceleration-jkt\/"},"modified":"2026-04-15T00:01:30","modified_gmt":"2026-04-14T22:01:30","slug":"crazy-acceleration-jkt","status":"publish","type":"product","link":"https:\/\/lucacastelli.com\/fr\/produit\/crazy-acceleration-jkt\/","title":{"rendered":"CRAZY ACC\u00c9L\u00c9RATION JKT"},"content":{"rendered":"<p>La veste interm\u00e9diaire la plus performante du march\u00e9.<br \/>\nIl s\u2019agit de l\u2019\u00e9volution de la premi\u00e8re doudoune cr\u00e9\u00e9e par Crazy pour les principales courses classiques de ski alpinisme en 2013, lorsque le r\u00e8glement a d\u2019abord exig\u00e9 une doudoune dans le cadre de l\u2019\u00e9quipement obligatoire.<br \/>\nCrazy a imm\u00e9diatement con\u00e7u une veste extr\u00eamement l\u00e9g\u00e8re et compressible qui offrait de la chaleur avec un encombrement minimal et, surtout, \u00e9tait enti\u00e8rement \u00e9lastique. Ce fut un succ\u00e8s instantan\u00e9 et aujourd\u2019hui, la Jkt Acceleration reste la veste parfaite pour les activit\u00e9s les plus intenses, mais son look \u00e9l\u00e9gant la rend \u00e9galement adapt\u00e9e \u00e0 un usage quotidien.<br \/>\nIl est enti\u00e8rement fabriqu\u00e9 dans le tissu ext\u00e9rieur Air-tastic de Toray, qui est l\u00e9ger, hydrofuge, coupe-vent et r\u00e9sistant aux coupures.<br \/>\nLa veste est rembourr\u00e9e d\u2019une isolation extensible dans les 4 sens \u00e0 la pointe de la technologie, qui offre une r\u00e9tention de chaleur \u00e9lev\u00e9e, une compressibilit\u00e9 et un s\u00e9chage rapide.<br \/>\nNous avons inclus une poche int\u00e9rieure pour un rangement rapide des accessoires comme les gants et les bonnets, ainsi que deux poches pour les mains. <\/p>\n<p>\u2022 Veste isol\u00e9e extensible dans les 4 sens avec capuche<br \/>\n\u2022 1 poche poitrine zipp\u00e9e<br \/>\n\u2022 1 grande poche poitrine en tissu avec bord \u00e9lastiqu\u00e9.<br \/>\n\u2022 Capuche avec doublure et visi\u00e8re rigide pour prot\u00e9ger de la pluie<br \/>\n\u2022 Ourlet \u00e9lastiqu\u00e9<\/p>\n<p>POIDS&nbsp;: 304 gr<\/p>\n","protected":false},"excerpt":{"rendered":"<p>La veste interm\u00e9diaire la plus performante du march\u00e9. Il s\u2019agit de l\u2019\u00e9volution de la premi\u00e8re doudoune cr\u00e9\u00e9e par Crazy pour<\/p>\n","protected":false},"featured_media":404582,"template":"","meta":{"_seopress_robots_primary_cat":"","_seopress_titles_title":"","_seopress_titles_desc":"","_seopress_robots_index":""},"product_brand":[3413],"product_cat":[21,189,190],"product_tag":[],"class_list":{"0":"post-480350","1":"product","2":"type-product","3":"status-publish","4":"has-post-thumbnail","6":"product_brand-crazy","7":"product_cat-abbigliamento","8":"product_cat-abbigliamento-per-il-tempo-libero","9":"product_cat-abbigliamento-da-uomo","10":"sws-gruppo-abb-libero-fr","11":"sws-conto-ricavi-merci-rivendita-abbigliamento-fr","12":"sws-gruppo-iva-iva81-fr","14":"first","15":"instock","16":"sale","17":"shipping-taxable","18":"purchasable","19":"product-type-variable"},"_links":{"self":[{"href":"https:\/\/lucacastelli.com\/fr\/wp-json\/wp\/v2\/product\/480350","targetHints":{"allow":["GET"]}}],"collection":[{"href":"https:\/\/lucacastelli.com\/fr\/wp-json\/wp\/v2\/product"}],"about":[{"href":"https:\/\/lucacastelli.com\/fr\/wp-json\/wp\/v2\/types\/product"}],"wp:featuredmedia":[{"embeddable":true,"href":"https:\/\/lucacastelli.com\/fr\/wp-json\/wp\/v2\/media\/404582"}],"wp:attachment":[{"href":"https:\/\/lucacastelli.com\/fr\/wp-json\/wp\/v2\/media?parent=480350"}],"wp:term":[{"taxonomy":"product_brand","embeddable":true,"href":"https:\/\/lucacastelli.com\/fr\/wp-json\/wp\/v2\/product_brand?post=480350"},{"taxonomy":"product_cat","embeddable":true,"href":"https:\/\/lucacastelli.com\/fr\/wp-json\/wp\/v2\/product_cat?post=480350"},{"taxonomy":"product_tag","embeddable":true,"href":"https:\/\/lucacastelli.com\/fr\/wp-json\/wp\/v2\/product_tag?post=480350"}],"curies":[{"name":"wp","href":"https:\/\/api.w.org\/{rel}","templated":true}]}}