{"id":480341,"date":"2025-04-07T16:53:00","date_gmt":"2025-04-07T14:53:00","guid":{"rendered":"https:\/\/lucacastelli.com\/prodotto\/crazy-montee-par-traction-2\/"},"modified":"2026-04-15T00:01:35","modified_gmt":"2026-04-14T22:01:35","slug":"crazy-montee-par-traction-2","status":"publish","type":"product","link":"https:\/\/lucacastelli.com\/fr\/produit\/crazy-montee-par-traction-2\/","title":{"rendered":"CRAZY MONT\u00c9E PAR TRACTION"},"content":{"rendered":"<p>Partez \u00e0 l\u2019aventure en plein air avec notre nouvelle couche interm\u00e9diaire demi-zipp\u00e9e, dot\u00e9e d\u2019un style incroyable qui s\u2019accorde parfaitement avec les diff\u00e9rentes familles de la collection. C\u2019est la deuxi\u00e8me couche technique parfaite pour les jours plus froids.<br \/>\nLe Pull Ascent est enti\u00e8rement fabriqu\u00e9 en tissu High Performance, notre tissu phare pour combiner respirabilit\u00e9 et r\u00e9tention de chaleur dans les couches interm\u00e9diaires.<br \/>\nLe design moderne et color\u00e9 est enrichi par des coutures plates contrast\u00e9es et une poche int\u00e9rieure pratique pour ARTVA. <\/p>\n<p>\u2022 Pull demi-zip avec col montant ajust\u00e9<br \/>\n\u2022 Poche poitrine avec fermeture \u00e9clair coll\u00e9e<br \/>\n\u2022 Logos r\u00e9fl\u00e9chissants<br \/>\n\u2022 Coutures plates de couleur contrast\u00e9e<br \/>\n\u2022 Poche int\u00e9rieure pour DVA (DVA)<\/p>\n<p>POIDS&nbsp;: 305 gr<\/p>\n","protected":false},"excerpt":{"rendered":"<p>Partez \u00e0 l\u2019aventure en plein air avec notre nouvelle couche interm\u00e9diaire demi-zipp\u00e9e, dot\u00e9e d\u2019un style incroyable qui s\u2019accorde parfaitement avec<\/p>\n","protected":false},"featured_media":404535,"template":"","meta":{"_seopress_robots_primary_cat":"","_seopress_titles_title":"","_seopress_titles_desc":"","_seopress_robots_index":""},"product_brand":[3413],"product_cat":[21,189,190],"product_tag":[],"class_list":{"0":"post-480341","1":"product","2":"type-product","3":"status-publish","4":"has-post-thumbnail","6":"product_brand-crazy","7":"product_cat-abbigliamento","8":"product_cat-abbigliamento-per-il-tempo-libero","9":"product_cat-abbigliamento-da-uomo","10":"sws-gruppo-abb-libero-fr","11":"sws-conto-ricavi-merci-rivendita-abbigliamento-fr","12":"sws-gruppo-iva-iva81-fr","14":"first","15":"instock","16":"sale","17":"shipping-taxable","18":"purchasable","19":"product-type-variable","20":"has-default-attributes"},"_links":{"self":[{"href":"https:\/\/lucacastelli.com\/fr\/wp-json\/wp\/v2\/product\/480341","targetHints":{"allow":["GET"]}}],"collection":[{"href":"https:\/\/lucacastelli.com\/fr\/wp-json\/wp\/v2\/product"}],"about":[{"href":"https:\/\/lucacastelli.com\/fr\/wp-json\/wp\/v2\/types\/product"}],"wp:featuredmedia":[{"embeddable":true,"href":"https:\/\/lucacastelli.com\/fr\/wp-json\/wp\/v2\/media\/404535"}],"wp:attachment":[{"href":"https:\/\/lucacastelli.com\/fr\/wp-json\/wp\/v2\/media?parent=480341"}],"wp:term":[{"taxonomy":"product_brand","embeddable":true,"href":"https:\/\/lucacastelli.com\/fr\/wp-json\/wp\/v2\/product_brand?post=480341"},{"taxonomy":"product_cat","embeddable":true,"href":"https:\/\/lucacastelli.com\/fr\/wp-json\/wp\/v2\/product_cat?post=480341"},{"taxonomy":"product_tag","embeddable":true,"href":"https:\/\/lucacastelli.com\/fr\/wp-json\/wp\/v2\/product_tag?post=480341"}],"curies":[{"name":"wp","href":"https:\/\/api.w.org\/{rel}","templated":true}]}}