{"id":480332,"date":"2025-04-07T16:53:00","date_gmt":"2025-04-07T14:53:00","guid":{"rendered":"https:\/\/lucacastelli.com\/prodotto\/crazy-jkt-boosted-proof-3l-homme\/"},"modified":"2026-04-15T00:01:29","modified_gmt":"2026-04-14T22:01:29","slug":"crazy-jkt-boosted-proof-3l-homme","status":"publish","type":"product","link":"https:\/\/lucacastelli.com\/fr\/produit\/crazy-jkt-boosted-proof-3l-homme\/","title":{"rendered":"CRAZY JKT BOOSTED PROOF 3L MAN"},"content":{"rendered":"<p>Coque imperm\u00e9able trois couches, l\u00e9g\u00e8re, compressible et \u00e9lastique&#8230; le tout dans le plus pur style CRAZY ! Contrairement aux autres coques du march\u00e9, la Jkt<br \/>\nBoosted Proof est con\u00e7ue pour les activit\u00e9s \u00e0 haute intensit\u00e9, gr\u00e2ce \u00e0 son tissu enti\u00e8rement \u00e9lastique et sa construction qui am\u00e9liore les mouvements.<br \/>\nL&#8217;imperm\u00e9abilit\u00e9 est assur\u00e9e par l&#8217;excellent tissu Dermizax avec une colonne d&#8217;eau de 20K mm et des coutures thermosoud\u00e9es. La respirabilit\u00e9 est garantie par le syst\u00e8me exclusif Shark Vents, imagin\u00e9 par CRAZY, qui permet la circulation de l&#8217;air et l&#8217;\u00e9vacuation de l&#8217;humidit\u00e9 corporelle, tout en maintenant l&#8217;imperm\u00e9abilit\u00e9.  <\/p>\n<p>&nbsp;<\/p>\n<p>\u2022 Coutures enti\u00e8rement thermosoud\u00e9es<br \/>\n\u2022 Imperm\u00e9abilit\u00e9 20 000 mm<br \/>\n\u2022 Fermeture magn\u00e9tique, pour une utilisation facile m\u00eame avec des gants<br \/>\n\u2022 Capuche ajust\u00e9e avec visi\u00e8re rigide<br \/>\n\u2022 2 poches poitrine zipp\u00e9es<br \/>\n\u2022 Coutures plates contrast\u00e9es<br \/>\n\u2022 Zones sous les aisselles avec syst\u00e8me de ventilation &#8220;Shark squad&#8221;<br \/>\n\u2022 Pliable dans la poche int\u00e9rieure<\/p>\n<p>POIDS : 346 g<\/p>\n","protected":false},"excerpt":{"rendered":"<p>Coque imperm\u00e9able trois couches, l\u00e9g\u00e8re, compressible et \u00e9lastique&#8230; le tout dans le plus pur style CRAZY ! Contrairement aux autres<\/p>\n","protected":false},"featured_media":404552,"template":"","meta":{"_seopress_robots_primary_cat":"none","_seopress_titles_title":"","_seopress_titles_desc":"","_seopress_robots_index":""},"product_brand":[3616],"product_cat":[81,981,982],"product_tag":[],"class_list":{"0":"post-480332","1":"product","2":"type-product","3":"status-publish","4":"has-post-thumbnail","6":"product_brand-crazy-fr","7":"product_cat-vetements","8":"product_cat-vetements-de-loisirs","9":"product_cat-vetements-pour-hommes","10":"sws-gruppo-abb-libero-fr","11":"sws-conto-ricavi-merci-rivendita-abbigliamento-fr","12":"sws-gruppo-iva-iva81-fr","14":"first","15":"instock","16":"sale","17":"shipping-taxable","18":"purchasable","19":"product-type-variable"},"_links":{"self":[{"href":"https:\/\/lucacastelli.com\/fr\/wp-json\/wp\/v2\/product\/480332","targetHints":{"allow":["GET"]}}],"collection":[{"href":"https:\/\/lucacastelli.com\/fr\/wp-json\/wp\/v2\/product"}],"about":[{"href":"https:\/\/lucacastelli.com\/fr\/wp-json\/wp\/v2\/types\/product"}],"wp:featuredmedia":[{"embeddable":true,"href":"https:\/\/lucacastelli.com\/fr\/wp-json\/wp\/v2\/media\/404552"}],"wp:attachment":[{"href":"https:\/\/lucacastelli.com\/fr\/wp-json\/wp\/v2\/media?parent=480332"}],"wp:term":[{"taxonomy":"product_brand","embeddable":true,"href":"https:\/\/lucacastelli.com\/fr\/wp-json\/wp\/v2\/product_brand?post=480332"},{"taxonomy":"product_cat","embeddable":true,"href":"https:\/\/lucacastelli.com\/fr\/wp-json\/wp\/v2\/product_cat?post=480332"},{"taxonomy":"product_tag","embeddable":true,"href":"https:\/\/lucacastelli.com\/fr\/wp-json\/wp\/v2\/product_tag?post=480332"}],"curies":[{"name":"wp","href":"https:\/\/api.w.org\/{rel}","templated":true}]}}