{"id":480314,"date":"2025-04-07T16:53:00","date_gmt":"2025-04-07T14:53:00","guid":{"rendered":"https:\/\/lucacastelli.com\/prodotto\/crazy-resolution-dextraction-6\/"},"modified":"2026-04-15T00:01:34","modified_gmt":"2026-04-14T22:01:34","slug":"crazy-resolution-dextraction-6","status":"publish","type":"product","link":"https:\/\/lucacastelli.com\/fr\/produit\/crazy-resolution-dextraction-6\/","title":{"rendered":"CRAZY R\u00c9SOLUTION D\u2019EXTRACTION"},"content":{"rendered":"<p>La famille Resolution repr\u00e9sente l\u2019\u00e9volution du style montagnard avec son design moderne et \u00e9l\u00e9gant. Notre Pull Resolution est l\u2019article le plus populaire de la collection Crazy.<br \/>\nIl s\u2019agit d\u2019une couche interm\u00e9diaire d\u00e9di\u00e9e au ski de randonn\u00e9e et aux sports d\u2019intensit\u00e9 moyenne. Il peut \u00eatre utilis\u00e9 comme couche interm\u00e9diaire lors des journ\u00e9es particuli\u00e8rement froides ou comme couche ext\u00e9rieure pendant les saisons de transition.<br \/>\nFabriqu\u00e9 en tissu haute performance, il est extr\u00eamement doux et performant. Ce v\u00eatement utilise la version 3D du tissu, caract\u00e9ris\u00e9e par une structure cellulaire tridimensionnelle qui am\u00e9liore la respirabilit\u00e9.  <\/p>\n<p>\u2022 Poches pour les mains avec fermetures<br \/>\n \u00e9clair\u2022 Poche \u00e9metteur-r\u00e9cepteur avec syst\u00e8me EASY LOCK<br \/>\n\u2022 \u00c9lastique sur le bas et les poignets<br \/>\n\u2022 Logos r\u00e9fl\u00e9chissants<br \/>\n\u2022 Coutures plates de couleur contrast\u00e9e<\/p>\n<p>POIDS&nbsp;: 334 gr<\/p>\n","protected":false},"excerpt":{"rendered":"<p>La famille Resolution repr\u00e9sente l\u2019\u00e9volution du style montagnard avec son design moderne et \u00e9l\u00e9gant. Notre Pull Resolution est l\u2019article le<\/p>\n","protected":false},"featured_media":404493,"template":"","meta":{"_seopress_robots_primary_cat":"","_seopress_titles_title":"","_seopress_titles_desc":"","_seopress_robots_index":""},"product_brand":[3616],"product_cat":[81,981,982],"product_tag":[],"class_list":{"0":"post-480314","1":"product","2":"type-product","3":"status-publish","4":"has-post-thumbnail","6":"product_brand-crazy-fr","7":"product_cat-vetements","8":"product_cat-vetements-de-loisirs","9":"product_cat-vetements-pour-hommes","10":"sws-gruppo-abb-libero-fr","11":"sws-conto-ricavi-merci-rivendita-abbigliamento-fr","12":"sws-gruppo-iva-iva81-fr","14":"first","15":"instock","16":"sale","17":"shipping-taxable","18":"purchasable","19":"product-type-variable"},"_links":{"self":[{"href":"https:\/\/lucacastelli.com\/fr\/wp-json\/wp\/v2\/product\/480314","targetHints":{"allow":["GET"]}}],"collection":[{"href":"https:\/\/lucacastelli.com\/fr\/wp-json\/wp\/v2\/product"}],"about":[{"href":"https:\/\/lucacastelli.com\/fr\/wp-json\/wp\/v2\/types\/product"}],"wp:featuredmedia":[{"embeddable":true,"href":"https:\/\/lucacastelli.com\/fr\/wp-json\/wp\/v2\/media\/404493"}],"wp:attachment":[{"href":"https:\/\/lucacastelli.com\/fr\/wp-json\/wp\/v2\/media?parent=480314"}],"wp:term":[{"taxonomy":"product_brand","embeddable":true,"href":"https:\/\/lucacastelli.com\/fr\/wp-json\/wp\/v2\/product_brand?post=480314"},{"taxonomy":"product_cat","embeddable":true,"href":"https:\/\/lucacastelli.com\/fr\/wp-json\/wp\/v2\/product_cat?post=480314"},{"taxonomy":"product_tag","embeddable":true,"href":"https:\/\/lucacastelli.com\/fr\/wp-json\/wp\/v2\/product_tag?post=480314"}],"curies":[{"name":"wp","href":"https:\/\/api.w.org\/{rel}","templated":true}]}}