{"id":480256,"date":"2025-04-07T16:53:00","date_gmt":"2025-04-07T14:53:00","guid":{"rendered":"https:\/\/lucacastelli.com\/prodotto\/crazy-attraction-pegasus\/"},"modified":"2026-04-15T00:01:32","modified_gmt":"2026-04-14T22:01:32","slug":"crazy-attraction-pegasus","status":"publish","type":"product","link":"https:\/\/lucacastelli.com\/fr\/produit\/crazy-attraction-pegasus\/","title":{"rendered":"CRAZY ATTRACTION PEGASUS"},"content":{"rendered":"<p>Nouveaut\u00e9 de notre collection d\u2019hiver, le Pegasus Pull est une couche interm\u00e9diaire essentielle \u00e0 l\u2019esprit activewear et au look agressif et minimaliste, parfait pour les activit\u00e9s de montagne et le quotidien.<br \/>\nSon look moderne et \u00e9pur\u00e9 est compl\u00e9t\u00e9 par le tissu Endurance combin\u00e9 \u00e0 la Vuelta et \u00e0 la technologie r\u00e9volutionnaire Acrofuse : une technique de collage innovante dans laquelle les coutures sont remplac\u00e9es par des micro-liaisons qui relient les tissus sans avoir besoin de rubans.<br \/>\nGr\u00e2ce \u00e0 la technologie Acrofuse, le v\u00eatement est l\u00e9ger et a un aspect exceptionnellement propre et technique.<\/p>\n<p>\u2022 Technologie Acrofuse<br \/>\n\u2022 Capuche avec bordure \u00e9lastique<br \/>\n\u2022 Fermeture \u00e9clair frontale enti\u00e8rement divisible<br \/>\n\u2022 Ourlet \u00e9lastique<br \/>\n\u2022 Poches lat\u00e9rales d\u00e9coup\u00e9es au laser avec fermeture \u00e0 glissi\u00e8re \u00e0 double sens<br \/>\n coll\u00e9e\u2022 Trou pour<br \/>\n le pouce coll\u00e9\u2022 Logos r\u00e9fl\u00e9chissants<br \/>\n\u2022 Coutures contrast\u00e9es<br \/>\n\u2022 Trous d\u00e9coup\u00e9s au laser sous le bras et au centre du dos<\/p>\n<p>POIDS&nbsp;: 390 gr<\/p>\n","protected":false},"excerpt":{"rendered":"<p>Nouveaut\u00e9 de notre collection d\u2019hiver, le Pegasus Pull est une couche interm\u00e9diaire essentielle \u00e0 l\u2019esprit activewear et au look agressif<\/p>\n","protected":false},"featured_media":404314,"template":"","meta":{"_seopress_robots_primary_cat":"","_seopress_titles_title":"","_seopress_titles_desc":"","_seopress_robots_index":""},"product_brand":[3616],"product_cat":[81,981,982],"product_tag":[],"class_list":{"0":"post-480256","1":"product","2":"type-product","3":"status-publish","4":"has-post-thumbnail","6":"product_brand-crazy-fr","7":"product_cat-vetements","8":"product_cat-vetements-de-loisirs","9":"product_cat-vetements-pour-hommes","10":"sws-gruppo-abb-libero-fr","11":"sws-conto-ricavi-merci-rivendita-abbigliamento-fr","12":"sws-gruppo-iva-iva81-fr","14":"first","15":"instock","16":"sale","17":"shipping-taxable","18":"purchasable","19":"product-type-variable"},"_links":{"self":[{"href":"https:\/\/lucacastelli.com\/fr\/wp-json\/wp\/v2\/product\/480256","targetHints":{"allow":["GET"]}}],"collection":[{"href":"https:\/\/lucacastelli.com\/fr\/wp-json\/wp\/v2\/product"}],"about":[{"href":"https:\/\/lucacastelli.com\/fr\/wp-json\/wp\/v2\/types\/product"}],"wp:featuredmedia":[{"embeddable":true,"href":"https:\/\/lucacastelli.com\/fr\/wp-json\/wp\/v2\/media\/404314"}],"wp:attachment":[{"href":"https:\/\/lucacastelli.com\/fr\/wp-json\/wp\/v2\/media?parent=480256"}],"wp:term":[{"taxonomy":"product_brand","embeddable":true,"href":"https:\/\/lucacastelli.com\/fr\/wp-json\/wp\/v2\/product_brand?post=480256"},{"taxonomy":"product_cat","embeddable":true,"href":"https:\/\/lucacastelli.com\/fr\/wp-json\/wp\/v2\/product_cat?post=480256"},{"taxonomy":"product_tag","embeddable":true,"href":"https:\/\/lucacastelli.com\/fr\/wp-json\/wp\/v2\/product_tag?post=480256"}],"curies":[{"name":"wp","href":"https:\/\/api.w.org\/{rel}","templated":true}]}}