{"id":480237,"date":"2025-04-07T16:53:00","date_gmt":"2025-04-07T14:53:00","guid":{"rendered":"https:\/\/lucacastelli.com\/prodotto\/crazy-acceleration-de-la-traction\/"},"modified":"2026-04-15T00:01:37","modified_gmt":"2026-04-14T22:01:37","slug":"crazy-acceleration-de-la-traction","status":"publish","type":"product","link":"https:\/\/lucacastelli.com\/fr\/produit\/crazy-acceleration-de-la-traction\/","title":{"rendered":"CRAZY ACC\u00c9L\u00c9RATION DE LA TRACTION"},"content":{"rendered":"<p>Notre toit d\u2019acc\u00e9l\u00e9ration est un \u00e9l\u00e9ment cl\u00e9 de la famille de produits \u00e9ponyme, une ligne ax\u00e9e sur la performance qui est l\u2019essence pure de notre mantra \u00ab Fast &amp; Light \u00bb et d\u00e9riv\u00e9e directement du monde de la course.<br \/>\nCette couche interm\u00e9diaire est fabriqu\u00e9e avec<br \/>\nVuelta, la polaire douce et respirante fabriqu\u00e9e en Italie, et est parfaitement \u00e9quip\u00e9e pour le ski de randonn\u00e9e, avec des caract\u00e9ristiques telles que deux grandes poches poitrine zipp\u00e9es et des poches pour la peau, deux internes et une externe.<\/p>\n<p>\u2022 Grandes poches poitrine zipp\u00e9es<br \/>\n\u2022 Une poche ext\u00e9rieure et deux poches<br \/>\n int\u00e9rieures pour la peau\u2022 Poche \u00e9metteur-r\u00e9cepteur EASY LOCK<br \/>\n\u2022 Poignets \u00e9lastiqu\u00e9s<br \/>\n\u2022 Bande \u00e9lastique en bas<br \/>\n\u2022 Logos r\u00e9fl\u00e9chissants<br \/>\n\u2022 Coutures plates de couleur contrastante<\/p>\n<p>POIDS&nbsp;: 392 gr<\/p>\n","protected":false},"excerpt":{"rendered":"<p>Notre toit d\u2019acc\u00e9l\u00e9ration est un \u00e9l\u00e9ment cl\u00e9 de la famille de produits \u00e9ponyme, une ligne ax\u00e9e sur la performance qui<\/p>\n","protected":false},"featured_media":404237,"template":"","meta":{"_seopress_robots_primary_cat":"","_seopress_titles_title":"","_seopress_titles_desc":"","_seopress_robots_index":""},"product_brand":[3616],"product_cat":[81,981,982],"product_tag":[],"class_list":{"0":"post-480237","1":"product","2":"type-product","3":"status-publish","4":"has-post-thumbnail","6":"product_brand-crazy-fr","7":"product_cat-vetements","8":"product_cat-vetements-de-loisirs","9":"product_cat-vetements-pour-hommes","10":"sws-gruppo-abb-libero-fr","11":"sws-conto-ricavi-merci-rivendita-abbigliamento-fr","12":"sws-gruppo-iva-iva81-fr","14":"first","15":"instock","16":"sale","17":"shipping-taxable","18":"purchasable","19":"product-type-variable"},"_links":{"self":[{"href":"https:\/\/lucacastelli.com\/fr\/wp-json\/wp\/v2\/product\/480237","targetHints":{"allow":["GET"]}}],"collection":[{"href":"https:\/\/lucacastelli.com\/fr\/wp-json\/wp\/v2\/product"}],"about":[{"href":"https:\/\/lucacastelli.com\/fr\/wp-json\/wp\/v2\/types\/product"}],"wp:featuredmedia":[{"embeddable":true,"href":"https:\/\/lucacastelli.com\/fr\/wp-json\/wp\/v2\/media\/404237"}],"wp:attachment":[{"href":"https:\/\/lucacastelli.com\/fr\/wp-json\/wp\/v2\/media?parent=480237"}],"wp:term":[{"taxonomy":"product_brand","embeddable":true,"href":"https:\/\/lucacastelli.com\/fr\/wp-json\/wp\/v2\/product_brand?post=480237"},{"taxonomy":"product_cat","embeddable":true,"href":"https:\/\/lucacastelli.com\/fr\/wp-json\/wp\/v2\/product_cat?post=480237"},{"taxonomy":"product_tag","embeddable":true,"href":"https:\/\/lucacastelli.com\/fr\/wp-json\/wp\/v2\/product_tag?post=480237"}],"curies":[{"name":"wp","href":"https:\/\/api.w.org\/{rel}","templated":true}]}}