{"id":480227,"date":"2025-04-07T16:53:00","date_gmt":"2025-04-07T14:53:00","guid":{"rendered":"https:\/\/lucacastelli.com\/prodotto\/crazy-tirez-sur-les-neutrons\/"},"modified":"2026-04-15T00:01:37","modified_gmt":"2026-04-14T22:01:37","slug":"crazy-tirez-sur-les-neutrons","status":"publish","type":"product","link":"https:\/\/lucacastelli.com\/fr\/produit\/crazy-tirez-sur-les-neutrons\/","title":{"rendered":"CRAZY TIREZ SUR LES NEUTRONS"},"content":{"rendered":"<p>Le nouveau Neutron Pull repr\u00e9sente le summum de l\u2019excellence technique : notre v\u00eatement phare de milieu de gamme de la collection offre une chaleur exceptionnelle combin\u00e9e \u00e0 une respirabilit\u00e9 et une \u00e9lasticit\u00e9 extraordinaires, le tout dans un v\u00eatement \u00e9l\u00e9gant et \u00e9pur\u00e9 au look agressif et \u00e9l\u00e9gant, fid\u00e8le au design de Crazy.<\/p>\n<p>Ces caract\u00e9ristiques de haute performance sont obtenues gr\u00e2ce \u00e0 sa construction hybride, qui combine les meilleurs tissus disponibles sur le march\u00e9. Le tissu principal est le Polartec Thermal Pro, un mat\u00e9riau polaire qui offre le meilleur rapport volume\/chaleur disponible. Le tissu Sorona, tr\u00e8s \u00e9lastique et respirant gr\u00e2ce \u00e0 sa construction c\u00f4tel\u00e9e tridimensionnelle, est utilis\u00e9 sur le dos, les manches et les panneaux lat\u00e9raux pour am\u00e9liorer le confort et r\u00e9duire l\u2019encombrement global du v\u00eatement.  <\/p>\n<p>Gr\u00e2ce \u00e0 ces deux tissus d\u2019exception, ce v\u00eatement offre un niveau d\u2019isolation thermique in\u00e9gal\u00e9 sur le march\u00e9, tout en conservant un encombrement minimal et une excellente respirabilit\u00e9. Il est con\u00e7u pour \u00eatre port\u00e9 comme couche ext\u00e9rieure lors de l\u2019alpinisme en haute altitude dans des conditions froides et sans vent, ou comme une couche interm\u00e9diaire compacte qui offre une chaleur maximale. <\/p>\n<p>\u2022 Pull hybride avec fermeture \u00e9clair compl\u00e8te sur le<br \/>\n devant\u2022 2 poches lat\u00e9rales<br \/>\n\u2022 1 poche poitrine d\u00e9coup\u00e9e au laser et coll\u00e9e<br \/>\n\u2022 Logos r\u00e9fl\u00e9chissants<br \/>\n\u2022 Coutures plates de couleur contrast\u00e9e<br \/>\n\u2022 Poche \u00e9metteur-r\u00e9cepteur<br \/>\n d\u2019avalanche\u2022 Bordure de capuche avec pr\u00e9-pliage<\/p>\n<p>POIDS&nbsp;: 360 gr<\/p>\n","protected":false},"excerpt":{"rendered":"<p>Le nouveau Neutron Pull repr\u00e9sente le summum de l\u2019excellence technique : notre v\u00eatement phare de milieu de gamme de la<\/p>\n","protected":false},"featured_media":404230,"template":"","meta":{"_seopress_robots_primary_cat":"","_seopress_titles_title":"","_seopress_titles_desc":"","_seopress_robots_index":""},"product_brand":[3616],"product_cat":[81,981,982],"product_tag":[],"class_list":{"0":"post-480227","1":"product","2":"type-product","3":"status-publish","4":"has-post-thumbnail","6":"product_brand-crazy-fr","7":"product_cat-vetements","8":"product_cat-vetements-de-loisirs","9":"product_cat-vetements-pour-hommes","10":"sws-gruppo-abb-libero-fr","11":"sws-conto-ricavi-merci-rivendita-abbigliamento-fr","12":"sws-gruppo-iva-iva81-fr","14":"first","15":"instock","16":"sale","17":"shipping-taxable","18":"purchasable","19":"product-type-variable"},"_links":{"self":[{"href":"https:\/\/lucacastelli.com\/fr\/wp-json\/wp\/v2\/product\/480227","targetHints":{"allow":["GET"]}}],"collection":[{"href":"https:\/\/lucacastelli.com\/fr\/wp-json\/wp\/v2\/product"}],"about":[{"href":"https:\/\/lucacastelli.com\/fr\/wp-json\/wp\/v2\/types\/product"}],"wp:featuredmedia":[{"embeddable":true,"href":"https:\/\/lucacastelli.com\/fr\/wp-json\/wp\/v2\/media\/404230"}],"wp:attachment":[{"href":"https:\/\/lucacastelli.com\/fr\/wp-json\/wp\/v2\/media?parent=480227"}],"wp:term":[{"taxonomy":"product_brand","embeddable":true,"href":"https:\/\/lucacastelli.com\/fr\/wp-json\/wp\/v2\/product_brand?post=480227"},{"taxonomy":"product_cat","embeddable":true,"href":"https:\/\/lucacastelli.com\/fr\/wp-json\/wp\/v2\/product_cat?post=480227"},{"taxonomy":"product_tag","embeddable":true,"href":"https:\/\/lucacastelli.com\/fr\/wp-json\/wp\/v2\/product_tag?post=480227"}],"curies":[{"name":"wp","href":"https:\/\/api.w.org\/{rel}","templated":true}]}}