{"id":480226,"date":"2025-09-24T16:25:00","date_gmt":"2025-09-24T14:25:00","guid":{"rendered":"https:\/\/lucacastelli.com\/prodotto\/crazy-tirez-zenith\/"},"modified":"2026-04-15T00:01:32","modified_gmt":"2026-04-14T22:01:32","slug":"crazy-tirez-zenith","status":"publish","type":"product","link":"https:\/\/lucacastelli.com\/fr\/produit\/crazy-tirez-zenith\/","title":{"rendered":"CRAZY TIREZ ZENITH"},"content":{"rendered":"<p>Nouveau design pour le Pull Zenith, notre v\u00eatement hybride r\u00e9alis\u00e9 en polaire douce et chaude, id\u00e9al pour les journ\u00e9es les plus froides et les activit\u00e9s \u00e0 faible intensit\u00e9, mais parfaitement adapt\u00e9 aussi pour offrir chaleur et confort maximal pendant les loisirs.<br \/>\nLa polaire utilis\u00e9e est le Fluffy Warm, le tissu perfectionn\u00e9 par Crazy pour offrir la plus grande douceur du march\u00e9 !<\/p>\n<p>La nature technique du pull est mise en \u00e9vidence par les inserts sur les c\u00f4t\u00e9s et les manches, r\u00e9alis\u00e9s en tissu High Performance, plus respirant et \u00e9lastique.<\/p>\n<p>\u2022 Zip frontal de s\u00e9paration<br \/>\n\u2022 Poches pour les mains avec fermeture \u00e9clair<br \/>\n\u2022 Poche poitrine avec zip coll\u00e9<br \/>\n\u2022 Passe-pouce<br \/>\n\u2022 Coutures plates contrast\u00e9es<\/p>\n<p>POIDS&nbsp;: 458 gr<\/p>\n","protected":false},"excerpt":{"rendered":"<p>Nouveau design pour le Pull Zenith, notre v\u00eatement hybride r\u00e9alis\u00e9 en polaire douce et chaude, id\u00e9al pour les journ\u00e9es les<\/p>\n","protected":false},"featured_media":632461,"template":"","meta":{"_seopress_robots_primary_cat":"none","_seopress_titles_title":"","_seopress_titles_desc":"","_seopress_robots_index":""},"product_brand":[3413],"product_cat":[21,189,190],"product_tag":[],"class_list":{"0":"post-480226","1":"product","2":"type-product","3":"status-publish","4":"has-post-thumbnail","6":"product_brand-crazy","7":"product_cat-abbigliamento","8":"product_cat-abbigliamento-per-il-tempo-libero","9":"product_cat-abbigliamento-da-uomo","10":"sws-gruppo-abb-libero-fr","11":"sws-conto-ricavi-merci-rivendita-abbigliamento-fr","12":"sws-gruppo-iva-iva81-fr","14":"first","15":"instock","16":"sale","17":"shipping-taxable","18":"purchasable","19":"product-type-variable","20":"has-default-attributes"},"_links":{"self":[{"href":"https:\/\/lucacastelli.com\/fr\/wp-json\/wp\/v2\/product\/480226","targetHints":{"allow":["GET"]}}],"collection":[{"href":"https:\/\/lucacastelli.com\/fr\/wp-json\/wp\/v2\/product"}],"about":[{"href":"https:\/\/lucacastelli.com\/fr\/wp-json\/wp\/v2\/types\/product"}],"wp:featuredmedia":[{"embeddable":true,"href":"https:\/\/lucacastelli.com\/fr\/wp-json\/wp\/v2\/media\/632461"}],"wp:attachment":[{"href":"https:\/\/lucacastelli.com\/fr\/wp-json\/wp\/v2\/media?parent=480226"}],"wp:term":[{"taxonomy":"product_brand","embeddable":true,"href":"https:\/\/lucacastelli.com\/fr\/wp-json\/wp\/v2\/product_brand?post=480226"},{"taxonomy":"product_cat","embeddable":true,"href":"https:\/\/lucacastelli.com\/fr\/wp-json\/wp\/v2\/product_cat?post=480226"},{"taxonomy":"product_tag","embeddable":true,"href":"https:\/\/lucacastelli.com\/fr\/wp-json\/wp\/v2\/product_tag?post=480226"}],"curies":[{"name":"wp","href":"https:\/\/api.w.org\/{rel}","templated":true}]}}