{"id":480199,"date":"2025-04-07T17:06:00","date_gmt":"2025-04-07T17:06:00","guid":{"rendered":"https:\/\/lucacastelli.com\/prodotto\/crazy-t-shirt-alpinstar-2\/"},"modified":"2026-04-16T01:04:36","modified_gmt":"2026-04-15T23:04:36","slug":"crazy-t-shirt-alpinstar-2","status":"publish","type":"product","link":"https:\/\/lucacastelli.com\/fr\/produit\/crazy-t-shirt-alpinstar-2\/","title":{"rendered":"T-SHIRT CRAZY ALPINSTAR"},"content":{"rendered":"<p>Le t-shirt le plus vendu de la collection CRAZY allie une conception technique \u00e0 des imprim\u00e9s color\u00e9s et vifs.<br \/>\nCette ann\u00e9e, la coupe a \u00e9t\u00e9 revisit\u00e9e pour en am\u00e9liorer le seyant et l\u2019aspect.<br \/>\nLes empi\u00e8cements imprim\u00e9s sont r\u00e9alis\u00e9s en polyester \u00e0 structure alv\u00e9olaire discontinue, tandis que les manches utilisent la microfibre Performesh l\u00e9g\u00e8re, fra\u00eeche et \u00e0 s\u00e9chage rapide avec un tissage \u00ab stripe \u00bb. La bordure du col est souple et l\u00e9g\u00e8re, avec \u2022 Imprim\u00e9s exclusifs <\/p>\n<p>\u2022 Imprim\u00e9s exclusifs<br \/>\n\u2022 Coutures plates contrast\u00e9es<br \/>\n\u2022 Bordure de protection pour le col<br \/>\n\u2022 Logos r\u00e9fl\u00e9chissants<\/p>\n<p>&nbsp;<\/p>\n<p>Poids : 76 g<\/p>\n","protected":false},"excerpt":{"rendered":"<p>Le t-shirt le plus vendu de la collection CRAZY allie une conception technique \u00e0 des imprim\u00e9s color\u00e9s et vifs. Cette<\/p>\n","protected":false},"featured_media":403646,"template":"","meta":{"_seopress_robots_primary_cat":"","_seopress_titles_title":"","_seopress_titles_desc":"","_seopress_robots_index":""},"product_brand":[3616],"product_cat":[81,981,1387],"product_tag":[],"class_list":{"0":"post-480199","1":"product","2":"type-product","3":"status-publish","4":"has-post-thumbnail","6":"product_brand-crazy-fr","7":"product_cat-vetements","8":"product_cat-vetements-de-loisirs","9":"product_cat-vetements-pour-femmes","10":"sws-gruppo-abb-libero-fr","11":"sws-conto-ricavi-merci-rivendita-abbigliamento-fr","12":"sws-gruppo-iva-iva81-fr","14":"first","15":"instock","16":"sale","17":"shipping-taxable","18":"purchasable","19":"product-type-variable"},"_links":{"self":[{"href":"https:\/\/lucacastelli.com\/fr\/wp-json\/wp\/v2\/product\/480199","targetHints":{"allow":["GET"]}}],"collection":[{"href":"https:\/\/lucacastelli.com\/fr\/wp-json\/wp\/v2\/product"}],"about":[{"href":"https:\/\/lucacastelli.com\/fr\/wp-json\/wp\/v2\/types\/product"}],"wp:featuredmedia":[{"embeddable":true,"href":"https:\/\/lucacastelli.com\/fr\/wp-json\/wp\/v2\/media\/403646"}],"wp:attachment":[{"href":"https:\/\/lucacastelli.com\/fr\/wp-json\/wp\/v2\/media?parent=480199"}],"wp:term":[{"taxonomy":"product_brand","embeddable":true,"href":"https:\/\/lucacastelli.com\/fr\/wp-json\/wp\/v2\/product_brand?post=480199"},{"taxonomy":"product_cat","embeddable":true,"href":"https:\/\/lucacastelli.com\/fr\/wp-json\/wp\/v2\/product_cat?post=480199"},{"taxonomy":"product_tag","embeddable":true,"href":"https:\/\/lucacastelli.com\/fr\/wp-json\/wp\/v2\/product_tag?post=480199"}],"curies":[{"name":"wp","href":"https:\/\/api.w.org\/{rel}","templated":true}]}}