{"id":480179,"date":"2025-04-07T16:53:00","date_gmt":"2025-04-07T16:53:00","guid":{"rendered":"https:\/\/lucacastelli.com\/prodotto\/crazy-top-sirio-2\/"},"modified":"2026-04-16T01:02:38","modified_gmt":"2026-04-15T23:02:38","slug":"crazy-top-sirio-2","status":"publish","type":"product","link":"https:\/\/lucacastelli.com\/fr\/produit\/crazy-top-sirio-2\/","title":{"rendered":"CRAZY TOP SIRIO"},"content":{"rendered":"<p>Notre Top le plus technique, cette ann\u00e9e enti\u00e8rement redessin\u00e9 dans un style plus jeune et fashion.<br \/>\nPlus qu&#8217;un d\u00e9bardeur, le Top Sirio est un t-shirt technique sans manches : les bretelles<br \/>\nlarges permettent l&#8217;utilisation du sac \u00e0 dos, l&#8217;encolure peu profonde est typique des v\u00eatements les plus techniques.<br \/>\nFrais et \u00e9lastique, il est produit en combinant deux tissus extr\u00eamement l\u00e9gers : Think 44 en r\u00e9sille dans les panneaux imprim\u00e9s et Coolwave dans les panneaux lat\u00e9raux.<\/p>\n<p>\u2022 Bretelle large<br \/>\n\u2022 Imprim\u00e9s all over<br \/>\n\u2022 Bord protecteur pour le cou<br \/>\n\u2022 Logos r\u00e9fl\u00e9chissants<\/p>\n","protected":false},"excerpt":{"rendered":"<p>Notre Top le plus technique, cette ann\u00e9e enti\u00e8rement redessin\u00e9 dans un style plus jeune et fashion. Plus qu&#8217;un d\u00e9bardeur, le<\/p>\n","protected":false},"featured_media":644719,"template":"","meta":{"_seopress_robots_primary_cat":"none","_seopress_titles_title":"","_seopress_titles_desc":"","_seopress_robots_index":""},"product_brand":[3616],"product_cat":[81,981,1387],"product_tag":[],"class_list":{"0":"post-480179","1":"product","2":"type-product","3":"status-publish","4":"has-post-thumbnail","6":"product_brand-crazy-fr","7":"product_cat-vetements","8":"product_cat-vetements-de-loisirs","9":"product_cat-vetements-pour-femmes","10":"sws-gruppo-abb-libero-fr","11":"sws-conto-ricavi-merci-rivendita-abbigliamento-fr","12":"sws-gruppo-iva-iva81-fr","14":"first","15":"instock","16":"sale","17":"shipping-taxable","18":"purchasable","19":"product-type-variable"},"_links":{"self":[{"href":"https:\/\/lucacastelli.com\/fr\/wp-json\/wp\/v2\/product\/480179","targetHints":{"allow":["GET"]}}],"collection":[{"href":"https:\/\/lucacastelli.com\/fr\/wp-json\/wp\/v2\/product"}],"about":[{"href":"https:\/\/lucacastelli.com\/fr\/wp-json\/wp\/v2\/types\/product"}],"wp:featuredmedia":[{"embeddable":true,"href":"https:\/\/lucacastelli.com\/fr\/wp-json\/wp\/v2\/media\/644719"}],"wp:attachment":[{"href":"https:\/\/lucacastelli.com\/fr\/wp-json\/wp\/v2\/media?parent=480179"}],"wp:term":[{"taxonomy":"product_brand","embeddable":true,"href":"https:\/\/lucacastelli.com\/fr\/wp-json\/wp\/v2\/product_brand?post=480179"},{"taxonomy":"product_cat","embeddable":true,"href":"https:\/\/lucacastelli.com\/fr\/wp-json\/wp\/v2\/product_cat?post=480179"},{"taxonomy":"product_tag","embeddable":true,"href":"https:\/\/lucacastelli.com\/fr\/wp-json\/wp\/v2\/product_tag?post=480179"}],"curies":[{"name":"wp","href":"https:\/\/api.w.org\/{rel}","templated":true}]}}