{"id":480163,"date":"2025-04-07T17:06:00","date_gmt":"2025-04-07T17:06:00","guid":{"rendered":"https:\/\/lucacastelli.com\/prodotto\/crazy-shot-a-manches-longues-femme\/"},"modified":"2026-04-16T01:24:34","modified_gmt":"2026-04-15T23:24:34","slug":"crazy-shot-a-manches-longues-femme","status":"publish","type":"product","link":"https:\/\/lucacastelli.com\/fr\/produit\/crazy-shot-a-manches-longues-femme\/","title":{"rendered":"CRAZY SHOT \u00c0 MANCHES LONGUES FEMME"},"content":{"rendered":"<p>Le premier T-shirt \u00e0 manches longues de notre collection est un produit parfait pour le trekking, gr\u00e2ce \u00e0 la combinaison de la fra\u00eecheur du tissu Stretch Series et \u00e0 la protection accrue de la manche longue.<br \/>\nLe tissu Stretch Series, incroyablement l\u00e9ger et \u00e9lastique, augmente la li<\/p>\n<p>\u2022 Coutures contrast\u00e9es<br \/>\n\u2022 Logos r\u00e9fl\u00e9chissants<br \/>\n\u2022 Col rondbert\u00e0 de mouvement et le confort.<\/p>\n","protected":false},"excerpt":{"rendered":"<p>Le premier T-shirt \u00e0 manches longues de notre collection est un produit parfait pour le trekking, gr\u00e2ce \u00e0 la combinaison<\/p>\n","protected":false},"featured_media":403617,"template":"","meta":{"_seopress_robots_primary_cat":"none","_seopress_titles_title":"","_seopress_titles_desc":"","_seopress_robots_index":""},"product_brand":[3616],"product_cat":[81,981,1387],"product_tag":[],"class_list":{"0":"post-480163","1":"product","2":"type-product","3":"status-publish","4":"has-post-thumbnail","6":"product_brand-crazy-fr","7":"product_cat-vetements","8":"product_cat-vetements-de-loisirs","9":"product_cat-vetements-pour-femmes","10":"sws-gruppo-abb-libero-fr","11":"sws-conto-ricavi-merci-rivendita-abbigliamento-fr","12":"sws-gruppo-iva-iva81-fr","14":"first","15":"instock","16":"sale","17":"shipping-taxable","18":"purchasable","19":"product-type-variable"},"_links":{"self":[{"href":"https:\/\/lucacastelli.com\/fr\/wp-json\/wp\/v2\/product\/480163","targetHints":{"allow":["GET"]}}],"collection":[{"href":"https:\/\/lucacastelli.com\/fr\/wp-json\/wp\/v2\/product"}],"about":[{"href":"https:\/\/lucacastelli.com\/fr\/wp-json\/wp\/v2\/types\/product"}],"wp:featuredmedia":[{"embeddable":true,"href":"https:\/\/lucacastelli.com\/fr\/wp-json\/wp\/v2\/media\/403617"}],"wp:attachment":[{"href":"https:\/\/lucacastelli.com\/fr\/wp-json\/wp\/v2\/media?parent=480163"}],"wp:term":[{"taxonomy":"product_brand","embeddable":true,"href":"https:\/\/lucacastelli.com\/fr\/wp-json\/wp\/v2\/product_brand?post=480163"},{"taxonomy":"product_cat","embeddable":true,"href":"https:\/\/lucacastelli.com\/fr\/wp-json\/wp\/v2\/product_cat?post=480163"},{"taxonomy":"product_tag","embeddable":true,"href":"https:\/\/lucacastelli.com\/fr\/wp-json\/wp\/v2\/product_tag?post=480163"}],"curies":[{"name":"wp","href":"https:\/\/api.w.org\/{rel}","templated":true}]}}