{"id":480135,"date":"2025-04-07T17:06:00","date_gmt":"2025-04-07T17:06:00","guid":{"rendered":"https:\/\/lucacastelli.com\/prodotto\/crazy-skirt-hidrogen\/"},"modified":"2026-04-16T01:25:18","modified_gmt":"2026-04-15T23:25:18","slug":"crazy-skirt-hidrogen","status":"publish","type":"product","link":"https:\/\/lucacastelli.com\/fr\/produit\/crazy-skirt-hidrogen\/","title":{"rendered":"CRAZY SKiRT HIDROGEN"},"content":{"rendered":"<p>La jupe Hidrogen est la jupe parfaite pour les activit\u00e9s en montagne, prouvant qu\u2019un v\u00eatement \u00e0 l\u2019apparence tendance peut cacher une \u00e2me technique. Le short int\u00e9rieur est compos\u00e9 de tissu italien Revolutional Slim, extr\u00eamement doux et \u00e9lastique, reconnu pour ses propri\u00e9t\u00e9s de micromassage am\u00e9liorant la microcirculation sanguine. Le tissu ext\u00e9rieur est frais, bi-\u00e9lastique et garantit une performance maximale lors des activit\u00e9s intenses.  <\/p>\n<p>&nbsp;<\/p>\n<p>Poche arri\u00e8re int\u00e9gr\u00e9e \u00e0 la ceinture<br \/>\n\u2022 Imprim\u00e9s exclusifs<br \/>\n\u2022 Ceinture \u00e9lastique<\/p>\n","protected":false},"excerpt":{"rendered":"<p>La jupe Hidrogen est la jupe parfaite pour les activit\u00e9s en montagne, prouvant qu\u2019un v\u00eatement \u00e0 l\u2019apparence tendance peut cacher<\/p>\n","protected":false},"featured_media":403577,"template":"","meta":{"_seopress_robots_primary_cat":"","_seopress_titles_title":"","_seopress_titles_desc":"","_seopress_robots_index":""},"product_brand":[3616],"product_cat":[81,981,1387],"product_tag":[],"class_list":{"0":"post-480135","1":"product","2":"type-product","3":"status-publish","4":"has-post-thumbnail","6":"product_brand-crazy-fr","7":"product_cat-vetements","8":"product_cat-vetements-de-loisirs","9":"product_cat-vetements-pour-femmes","10":"sws-gruppo-abb-libero-fr","11":"sws-conto-ricavi-merci-rivendita-abbigliamento-fr","12":"sws-gruppo-iva-iva81-fr","14":"first","15":"instock","16":"sale","17":"shipping-taxable","18":"purchasable","19":"product-type-variable"},"_links":{"self":[{"href":"https:\/\/lucacastelli.com\/fr\/wp-json\/wp\/v2\/product\/480135","targetHints":{"allow":["GET"]}}],"collection":[{"href":"https:\/\/lucacastelli.com\/fr\/wp-json\/wp\/v2\/product"}],"about":[{"href":"https:\/\/lucacastelli.com\/fr\/wp-json\/wp\/v2\/types\/product"}],"wp:featuredmedia":[{"embeddable":true,"href":"https:\/\/lucacastelli.com\/fr\/wp-json\/wp\/v2\/media\/403577"}],"wp:attachment":[{"href":"https:\/\/lucacastelli.com\/fr\/wp-json\/wp\/v2\/media?parent=480135"}],"wp:term":[{"taxonomy":"product_brand","embeddable":true,"href":"https:\/\/lucacastelli.com\/fr\/wp-json\/wp\/v2\/product_brand?post=480135"},{"taxonomy":"product_cat","embeddable":true,"href":"https:\/\/lucacastelli.com\/fr\/wp-json\/wp\/v2\/product_cat?post=480135"},{"taxonomy":"product_tag","embeddable":true,"href":"https:\/\/lucacastelli.com\/fr\/wp-json\/wp\/v2\/product_tag?post=480135"}],"curies":[{"name":"wp","href":"https:\/\/api.w.org\/{rel}","templated":true}]}}