{"id":480120,"date":"2025-04-07T16:53:00","date_gmt":"2025-04-07T16:53:00","guid":{"rendered":"https:\/\/lucacastelli.com\/prodotto\/crazy-top-break\/"},"modified":"2026-04-16T01:02:15","modified_gmt":"2026-04-15T23:02:15","slug":"crazy-top-break","status":"publish","type":"product","link":"https:\/\/lucacastelli.com\/fr\/produit\/crazy-top-break\/","title":{"rendered":"CRAZY TOP BREAK"},"content":{"rendered":"<p>Le Top Break est notre d\u00e9bardeur \u00e0 double couche de tissu superpos\u00e9 con\u00e7u pour les activit\u00e9s de plein air et la randonn\u00e9e. Cette ann\u00e9e, enti\u00e8rement redessin\u00e9 pour un look encore plus styl\u00e9.<br \/>\nIl se distingue par ses imprim\u00e9s \u00e9clatants et ses couleurs vives, mais ne manque pas de technicit\u00e9, gr\u00e2ce au tissu int\u00e9rieur en microfibre melange rapiddry et au mesh ext\u00e9rieur en r\u00e9sille respirante avec traitement \u00e0 s\u00e9chage rapide.<br \/>\nIl dispose de bretelles souples, d&#8217;un bra int\u00e9gr\u00e9 et d&#8217;une coupe unique. <\/p>\n<p>&nbsp;<\/p>\n<p>\u2022 Tissu double superpos\u00e9 hautement respirant<br \/>\n\u2022 Bra int\u00e9gr\u00e9<br \/>\n\u2022 Imprim\u00e9s exclusifs<\/p>\n","protected":false},"excerpt":{"rendered":"<p>Le Top Break est notre d\u00e9bardeur \u00e0 double couche de tissu superpos\u00e9 con\u00e7u pour les activit\u00e9s de plein air et<\/p>\n","protected":false},"featured_media":403600,"template":"","meta":{"_seopress_robots_primary_cat":"","_seopress_titles_title":"","_seopress_titles_desc":"","_seopress_robots_index":""},"product_brand":[3616],"product_cat":[81,981,1387],"product_tag":[],"class_list":{"0":"post-480120","1":"product","2":"type-product","3":"status-publish","4":"has-post-thumbnail","6":"product_brand-crazy-fr","7":"product_cat-vetements","8":"product_cat-vetements-de-loisirs","9":"product_cat-vetements-pour-femmes","10":"sws-gruppo-abb-libero-fr","11":"sws-conto-ricavi-merci-rivendita-abbigliamento-fr","12":"sws-gruppo-iva-iva81-fr","14":"first","15":"instock","16":"sale","17":"shipping-taxable","18":"purchasable","19":"product-type-variable"},"_links":{"self":[{"href":"https:\/\/lucacastelli.com\/fr\/wp-json\/wp\/v2\/product\/480120","targetHints":{"allow":["GET"]}}],"collection":[{"href":"https:\/\/lucacastelli.com\/fr\/wp-json\/wp\/v2\/product"}],"about":[{"href":"https:\/\/lucacastelli.com\/fr\/wp-json\/wp\/v2\/types\/product"}],"wp:featuredmedia":[{"embeddable":true,"href":"https:\/\/lucacastelli.com\/fr\/wp-json\/wp\/v2\/media\/403600"}],"wp:attachment":[{"href":"https:\/\/lucacastelli.com\/fr\/wp-json\/wp\/v2\/media?parent=480120"}],"wp:term":[{"taxonomy":"product_brand","embeddable":true,"href":"https:\/\/lucacastelli.com\/fr\/wp-json\/wp\/v2\/product_brand?post=480120"},{"taxonomy":"product_cat","embeddable":true,"href":"https:\/\/lucacastelli.com\/fr\/wp-json\/wp\/v2\/product_cat?post=480120"},{"taxonomy":"product_tag","embeddable":true,"href":"https:\/\/lucacastelli.com\/fr\/wp-json\/wp\/v2\/product_tag?post=480120"}],"curies":[{"name":"wp","href":"https:\/\/api.w.org\/{rel}","templated":true}]}}