{"id":480087,"date":"2025-04-07T17:06:00","date_gmt":"2025-04-07T17:06:00","guid":{"rendered":"https:\/\/lucacastelli.com\/prodotto\/crazy-t-shirt-mandala\/"},"modified":"2026-04-16T01:23:06","modified_gmt":"2026-04-15T23:23:06","slug":"crazy-t-shirt-mandala","status":"publish","type":"product","link":"https:\/\/lucacastelli.com\/fr\/produit\/crazy-t-shirt-mandala\/","title":{"rendered":"T-SHIRT CRAZY MANDALA"},"content":{"rendered":"<p>Le t-shirt Mandala se distingue par ses motifs exclusifs et ses impressions s\u00e9rigraphiques. Styl\u00e9 et \u00e9clatant, c&#8217;est un produit parfait pour les loisirs fabriqu\u00e9 en chanvre naturel. L&#8217;encolure en V et les manches tr\u00e8s courtes et coup\u00e9es vif le caract\u00e9risent.  <\/p>\n<p>&nbsp;<\/p>\n<p>\u2022 En chanvre naturel<br \/>\n\u2022 Col en V<br \/>\n\u2022 Impressions s\u00e9rigraphiques et patch avec<br \/>\nmotifs exclusifs<\/p>\n","protected":false},"excerpt":{"rendered":"<p>Le t-shirt Mandala se distingue par ses motifs exclusifs et ses impressions s\u00e9rigraphiques. Styl\u00e9 et \u00e9clatant, c&#8217;est un produit parfait<\/p>\n","protected":false},"featured_media":403560,"template":"","meta":{"_seopress_robots_primary_cat":"","_seopress_titles_title":"","_seopress_titles_desc":"","_seopress_robots_index":""},"product_brand":[3616],"product_cat":[81,981,1387],"product_tag":[],"class_list":{"0":"post-480087","1":"product","2":"type-product","3":"status-publish","4":"has-post-thumbnail","6":"product_brand-crazy-fr","7":"product_cat-vetements","8":"product_cat-vetements-de-loisirs","9":"product_cat-vetements-pour-femmes","10":"sws-gruppo-abb-libero-fr","11":"sws-conto-ricavi-merci-rivendita-abbigliamento-fr","12":"sws-gruppo-iva-iva81-fr","14":"first","15":"instock","16":"sale","17":"shipping-taxable","18":"purchasable","19":"product-type-variable"},"_links":{"self":[{"href":"https:\/\/lucacastelli.com\/fr\/wp-json\/wp\/v2\/product\/480087","targetHints":{"allow":["GET"]}}],"collection":[{"href":"https:\/\/lucacastelli.com\/fr\/wp-json\/wp\/v2\/product"}],"about":[{"href":"https:\/\/lucacastelli.com\/fr\/wp-json\/wp\/v2\/types\/product"}],"wp:featuredmedia":[{"embeddable":true,"href":"https:\/\/lucacastelli.com\/fr\/wp-json\/wp\/v2\/media\/403560"}],"wp:attachment":[{"href":"https:\/\/lucacastelli.com\/fr\/wp-json\/wp\/v2\/media?parent=480087"}],"wp:term":[{"taxonomy":"product_brand","embeddable":true,"href":"https:\/\/lucacastelli.com\/fr\/wp-json\/wp\/v2\/product_brand?post=480087"},{"taxonomy":"product_cat","embeddable":true,"href":"https:\/\/lucacastelli.com\/fr\/wp-json\/wp\/v2\/product_cat?post=480087"},{"taxonomy":"product_tag","embeddable":true,"href":"https:\/\/lucacastelli.com\/fr\/wp-json\/wp\/v2\/product_tag?post=480087"}],"curies":[{"name":"wp","href":"https:\/\/api.w.org\/{rel}","templated":true}]}}