{"id":480080,"date":"2025-04-07T16:53:00","date_gmt":"2025-04-07T16:53:00","guid":{"rendered":"https:\/\/lucacastelli.com\/prodotto\/crazy-leggings-mignon-leger\/"},"modified":"2026-04-16T01:02:19","modified_gmt":"2026-04-15T23:02:19","slug":"crazy-leggings-mignon-leger","status":"publish","type":"product","link":"https:\/\/lucacastelli.com\/fr\/produit\/crazy-leggings-mignon-leger\/","title":{"rendered":"CRAZY LEGGINGS CUTE LIGHT"},"content":{"rendered":"<p>Nouveaux leggings incroyablement confortables, styl\u00e9s et \u00e9lastiques !<br \/>\nLa construction technique les rend adapt\u00e9s \u00e0 l&#8217;activit\u00e9 sportive, \u00e0 la course ainsi qu&#8217;\u00e0 l&#8217;utilisation quotidienne. En effet, le tissu extr\u00eamement technique garantit le confort et est con\u00e7u pour maintenir l&#8217;\u00e9lasticit\u00e9 tr\u00e8s longtemps, m\u00eame sous sollicitations continues au niveau du genou. Le mod\u00e8le est soign\u00e9 dans les d\u00e9tails, avec des coupes qui mettent en valeur la silhouette et les formes f\u00e9minines.<br \/>\nLa taille haute maintient la zone du ventre au chaud. Deux poches invisibles sur les cuisses avec fermeture de s\u00e9curit\u00e9 anti-basculement peuvent contenir le t\u00e9l\u00e9phone ou d&#8217;autres objets. Disponible avec imprim\u00e9 z\u00e9br\u00e9 lat\u00e9ral ou uni avec coutures assorties aux coloris de la collection.  <\/p>\n<p>&nbsp;<\/p>\n<p>Tissu tr\u00e8s \u00e9lastique, couvrant anti<br \/>\nd\u00e9formation<br \/>\n\u2022 Deux poches invisibles avec fermeture<br \/>\nanti-basculement<br \/>\n\u2022 Coutures plates en contraste de couleur<br \/>\n\u2022 Logos r\u00e9fl\u00e9chissants<\/p>\n<p>Poids : 190 g<\/p>\n","protected":false},"excerpt":{"rendered":"<p>Nouveaux leggings incroyablement confortables, styl\u00e9s et \u00e9lastiques ! La construction technique les rend adapt\u00e9s \u00e0 l&#8217;activit\u00e9 sportive, \u00e0 la course<\/p>\n","protected":false},"featured_media":403545,"template":"","meta":{"_seopress_robots_primary_cat":"","_seopress_titles_title":"","_seopress_titles_desc":"","_seopress_robots_index":""},"product_brand":[3616],"product_cat":[81,981,1387],"product_tag":[],"class_list":{"0":"post-480080","1":"product","2":"type-product","3":"status-publish","4":"has-post-thumbnail","6":"product_brand-crazy-fr","7":"product_cat-vetements","8":"product_cat-vetements-de-loisirs","9":"product_cat-vetements-pour-femmes","10":"sws-gruppo-abb-libero-fr","11":"sws-conto-ricavi-merci-rivendita-abbigliamento-fr","12":"sws-gruppo-iva-iva81-fr","14":"first","15":"instock","16":"sale","17":"shipping-taxable","18":"purchasable","19":"product-type-variable"},"_links":{"self":[{"href":"https:\/\/lucacastelli.com\/fr\/wp-json\/wp\/v2\/product\/480080","targetHints":{"allow":["GET"]}}],"collection":[{"href":"https:\/\/lucacastelli.com\/fr\/wp-json\/wp\/v2\/product"}],"about":[{"href":"https:\/\/lucacastelli.com\/fr\/wp-json\/wp\/v2\/types\/product"}],"wp:featuredmedia":[{"embeddable":true,"href":"https:\/\/lucacastelli.com\/fr\/wp-json\/wp\/v2\/media\/403545"}],"wp:attachment":[{"href":"https:\/\/lucacastelli.com\/fr\/wp-json\/wp\/v2\/media?parent=480080"}],"wp:term":[{"taxonomy":"product_brand","embeddable":true,"href":"https:\/\/lucacastelli.com\/fr\/wp-json\/wp\/v2\/product_brand?post=480080"},{"taxonomy":"product_cat","embeddable":true,"href":"https:\/\/lucacastelli.com\/fr\/wp-json\/wp\/v2\/product_cat?post=480080"},{"taxonomy":"product_tag","embeddable":true,"href":"https:\/\/lucacastelli.com\/fr\/wp-json\/wp\/v2\/product_tag?post=480080"}],"curies":[{"name":"wp","href":"https:\/\/api.w.org\/{rel}","templated":true}]}}