{"id":480038,"date":"2025-04-07T16:53:00","date_gmt":"2025-04-07T16:53:00","guid":{"rendered":"https:\/\/lucacastelli.com\/prodotto\/crazy-sortie-courte\/"},"modified":"2026-04-16T02:03:22","modified_gmt":"2026-04-16T00:03:22","slug":"crazy-sortie-courte","status":"publish","type":"product","link":"https:\/\/lucacastelli.com\/fr\/produit\/crazy-sortie-courte\/","title":{"rendered":"CRAZY SHORT EXIT"},"content":{"rendered":"<p>CONCEPT<\/p>\n<p>Le Short Exit fait partie de la famille des pantalons Exit, caract\u00e9ris\u00e9e par la pr\u00e9sence de trois longueurs diff\u00e9rentes qui peuvent \u00eatre exploit\u00e9es en toutes occasions. Le design du Short est simple et adaptable \u00e0 tous les hauts de la collection et se distingue par sa coupe tr\u00e8s esth\u00e9tique qui sublime la f\u00e9minit\u00e9, renouvel\u00e9e cette ann\u00e9e dans ses lignes. Fabriqu\u00e9 dans un tissu toile luxury, frais et bi-\u00e9lastique, c&#8217;est un v\u00eatement tout confort, en montagne comme en ville.<br \/>\nMalgr\u00e9 sa souplesse, le tissu est trait\u00e9 pour repousser l&#8217;eau et est hautement r\u00e9sistant aux d\u00e9chirures et \u00e0 l&#8217;abrasion. La pr\u00e9sence d&#8217;une ceinture \u00e9lastique \u00e0 la taille conf\u00e8re un confort exceptionnel, garantissant un maintien sans g\u00eane. <\/p>\n<p>&nbsp;<\/p>\n<p>CARACT\u00c9RISTIQUES<br \/>\n\u2022 Ceinture \u00e9lastique \u00e0 la taille<br \/>\n\u2022 Logos r\u00e9fl\u00e9chissants<br \/>\n\u2022 Poches lat\u00e9rales<br \/>\n\u2022 Coutures en contraste de couleur<\/p>\n","protected":false},"excerpt":{"rendered":"<p>CONCEPT Le Short Exit fait partie de la famille des pantalons Exit, caract\u00e9ris\u00e9e par la pr\u00e9sence de trois longueurs diff\u00e9rentes<\/p>\n","protected":false},"featured_media":403508,"template":"","meta":{"_seopress_robots_primary_cat":"","_seopress_titles_title":"","_seopress_titles_desc":"","_seopress_robots_index":""},"product_brand":[3413],"product_cat":[21,189,200],"product_tag":[],"class_list":{"0":"post-480038","1":"product","2":"type-product","3":"status-publish","4":"has-post-thumbnail","6":"product_brand-crazy","7":"product_cat-abbigliamento","8":"product_cat-abbigliamento-per-il-tempo-libero","9":"product_cat-abbigliamento-da-donna","10":"sws-gruppo-abb-libero-fr","11":"sws-conto-ricavi-merci-rivendita-abbigliamento-fr","12":"sws-gruppo-iva-iva81-fr","14":"first","15":"instock","16":"sale","17":"shipping-taxable","18":"purchasable","19":"product-type-variable"},"_links":{"self":[{"href":"https:\/\/lucacastelli.com\/fr\/wp-json\/wp\/v2\/product\/480038","targetHints":{"allow":["GET"]}}],"collection":[{"href":"https:\/\/lucacastelli.com\/fr\/wp-json\/wp\/v2\/product"}],"about":[{"href":"https:\/\/lucacastelli.com\/fr\/wp-json\/wp\/v2\/types\/product"}],"wp:featuredmedia":[{"embeddable":true,"href":"https:\/\/lucacastelli.com\/fr\/wp-json\/wp\/v2\/media\/403508"}],"wp:attachment":[{"href":"https:\/\/lucacastelli.com\/fr\/wp-json\/wp\/v2\/media?parent=480038"}],"wp:term":[{"taxonomy":"product_brand","embeddable":true,"href":"https:\/\/lucacastelli.com\/fr\/wp-json\/wp\/v2\/product_brand?post=480038"},{"taxonomy":"product_cat","embeddable":true,"href":"https:\/\/lucacastelli.com\/fr\/wp-json\/wp\/v2\/product_cat?post=480038"},{"taxonomy":"product_tag","embeddable":true,"href":"https:\/\/lucacastelli.com\/fr\/wp-json\/wp\/v2\/product_tag?post=480038"}],"curies":[{"name":"wp","href":"https:\/\/api.w.org\/{rel}","templated":true}]}}