{"id":480024,"date":"2025-04-07T16:53:00","date_gmt":"2025-04-07T16:53:00","guid":{"rendered":"https:\/\/lucacastelli.com\/prodotto\/crazy-l-short-kimera\/"},"modified":"2026-04-16T01:01:53","modified_gmt":"2026-04-15T23:01:53","slug":"crazy-l-short-kimera","status":"publish","type":"product","link":"https:\/\/lucacastelli.com\/fr\/produit\/crazy-l-short-kimera\/","title":{"rendered":"CRAZY L\/SHORT KIMERA"},"content":{"rendered":"<p>Le Long Short Kimera incarne parfaitement l&#8217;esprit de la collection lifestyle de Crazy. Il convient aussi bien pour l&#8217;activit\u00e9 en plein air que pour les moments de d\u00e9tente, offrant polyvalence et style en toute situation.<br \/>\nIl est r\u00e9alis\u00e9 en tissu frais et bi-\u00e9lastique.<\/p>\n<p>Performance Cotton, disponible dans une gamme de couleurs vives et super l\u00e9ger, ou en Indigo Jeans Stretch avec les m\u00eames caract\u00e9ristiques. Les deux tissus offrent confort et libert\u00e9 de mouvement. <\/p>\n<p>&nbsp;<\/p>\n<p>&nbsp;<\/p>\n<p>\u2022 Bande \u00e9lastique \u00e0 la taille<br \/>\n\u2022 Inserts de poches avec impressions exclusives<br \/>\n\u2022 Poignet bas de jambe en tissu<br \/>\n\u00e9lastique<br \/>\n\u2022 Logos brod\u00e9s<\/p>\n","protected":false},"excerpt":{"rendered":"<p>Le Long Short Kimera incarne parfaitement l&#8217;esprit de la collection lifestyle de Crazy. Il convient aussi bien pour l&#8217;activit\u00e9 en<\/p>\n","protected":false},"featured_media":403517,"template":"","meta":{"_seopress_robots_primary_cat":"","_seopress_titles_title":"","_seopress_titles_desc":"","_seopress_robots_index":""},"product_brand":[3616],"product_cat":[81,981,1387],"product_tag":[],"class_list":{"0":"post-480024","1":"product","2":"type-product","3":"status-publish","4":"has-post-thumbnail","6":"product_brand-crazy-fr","7":"product_cat-vetements","8":"product_cat-vetements-de-loisirs","9":"product_cat-vetements-pour-femmes","10":"sws-gruppo-abb-libero-fr","11":"sws-conto-ricavi-merci-rivendita-abbigliamento-fr","12":"sws-gruppo-iva-iva81-fr","14":"first","15":"instock","16":"sale","17":"shipping-taxable","18":"purchasable","19":"product-type-variable"},"_links":{"self":[{"href":"https:\/\/lucacastelli.com\/fr\/wp-json\/wp\/v2\/product\/480024","targetHints":{"allow":["GET"]}}],"collection":[{"href":"https:\/\/lucacastelli.com\/fr\/wp-json\/wp\/v2\/product"}],"about":[{"href":"https:\/\/lucacastelli.com\/fr\/wp-json\/wp\/v2\/types\/product"}],"wp:featuredmedia":[{"embeddable":true,"href":"https:\/\/lucacastelli.com\/fr\/wp-json\/wp\/v2\/media\/403517"}],"wp:attachment":[{"href":"https:\/\/lucacastelli.com\/fr\/wp-json\/wp\/v2\/media?parent=480024"}],"wp:term":[{"taxonomy":"product_brand","embeddable":true,"href":"https:\/\/lucacastelli.com\/fr\/wp-json\/wp\/v2\/product_brand?post=480024"},{"taxonomy":"product_cat","embeddable":true,"href":"https:\/\/lucacastelli.com\/fr\/wp-json\/wp\/v2\/product_cat?post=480024"},{"taxonomy":"product_tag","embeddable":true,"href":"https:\/\/lucacastelli.com\/fr\/wp-json\/wp\/v2\/product_tag?post=480024"}],"curies":[{"name":"wp","href":"https:\/\/api.w.org\/{rel}","templated":true}]}}