{"id":479983,"date":"2025-04-07T16:53:00","date_gmt":"2025-04-07T16:53:00","guid":{"rendered":"https:\/\/lucacastelli.com\/prodotto\/crazy-chewing-gum-pull-allure-zip\/"},"modified":"2026-04-16T00:59:30","modified_gmt":"2026-04-15T22:59:30","slug":"crazy-chewing-gum-pull-allure-zip","status":"publish","type":"product","link":"https:\/\/lucacastelli.com\/fr\/produit\/crazy-chewing-gum-pull-allure-zip\/","title":{"rendered":"CRAZY PULL ALLURE ZIP CHEWING GUM"},"content":{"rendered":"<p>CONCEPT<\/p>\n<p>Couche de base demi-zip avec col montant et coupe confortable. R\u00e9alis\u00e9e avec un m\u00e9lange de deux fils diff\u00e9rents : laine et polypropyl\u00e8ne. Ce mix combine les propri\u00e9t\u00e9s isolantes et les performances anti-odeurs de la laine avec la douceur typique du polypropyl\u00e8ne. Les coutures plates contrast\u00e9es et non irritantes assurent un confort maximal et ajoutent des touches de style !   <\/p>\n<p>CARACT\u00c9RISTIQUES<\/p>\n<p>&#8211; Coutures plates contrast\u00e9es et non irritantes<br \/>\n&#8211; M\u00e9lange de laine et polypropyl\u00e8ne<br \/>\n&#8211; Logos r\u00e9fl\u00e9chissants<\/p>\n","protected":false},"excerpt":{"rendered":"<p>CONCEPT Couche de base demi-zip avec col montant et coupe confortable. R\u00e9alis\u00e9e avec un m\u00e9lange de deux fils diff\u00e9rents :<\/p>\n","protected":false},"featured_media":99292,"template":"","meta":{"_seopress_robots_primary_cat":"","_seopress_titles_title":"","_seopress_titles_desc":"","_seopress_robots_index":""},"product_brand":[3616],"product_cat":[81,981,1387],"product_tag":[],"class_list":{"0":"post-479983","1":"product","2":"type-product","3":"status-publish","4":"has-post-thumbnail","6":"product_brand-crazy-fr","7":"product_cat-vetements","8":"product_cat-vetements-de-loisirs","9":"product_cat-vetements-pour-femmes","10":"sws-gruppo-abb-libero-fr","11":"sws-conto-ricavi-merci-rivendita-abbigliamento-fr","12":"sws-gruppo-iva-iva81-fr","14":"first","15":"instock","16":"sale","17":"shipping-taxable","18":"purchasable","19":"product-type-variable"},"_links":{"self":[{"href":"https:\/\/lucacastelli.com\/fr\/wp-json\/wp\/v2\/product\/479983","targetHints":{"allow":["GET"]}}],"collection":[{"href":"https:\/\/lucacastelli.com\/fr\/wp-json\/wp\/v2\/product"}],"about":[{"href":"https:\/\/lucacastelli.com\/fr\/wp-json\/wp\/v2\/types\/product"}],"wp:featuredmedia":[{"embeddable":true,"href":"https:\/\/lucacastelli.com\/fr\/wp-json\/wp\/v2\/media\/99292"}],"wp:attachment":[{"href":"https:\/\/lucacastelli.com\/fr\/wp-json\/wp\/v2\/media?parent=479983"}],"wp:term":[{"taxonomy":"product_brand","embeddable":true,"href":"https:\/\/lucacastelli.com\/fr\/wp-json\/wp\/v2\/product_brand?post=479983"},{"taxonomy":"product_cat","embeddable":true,"href":"https:\/\/lucacastelli.com\/fr\/wp-json\/wp\/v2\/product_cat?post=479983"},{"taxonomy":"product_tag","embeddable":true,"href":"https:\/\/lucacastelli.com\/fr\/wp-json\/wp\/v2\/product_tag?post=479983"}],"curies":[{"name":"wp","href":"https:\/\/api.w.org\/{rel}","templated":true}]}}