{"id":479957,"date":"2025-04-07T16:53:00","date_gmt":"2025-04-07T16:53:00","guid":{"rendered":"https:\/\/lucacastelli.com\/prodotto\/crazy-leggings-mignon-zebre-noir\/"},"modified":"2026-04-16T00:59:51","modified_gmt":"2026-04-15T22:59:51","slug":"crazy-leggings-mignon-zebre-noir","status":"publish","type":"product","link":"https:\/\/lucacastelli.com\/fr\/produit\/crazy-leggings-mignon-zebre-noir\/","title":{"rendered":"CRAZY LEGGINGS CUTE BLACK ZEBRA"},"content":{"rendered":"<p>Nos derniers leggings, incroyablement confortables, \u00e9l\u00e9gants et extensibles !<\/p>\n<p>La diff\u00e9rence radicale r\u00e9side dans l\u2019utilisation d\u2019un tissu aux propri\u00e9t\u00e9s sup\u00e9rieures, con\u00e7u pour le cyclisme de longue distance et donc \u00e9tudi\u00e9 pour maintenir la m\u00eame \u00e9lasticit\u00e9 durablement, m\u00eame en cas de sollicitations continues aux genoux. Il s\u2019agit d\u2019un tissu italien extr\u00eamement extensible, avec une finition tr\u00e8s douce \u00e0 l\u2019int\u00e9rieur et une surface lisse et d\u00e9perlante \u00e0 l\u2019ext\u00e9rieur. <\/p>\n<p>Le mod\u00e8le a \u00e9t\u00e9 \u00e9tudi\u00e9 dans les moindres d\u00e9tails, avec une coupe flatteuse qui convient \u00e0 toutes les morphologies, parfait \u00e0 porter sous une jupe technique ou une veste longue, comme notre Parka Wonder Magic Shell.<\/p>\n<p>La taille haute maintient la zone au chaud ; deux poches cach\u00e9es avec fermeture s\u00e9curis\u00e9e sur les cuisses permettent de ranger votre t\u00e9l\u00e9phone ou tout autre objet de valeur. Disponible avec un imprim\u00e9 z\u00e8bre sur les c\u00f4t\u00e9s ou en couleur unie, avec des coutures assorties aux th\u00e8mes color\u00e9s de la collection. <\/p>\n<p>CARACT\u00c9RISTIQUES<\/p>\n<p>Tissu italien avec finition douce \u00e0 l\u2019int\u00e9rieur et surface ext\u00e9rieure lisse et d\u00e9perlante<br \/>\nDeux poches cach\u00e9es \u00e0 la taille avec fermeture de s\u00e9curit\u00e9<\/p>\n","protected":false},"excerpt":{"rendered":"<p>Nos derniers leggings, incroyablement confortables, \u00e9l\u00e9gants et extensibles ! La diff\u00e9rence radicale r\u00e9side dans l\u2019utilisation d\u2019un tissu aux propri\u00e9t\u00e9s sup\u00e9rieures,<\/p>\n","protected":false},"featured_media":99284,"template":"","meta":{"_seopress_robots_primary_cat":"","_seopress_titles_title":"","_seopress_titles_desc":"","_seopress_robots_index":""},"product_brand":[3616],"product_cat":[81,981,1387],"product_tag":[],"class_list":{"0":"post-479957","1":"product","2":"type-product","3":"status-publish","4":"has-post-thumbnail","6":"product_brand-crazy-fr","7":"product_cat-vetements","8":"product_cat-vetements-de-loisirs","9":"product_cat-vetements-pour-femmes","10":"sws-gruppo-abb-libero-fr","11":"sws-conto-ricavi-merci-rivendita-abbigliamento-fr","12":"sws-gruppo-iva-iva81-fr","14":"first","15":"instock","16":"sale","17":"shipping-taxable","18":"purchasable","19":"product-type-variable"},"_links":{"self":[{"href":"https:\/\/lucacastelli.com\/fr\/wp-json\/wp\/v2\/product\/479957","targetHints":{"allow":["GET"]}}],"collection":[{"href":"https:\/\/lucacastelli.com\/fr\/wp-json\/wp\/v2\/product"}],"about":[{"href":"https:\/\/lucacastelli.com\/fr\/wp-json\/wp\/v2\/types\/product"}],"wp:featuredmedia":[{"embeddable":true,"href":"https:\/\/lucacastelli.com\/fr\/wp-json\/wp\/v2\/media\/99284"}],"wp:attachment":[{"href":"https:\/\/lucacastelli.com\/fr\/wp-json\/wp\/v2\/media?parent=479957"}],"wp:term":[{"taxonomy":"product_brand","embeddable":true,"href":"https:\/\/lucacastelli.com\/fr\/wp-json\/wp\/v2\/product_brand?post=479957"},{"taxonomy":"product_cat","embeddable":true,"href":"https:\/\/lucacastelli.com\/fr\/wp-json\/wp\/v2\/product_cat?post=479957"},{"taxonomy":"product_tag","embeddable":true,"href":"https:\/\/lucacastelli.com\/fr\/wp-json\/wp\/v2\/product_tag?post=479957"}],"curies":[{"name":"wp","href":"https:\/\/api.w.org\/{rel}","templated":true}]}}