{"id":479943,"date":"2025-04-07T16:53:00","date_gmt":"2025-04-07T14:53:00","guid":{"rendered":"https:\/\/lucacastelli.com\/prodotto\/crazy-tirer-libex\/"},"modified":"2026-03-01T00:26:12","modified_gmt":"2026-02-28T23:26:12","slug":"crazy-tirer-libex","status":"publish","type":"product","link":"https:\/\/lucacastelli.com\/fr\/produit\/crazy-tirer-libex\/","title":{"rendered":"CRAZY TIRER L\u2019IBEX"},"content":{"rendered":"<p>L\u00e9ger<br \/>\n, a\u00e9rien et color\u00e9, le bouquetin ajoute la touche Crazy inimitable \u00e0 notre collection Lifestyle. Les versions de couleur unie sont faites de microfibre \u00e0 s\u00e9chage rapide qui garde la peau fra\u00eeche et s\u00e8che ; Ceux avec des motifs imprim\u00e9s sont fabriqu\u00e9s \u00e0 partir d\u2019un tissu en nid d\u2019abeille en polyester \u00e0 faible densit\u00e9 et hautement respirant. La grande capuche est \u00e9quip\u00e9e d\u2019un cordon de serrage interne pour l\u2019ajustement ; Les poignets protecteurs et enveloppants sont dot\u00e9s de passants pour les pouces, tandis que l\u2019ourlet incurv\u00e9 ajoute plus de confort et de style.  <\/p>\n<p>CARACT\u00c9RISTIQUES &#8211;<br \/>\n capuche avec cordon de<br \/>\nserrage &#8211; trous<br \/>\npour les pouces &#8211; microfibre m\u00e9lang\u00e9e au toucher l\u00e9ger<br \/>\n&#8211; coutures plates<br \/>\n&#8211; imprim\u00e9s all-over<\/p>\n","protected":false},"excerpt":{"rendered":"<p>L\u00e9ger , a\u00e9rien et color\u00e9, le bouquetin ajoute la touche Crazy inimitable \u00e0 notre collection Lifestyle. Les versions de couleur<\/p>\n","protected":false},"featured_media":99225,"template":"","meta":{"_seopress_robots_primary_cat":"","_seopress_titles_title":"","_seopress_titles_desc":"","_seopress_robots_index":""},"product_brand":[3616],"product_cat":[81,981,1387],"product_tag":[],"class_list":{"0":"post-479943","1":"product","2":"type-product","3":"status-publish","4":"has-post-thumbnail","6":"product_brand-crazy-fr","7":"product_cat-vetements","8":"product_cat-vetements-de-loisirs","9":"product_cat-vetements-pour-femmes","10":"sws-gruppo-abb-libero-fr","11":"sws-conto-ricavi-merci-rivendita-abbigliamento-fr","12":"sws-gruppo-iva-iva81-fr","14":"first","15":"instock","16":"shipping-taxable","17":"purchasable","18":"product-type-variable"},"_links":{"self":[{"href":"https:\/\/lucacastelli.com\/fr\/wp-json\/wp\/v2\/product\/479943","targetHints":{"allow":["GET"]}}],"collection":[{"href":"https:\/\/lucacastelli.com\/fr\/wp-json\/wp\/v2\/product"}],"about":[{"href":"https:\/\/lucacastelli.com\/fr\/wp-json\/wp\/v2\/types\/product"}],"wp:featuredmedia":[{"embeddable":true,"href":"https:\/\/lucacastelli.com\/fr\/wp-json\/wp\/v2\/media\/99225"}],"wp:attachment":[{"href":"https:\/\/lucacastelli.com\/fr\/wp-json\/wp\/v2\/media?parent=479943"}],"wp:term":[{"taxonomy":"product_brand","embeddable":true,"href":"https:\/\/lucacastelli.com\/fr\/wp-json\/wp\/v2\/product_brand?post=479943"},{"taxonomy":"product_cat","embeddable":true,"href":"https:\/\/lucacastelli.com\/fr\/wp-json\/wp\/v2\/product_cat?post=479943"},{"taxonomy":"product_tag","embeddable":true,"href":"https:\/\/lucacastelli.com\/fr\/wp-json\/wp\/v2\/product_tag?post=479943"}],"curies":[{"name":"wp","href":"https:\/\/api.w.org\/{rel}","templated":true}]}}