{"id":479932,"date":"2024-03-28T13:53:17","date_gmt":"2024-03-28T12:53:17","guid":{"rendered":"https:\/\/lucacastelli.com\/?post_type=product&#038;p=479932"},"modified":"2026-04-15T00:01:58","modified_gmt":"2026-04-14T22:01:58","slug":"crazy-haut-apres","status":"publish","type":"product","link":"https:\/\/lucacastelli.com\/fr\/produit\/crazy-haut-apres\/","title":{"rendered":"CRAZY HAUT APR\u00c8S"},"content":{"rendered":"<p>CONCEPT<br \/>\nLe d\u00e9bardeur After t\u00e9moigne de la capacit\u00e9 de Crazy \u00e0 combiner, dans un m\u00eame v\u00eatement, fonctionnalit\u00e9, style et couleurs. C\u2019est la philosophie de nos v\u00eatements \u00ab Lifestyle \u00bb, une collection con\u00e7ue sp\u00e9cifiquement pour les loisirs. Certaines versions du haut sont fabriqu\u00e9es \u00e0 partir de fils de chanvre a\u00e9r\u00e9s et naturels, tandis que d\u2019autres sont fabriqu\u00e9es \u00e0 partir d\u2019un m\u00e9lange respirant de polyester et de viscose. Le haut pr\u00e9sente une coupe racer \u00e0 l\u2019arri\u00e8re et un ourlet inf\u00e9rieur \u00e9l\u00e9gant et d\u00e9taill\u00e9.   <\/p>\n<p>CARACT\u00c9RISTIQUES-<br \/>\n coupe en biais<br \/>\n&#8211; bretelles et dos brod\u00e9s<br \/>\n&#8211; teintures faites \u00e0 la main (sur certaines versions)<\/p>\n","protected":false},"excerpt":{"rendered":"<p>CONCEPT Le d\u00e9bardeur After t\u00e9moigne de la capacit\u00e9 de Crazy \u00e0 combiner, dans un m\u00eame v\u00eatement, fonctionnalit\u00e9, style et couleurs.<\/p>\n","protected":false},"featured_media":99232,"template":"","meta":{"_seopress_robots_primary_cat":"","_seopress_titles_title":"","_seopress_titles_desc":"","_seopress_robots_index":""},"product_brand":[3616],"product_cat":[81,981,1387],"product_tag":[],"class_list":{"0":"post-479932","1":"product","2":"type-product","3":"status-publish","4":"has-post-thumbnail","6":"product_brand-crazy-fr","7":"product_cat-vetements","8":"product_cat-vetements-de-loisirs","9":"product_cat-vetements-pour-femmes","10":"sws-gruppo-abb-libero-fr","11":"sws-conto-ricavi-merci-rivendita-abbigliamento-fr","12":"sws-gruppo-iva-iva81-fr","14":"first","15":"instock","16":"sale","17":"shipping-taxable","18":"purchasable","19":"product-type-variable"},"_links":{"self":[{"href":"https:\/\/lucacastelli.com\/fr\/wp-json\/wp\/v2\/product\/479932","targetHints":{"allow":["GET"]}}],"collection":[{"href":"https:\/\/lucacastelli.com\/fr\/wp-json\/wp\/v2\/product"}],"about":[{"href":"https:\/\/lucacastelli.com\/fr\/wp-json\/wp\/v2\/types\/product"}],"wp:featuredmedia":[{"embeddable":true,"href":"https:\/\/lucacastelli.com\/fr\/wp-json\/wp\/v2\/media\/99232"}],"wp:attachment":[{"href":"https:\/\/lucacastelli.com\/fr\/wp-json\/wp\/v2\/media?parent=479932"}],"wp:term":[{"taxonomy":"product_brand","embeddable":true,"href":"https:\/\/lucacastelli.com\/fr\/wp-json\/wp\/v2\/product_brand?post=479932"},{"taxonomy":"product_cat","embeddable":true,"href":"https:\/\/lucacastelli.com\/fr\/wp-json\/wp\/v2\/product_cat?post=479932"},{"taxonomy":"product_tag","embeddable":true,"href":"https:\/\/lucacastelli.com\/fr\/wp-json\/wp\/v2\/product_tag?post=479932"}],"curies":[{"name":"wp","href":"https:\/\/api.w.org\/{rel}","templated":true}]}}