{"id":479920,"date":"2025-04-07T16:53:00","date_gmt":"2025-04-07T14:53:00","guid":{"rendered":"https:\/\/lucacastelli.com\/prodotto\/crazy-top-sirio\/"},"modified":"2026-03-01T00:26:12","modified_gmt":"2026-02-28T23:26:12","slug":"crazy-top-sirio","status":"publish","type":"product","link":"https:\/\/lucacastelli.com\/fr\/produit\/crazy-top-sirio\/","title":{"rendered":"CRAZY TOP SIRIO"},"content":{"rendered":"<p>CONCEPT<br \/>\nUn d\u00e9bardeur pour les activit\u00e9s d\u2019altitude ? Oui, c\u2019est possible et c\u2019est fou ! Sirio est le d\u00e9bardeur pour vos aventures en montagne Fast &amp; Light lors des journ\u00e9es les plus chaudes. Plus qu\u2019un d\u00e9bardeur, il s\u2019agit d\u2019un t-shirt technique sans manches, \u00e9lastique et respirant, fabriqu\u00e9 en microfibre J2 et fini avec un traitement rapiddry. Les larges bretelles sont confortables m\u00eame avec un sac \u00e0 dos, ainsi que l\u2019encolure basse, un \u00e9l\u00e9ment de base de tous les v\u00eatements techniques.    <\/p>\n<p>CARACT\u00c9RISTIQUES-<br \/>\n bretelles larges<br \/>\n&#8211; imprim\u00e9s exclusifs<br \/>\n&#8211; encolure avec passepoil de protection<\/p>\n","protected":false},"excerpt":{"rendered":"<p>CONCEPT Un d\u00e9bardeur pour les activit\u00e9s d\u2019altitude ? Oui, c\u2019est possible et c\u2019est fou ! Sirio est le d\u00e9bardeur pour<\/p>\n","protected":false},"featured_media":99217,"template":"","meta":{"_seopress_robots_primary_cat":"","_seopress_titles_title":"","_seopress_titles_desc":"","_seopress_robots_index":""},"product_brand":[3413],"product_cat":[21,189,200],"product_tag":[],"class_list":{"0":"post-479920","1":"product","2":"type-product","3":"status-publish","4":"has-post-thumbnail","6":"product_brand-crazy","7":"product_cat-abbigliamento","8":"product_cat-abbigliamento-per-il-tempo-libero","9":"product_cat-abbigliamento-da-donna","10":"sws-gruppo-abb-libero-fr","11":"sws-conto-ricavi-merci-rivendita-abbigliamento-fr","12":"sws-gruppo-iva-iva81-fr","14":"first","15":"instock","16":"shipping-taxable","17":"purchasable","18":"product-type-variable"},"_links":{"self":[{"href":"https:\/\/lucacastelli.com\/fr\/wp-json\/wp\/v2\/product\/479920","targetHints":{"allow":["GET"]}}],"collection":[{"href":"https:\/\/lucacastelli.com\/fr\/wp-json\/wp\/v2\/product"}],"about":[{"href":"https:\/\/lucacastelli.com\/fr\/wp-json\/wp\/v2\/types\/product"}],"wp:featuredmedia":[{"embeddable":true,"href":"https:\/\/lucacastelli.com\/fr\/wp-json\/wp\/v2\/media\/99217"}],"wp:attachment":[{"href":"https:\/\/lucacastelli.com\/fr\/wp-json\/wp\/v2\/media?parent=479920"}],"wp:term":[{"taxonomy":"product_brand","embeddable":true,"href":"https:\/\/lucacastelli.com\/fr\/wp-json\/wp\/v2\/product_brand?post=479920"},{"taxonomy":"product_cat","embeddable":true,"href":"https:\/\/lucacastelli.com\/fr\/wp-json\/wp\/v2\/product_cat?post=479920"},{"taxonomy":"product_tag","embeddable":true,"href":"https:\/\/lucacastelli.com\/fr\/wp-json\/wp\/v2\/product_tag?post=479920"}],"curies":[{"name":"wp","href":"https:\/\/api.w.org\/{rel}","templated":true}]}}