{"id":479913,"date":"2025-04-07T16:53:00","date_gmt":"2025-04-07T14:53:00","guid":{"rendered":"https:\/\/lucacastelli.com\/prodotto\/crazy-pant-aria-light\/"},"modified":"2026-03-01T00:26:11","modified_gmt":"2026-02-28T23:26:11","slug":"crazy-pant-aria-light","status":"publish","type":"product","link":"https:\/\/lucacastelli.com\/fr\/produit\/crazy-pant-aria-light\/","title":{"rendered":"CRAZY PANT ARIA LIGHT"},"content":{"rendered":"<p>CONCEPT<br \/>\nNotre pi\u00e8ce la plus populaire depuis le d\u00e9but, la premi\u00e8re pi\u00e8ce de la collection Lifestyle de Crazy, maintenant transform\u00e9e en un v\u00eatement embl\u00e9matique.<br \/>\nIl est disponible en diff\u00e9rentes variantes de couleurs, toutes fabriqu\u00e9es en tissu Performance Cotton. La taille est dot\u00e9e d\u2019un cordon de serrage interne pour l\u2019ajustement, tandis que les poches sont finies par des empi\u00e8cements Liberty London, pour une v\u00e9ritable touche mode. L\u2019ouverture de la jambe se caract\u00e9rise par une bande \u00e9lastique qui adh\u00e8re aux chevilles.  <\/p>\n<p>CARACT\u00c9RISTIQUES-<br \/>\n tissu performant en coton indigo<br \/>\n ou en denim- taille<br \/>\n\u00e9lastique confortable &#8211; inserts de poche en Liberty London<br \/>\n&#8211; bande \u00e9lastique \u00e0 l\u2019ouverture des jambes<\/p>\n","protected":false},"excerpt":{"rendered":"<p>CONCEPT Notre pi\u00e8ce la plus populaire depuis le d\u00e9but, la premi\u00e8re pi\u00e8ce de la collection Lifestyle de Crazy, maintenant transform\u00e9e<\/p>\n","protected":false},"featured_media":99039,"template":"","meta":{"_seopress_robots_primary_cat":"","_seopress_titles_title":"","_seopress_titles_desc":"","_seopress_robots_index":""},"product_brand":[3616],"product_cat":[81,981,1387],"product_tag":[],"class_list":{"0":"post-479913","1":"product","2":"type-product","3":"status-publish","4":"has-post-thumbnail","6":"product_brand-crazy-fr","7":"product_cat-vetements","8":"product_cat-vetements-de-loisirs","9":"product_cat-vetements-pour-femmes","10":"sws-gruppo-abb-libero-fr","11":"sws-conto-ricavi-merci-rivendita-abbigliamento-fr","12":"sws-gruppo-iva-iva81-fr","14":"first","15":"instock","16":"shipping-taxable","17":"purchasable","18":"product-type-variable"},"_links":{"self":[{"href":"https:\/\/lucacastelli.com\/fr\/wp-json\/wp\/v2\/product\/479913","targetHints":{"allow":["GET"]}}],"collection":[{"href":"https:\/\/lucacastelli.com\/fr\/wp-json\/wp\/v2\/product"}],"about":[{"href":"https:\/\/lucacastelli.com\/fr\/wp-json\/wp\/v2\/types\/product"}],"wp:featuredmedia":[{"embeddable":true,"href":"https:\/\/lucacastelli.com\/fr\/wp-json\/wp\/v2\/media\/99039"}],"wp:attachment":[{"href":"https:\/\/lucacastelli.com\/fr\/wp-json\/wp\/v2\/media?parent=479913"}],"wp:term":[{"taxonomy":"product_brand","embeddable":true,"href":"https:\/\/lucacastelli.com\/fr\/wp-json\/wp\/v2\/product_brand?post=479913"},{"taxonomy":"product_cat","embeddable":true,"href":"https:\/\/lucacastelli.com\/fr\/wp-json\/wp\/v2\/product_cat?post=479913"},{"taxonomy":"product_tag","embeddable":true,"href":"https:\/\/lucacastelli.com\/fr\/wp-json\/wp\/v2\/product_tag?post=479913"}],"curies":[{"name":"wp","href":"https:\/\/api.w.org\/{rel}","templated":true}]}}