{"id":479896,"date":"2025-04-07T16:53:00","date_gmt":"2025-04-07T14:53:00","guid":{"rendered":"https:\/\/lucacastelli.com\/prodotto\/crazy-t-shirt-alpinstar\/"},"modified":"2026-03-01T00:26:11","modified_gmt":"2026-02-28T23:26:11","slug":"crazy-t-shirt-alpinstar","status":"publish","type":"product","link":"https:\/\/lucacastelli.com\/fr\/produit\/crazy-t-shirt-alpinstar\/","title":{"rendered":"CRAZY T-SHIRT ALPINSTAR"},"content":{"rendered":"<p>CONCEPT<\/p>\n<p>T-shirt \u00e0 la coupe d\u00e9contract\u00e9e, avec une construction asym\u00e9trique \u00ab&nbsp;twist&nbsp;\u00bb et des manches aux couleurs contrast\u00e9es. Les variantes de couleurs de ce mod\u00e8le et tous les inserts imprim\u00e9s sont en polyester nid d\u2019abeille basse densit\u00e9, tandis que le tissu J2, une microfibre l\u00e9g\u00e8re, a\u00e9r\u00e9e et \u00e0 s\u00e9chage rapide, a \u00e9t\u00e9 utilis\u00e9 pour la livr\u00e9e \u00ab&nbsp;ray\u00e9e&nbsp;\u00bb de certaines variantes et inserts. L\u2019encolure est douce et l\u00e9g\u00e8re, adapt\u00e9e aux applications techniques.  <\/p>\n<p>CARACT\u00c9RISTIQUES<br \/>\n &#8211; Construction \u00ab&nbsp;Twist<br \/>\n&nbsp;\u00bb &#8211; imprim\u00e9s exclusifs<br \/>\n&#8211; encolure avec passepoil de protection<\/p>\n","protected":false},"excerpt":{"rendered":"<p>CONCEPT T-shirt \u00e0 la coupe d\u00e9contract\u00e9e, avec une construction asym\u00e9trique \u00ab&nbsp;twist&nbsp;\u00bb et des manches aux couleurs contrast\u00e9es. Les variantes de<\/p>\n","protected":false},"featured_media":0,"template":"","meta":{"_seopress_robots_primary_cat":"","_seopress_titles_title":"","_seopress_titles_desc":"","_seopress_robots_index":""},"product_brand":[3616],"product_cat":[81,981,1387],"product_tag":[],"class_list":{"0":"post-479896","1":"product","2":"type-product","3":"status-publish","5":"product_brand-crazy-fr","6":"product_cat-vetements","7":"product_cat-vetements-de-loisirs","8":"product_cat-vetements-pour-femmes","9":"sws-gruppo-abb-libero-fr","10":"sws-conto-ricavi-merci-rivendita-abbigliamento-fr","11":"sws-gruppo-iva-iva81-fr","13":"first","14":"instock","15":"shipping-taxable","16":"purchasable","17":"product-type-variable"},"_links":{"self":[{"href":"https:\/\/lucacastelli.com\/fr\/wp-json\/wp\/v2\/product\/479896","targetHints":{"allow":["GET"]}}],"collection":[{"href":"https:\/\/lucacastelli.com\/fr\/wp-json\/wp\/v2\/product"}],"about":[{"href":"https:\/\/lucacastelli.com\/fr\/wp-json\/wp\/v2\/types\/product"}],"wp:attachment":[{"href":"https:\/\/lucacastelli.com\/fr\/wp-json\/wp\/v2\/media?parent=479896"}],"wp:term":[{"taxonomy":"product_brand","embeddable":true,"href":"https:\/\/lucacastelli.com\/fr\/wp-json\/wp\/v2\/product_brand?post=479896"},{"taxonomy":"product_cat","embeddable":true,"href":"https:\/\/lucacastelli.com\/fr\/wp-json\/wp\/v2\/product_cat?post=479896"},{"taxonomy":"product_tag","embeddable":true,"href":"https:\/\/lucacastelli.com\/fr\/wp-json\/wp\/v2\/product_tag?post=479896"}],"curies":[{"name":"wp","href":"https:\/\/api.w.org\/{rel}","templated":true}]}}