{"id":479889,"date":"2025-04-07T16:53:00","date_gmt":"2025-04-07T14:53:00","guid":{"rendered":"https:\/\/lucacastelli.com\/prodotto\/crazy-pant-7\/"},"modified":"2026-03-01T00:26:15","modified_gmt":"2026-02-28T23:26:15","slug":"crazy-pant-7","status":"publish","type":"product","link":"https:\/\/lucacastelli.com\/fr\/produit\/crazy-pant-7\/","title":{"rendered":"CRAZY PANT"},"content":{"rendered":"<p>Crazy Exit Light Pant : pantalon de randonn\u00e9e pour femme au design tr\u00e8s simple, essentiel et f\u00e9minin. Doux, durables et durables, ils sont parfaits pour les randonn\u00e9es moins exigeantes, de faible intensit\u00e9, l\u00e9g\u00e8res et confortables. <\/p>\n<p>Tissu en toile bi-\u00e9lastique frais avec traitement DWR hydrofuge \u00c9l\u00e9ments r\u00e9fl\u00e9chissants<\/p>\n<p>Ceinture \u00e9lastique 2<br \/>\npoches lat\u00e9rales<br \/>\nen bas de jambe avec poignets<\/p>\n","protected":false},"excerpt":{"rendered":"<p>Crazy Exit Light Pant : pantalon de randonn\u00e9e pour femme au design tr\u00e8s simple, essentiel et f\u00e9minin. Doux, durables et<\/p>\n","protected":false},"featured_media":99019,"template":"","meta":{"_seopress_robots_primary_cat":"","_seopress_titles_title":"","_seopress_titles_desc":"","_seopress_robots_index":""},"product_brand":[3413],"product_cat":[21,189,200],"product_tag":[],"class_list":{"0":"post-479889","1":"product","2":"type-product","3":"status-publish","4":"has-post-thumbnail","6":"product_brand-crazy","7":"product_cat-abbigliamento","8":"product_cat-abbigliamento-per-il-tempo-libero","9":"product_cat-abbigliamento-da-donna","10":"sws-gruppo-abb-libero-fr","11":"sws-conto-ricavi-merci-rivendita-abbigliamento-fr","12":"sws-gruppo-iva-iva81-fr","14":"first","15":"instock","16":"shipping-taxable","17":"purchasable","18":"product-type-variable"},"_links":{"self":[{"href":"https:\/\/lucacastelli.com\/fr\/wp-json\/wp\/v2\/product\/479889","targetHints":{"allow":["GET"]}}],"collection":[{"href":"https:\/\/lucacastelli.com\/fr\/wp-json\/wp\/v2\/product"}],"about":[{"href":"https:\/\/lucacastelli.com\/fr\/wp-json\/wp\/v2\/types\/product"}],"wp:featuredmedia":[{"embeddable":true,"href":"https:\/\/lucacastelli.com\/fr\/wp-json\/wp\/v2\/media\/99019"}],"wp:attachment":[{"href":"https:\/\/lucacastelli.com\/fr\/wp-json\/wp\/v2\/media?parent=479889"}],"wp:term":[{"taxonomy":"product_brand","embeddable":true,"href":"https:\/\/lucacastelli.com\/fr\/wp-json\/wp\/v2\/product_brand?post=479889"},{"taxonomy":"product_cat","embeddable":true,"href":"https:\/\/lucacastelli.com\/fr\/wp-json\/wp\/v2\/product_cat?post=479889"},{"taxonomy":"product_tag","embeddable":true,"href":"https:\/\/lucacastelli.com\/fr\/wp-json\/wp\/v2\/product_tag?post=479889"}],"curies":[{"name":"wp","href":"https:\/\/api.w.org\/{rel}","templated":true}]}}