{"id":479881,"date":"2025-04-07T16:53:00","date_gmt":"2025-04-07T14:53:00","guid":{"rendered":"https:\/\/lucacastelli.com\/prodotto\/crazy-pant-6\/"},"modified":"2026-03-01T00:26:15","modified_gmt":"2026-02-28T23:26:15","slug":"crazy-pant-6","status":"publish","type":"product","link":"https:\/\/lucacastelli.com\/fr\/produit\/crazy-pant-6\/","title":{"rendered":"CRAZY PANT"},"content":{"rendered":"<p>Pantalon iconique de la collection lifestyle femme Crazy, n\u00e9 comme un v\u00eatement d\u2019escalade, il est de plus en plus utilis\u00e9 pour les loisirs tant pour son confort que pour son look gagnant. Produit dans diff\u00e9rents tissus selon la variante de couleur&nbsp;; du coton extensible durable aux jeans et m\u00eame \u00e0 un tissu chaud \u00e0 effet laine. La ceinture est r\u00e9glable \u00e0 l\u2019aide d\u2019un cordon de serrage interne, les poches sont orn\u00e9es de motifs brod\u00e9s, le bas de la jambe est dot\u00e9 d\u2019un poignet \u00e9lastique, les d\u00e9tails du logo et quelques coutures de couleurs contrast\u00e9es le rendent accrocheur.  <\/p>\n<p>Ceinture<br \/>\nr\u00e9glable confortable avec cordon de serrage Pinces aux jambes avec ajustement \u00e9lastique aux<br \/>\npoignets et confort de loisirs<\/p>\n","protected":false},"excerpt":{"rendered":"<p>Pantalon iconique de la collection lifestyle femme Crazy, n\u00e9 comme un v\u00eatement d\u2019escalade, il est de plus en plus utilis\u00e9<\/p>\n","protected":false},"featured_media":98511,"template":"","meta":{"_seopress_robots_primary_cat":"","_seopress_titles_title":"","_seopress_titles_desc":"","_seopress_robots_index":""},"product_brand":[3413],"product_cat":[21,189,200],"product_tag":[],"class_list":{"0":"post-479881","1":"product","2":"type-product","3":"status-publish","4":"has-post-thumbnail","6":"product_brand-crazy","7":"product_cat-abbigliamento","8":"product_cat-abbigliamento-per-il-tempo-libero","9":"product_cat-abbigliamento-da-donna","10":"sws-gruppo-abb-libero-fr","11":"sws-conto-ricavi-merci-rivendita-abbigliamento-fr","12":"sws-gruppo-iva-iva81-fr","14":"first","15":"instock","16":"shipping-taxable","17":"purchasable","18":"product-type-variable"},"_links":{"self":[{"href":"https:\/\/lucacastelli.com\/fr\/wp-json\/wp\/v2\/product\/479881","targetHints":{"allow":["GET"]}}],"collection":[{"href":"https:\/\/lucacastelli.com\/fr\/wp-json\/wp\/v2\/product"}],"about":[{"href":"https:\/\/lucacastelli.com\/fr\/wp-json\/wp\/v2\/types\/product"}],"wp:featuredmedia":[{"embeddable":true,"href":"https:\/\/lucacastelli.com\/fr\/wp-json\/wp\/v2\/media\/98511"}],"wp:attachment":[{"href":"https:\/\/lucacastelli.com\/fr\/wp-json\/wp\/v2\/media?parent=479881"}],"wp:term":[{"taxonomy":"product_brand","embeddable":true,"href":"https:\/\/lucacastelli.com\/fr\/wp-json\/wp\/v2\/product_brand?post=479881"},{"taxonomy":"product_cat","embeddable":true,"href":"https:\/\/lucacastelli.com\/fr\/wp-json\/wp\/v2\/product_cat?post=479881"},{"taxonomy":"product_tag","embeddable":true,"href":"https:\/\/lucacastelli.com\/fr\/wp-json\/wp\/v2\/product_tag?post=479881"}],"curies":[{"name":"wp","href":"https:\/\/api.w.org\/{rel}","templated":true}]}}