{"id":479861,"date":"2025-04-07T17:06:00","date_gmt":"2025-04-07T17:06:00","guid":{"rendered":"https:\/\/lucacastelli.com\/prodotto\/crazy-pull-exit-extrafleece-2\/"},"modified":"2026-04-16T01:23:38","modified_gmt":"2026-04-15T23:23:38","slug":"crazy-pull-exit-extrafleece-2","status":"publish","type":"product","link":"https:\/\/lucacastelli.com\/fr\/produit\/crazy-pull-exit-extrafleece-2\/","title":{"rendered":"CRAZY PULL EXIT EXTRAFLEECE"},"content":{"rendered":"<p>Pull hybride doux et chaud, indispensable pour les promenades en plein air lorsque l\u2019air frais n\u00e9cessite de se couvrir avec un v\u00eatement tr\u00e8s respirant. Son aspect \u00ab citadin \u00bb est trompeur : une grande partie du produit est en fourrure Fluffy chaude et douce, mais l\u2019int\u00e9rieur des manches, les dessous de bras et le bord inf\u00e9rieur sont en polaire technique HP, utilis\u00e9e pour de nombreux mod\u00e8les de la collection de montagne.<br \/>\nLe zip frontal est int\u00e9gral, les poches repose-mains ont un bord \u00e9lastique et la nouvelle version est agr\u00e9ment\u00e9e de coutures plates de couleur contrast\u00e9e. <\/p>\n<p>\u2022 pull hybride en fourrure douce et tissu technique<br \/>\n\u2022 col haut protecteur<br \/>\n\u2022 zip frontal int\u00e9gral<br \/>\n\u2022 poches repose-mains avec bord \u00e9lastique<br \/>\n\u2022 coutures plates de couleur contrast\u00e9e<\/p>\n","protected":false},"excerpt":{"rendered":"<p>Pull hybride doux et chaud, indispensable pour les promenades en plein air lorsque l\u2019air frais n\u00e9cessite de se couvrir avec<\/p>\n","protected":false},"featured_media":98814,"template":"","meta":{"_seopress_robots_primary_cat":"none","_seopress_titles_title":"","_seopress_titles_desc":"","_seopress_robots_index":""},"product_brand":[3616],"product_cat":[81,981,1387],"product_tag":[],"class_list":{"0":"post-479861","1":"product","2":"type-product","3":"status-publish","4":"has-post-thumbnail","6":"product_brand-crazy-fr","7":"product_cat-vetements","8":"product_cat-vetements-de-loisirs","9":"product_cat-vetements-pour-femmes","10":"sws-gruppo-abb-libero-fr","11":"sws-conto-ricavi-merci-rivendita-abbigliamento-fr","12":"sws-gruppo-iva-iva81-fr","14":"first","15":"instock","16":"sale","17":"shipping-taxable","18":"purchasable","19":"product-type-variable"},"_links":{"self":[{"href":"https:\/\/lucacastelli.com\/fr\/wp-json\/wp\/v2\/product\/479861","targetHints":{"allow":["GET"]}}],"collection":[{"href":"https:\/\/lucacastelli.com\/fr\/wp-json\/wp\/v2\/product"}],"about":[{"href":"https:\/\/lucacastelli.com\/fr\/wp-json\/wp\/v2\/types\/product"}],"wp:featuredmedia":[{"embeddable":true,"href":"https:\/\/lucacastelli.com\/fr\/wp-json\/wp\/v2\/media\/98814"}],"wp:attachment":[{"href":"https:\/\/lucacastelli.com\/fr\/wp-json\/wp\/v2\/media?parent=479861"}],"wp:term":[{"taxonomy":"product_brand","embeddable":true,"href":"https:\/\/lucacastelli.com\/fr\/wp-json\/wp\/v2\/product_brand?post=479861"},{"taxonomy":"product_cat","embeddable":true,"href":"https:\/\/lucacastelli.com\/fr\/wp-json\/wp\/v2\/product_cat?post=479861"},{"taxonomy":"product_tag","embeddable":true,"href":"https:\/\/lucacastelli.com\/fr\/wp-json\/wp\/v2\/product_tag?post=479861"}],"curies":[{"name":"wp","href":"https:\/\/api.w.org\/{rel}","templated":true}]}}